{"id":45,"date":"2015-04-19T06:40:45","date_gmt":"2015-04-19T04:40:45","guid":{"rendered":"http:\/\/www.mierzeja-relax.pl\/amor\/?page_id=45"},"modified":"2023-07-17T20:43:23","modified_gmt":"2023-07-17T18:43:23","slug":"rezerwacje","status":"publish","type":"page","link":"https:\/\/www.mierzeja-relax.pl\/amor\/rezerwacje\/","title":{"rendered":"Rezerwacja na zapytanie"},"content":{"rendered":"<div class=\"wpb-content-wrapper\"><p>[vc_row][vc_column css=&#8221;.vc_custom_1689619123820{margin-bottom: 20px !important;border-bottom-width: 20px !important;padding-top: 20px !important;background-color: rgba(255,255,255,0.8) !important;*background-color: rgb(255,255,255) !important;}&#8221;][vc_column_text]<\/p>\n<h3 style=\"text-align: center;\"><strong>Prosimy o rezerwacj\u0119 online,<br \/>\nw przypadkach niestandardowych mo\u017cna r\u00f3wnie\u017c skorzysta\u0107 z dodatkowego formularza zapytania.<\/strong><\/h3>\n<p>[\/vc_column_text]<style type=\"text\/css\" data-type=\"the7_shortcodes-inline-css\">#default-btn-5081c6c3c9bc0bf4df0629d6b757fb5d.ico-right-side > i {\n  margin-right: 0px;\n  margin-left: 8px;\n}\n#default-btn-5081c6c3c9bc0bf4df0629d6b757fb5d > i {\n  margin-right: 8px;\n}<\/style><div class=\"btn-align-center\"><a href=\"title:ra-search-engine\" class=\"default-btn-shortcode dt-btn dt-btn-l link-hover-off ra-reservation-form-button \" id=\"default-btn-5081c6c3c9bc0bf4df0629d6b757fb5d\"><span>Rezerwacja online<\/span><\/a><\/div>[\/vc_column][\/vc_row][vc_row][vc_column][vc_column_text]<\/p>\n<h3><strong>Formularz zapytania<\/strong><\/h3>\n<p>[\/vc_column_text]\n<div class=\"wpcf7 no-js\" id=\"wpcf7-f5-o1\" lang=\"pl-PL\" dir=\"ltr\" data-wpcf7-id=\"5\">\n<div class=\"screen-reader-response\"><p role=\"status\" aria-live=\"polite\" aria-atomic=\"true\"><\/p> <ul><\/ul><\/div>\n<form action=\"\/amor\/wp-json\/wp\/v2\/pages\/45#wpcf7-f5-o1\" method=\"post\" class=\"wpcf7-form init\" aria-label=\"Formularz kontaktowy\" novalidate=\"novalidate\" data-status=\"init\">\n<fieldset class=\"hidden-fields-container\"><input type=\"hidden\" name=\"_wpcf7\" value=\"5\" \/><input type=\"hidden\" name=\"_wpcf7_version\" value=\"6.1.5\" \/><input type=\"hidden\" name=\"_wpcf7_locale\" value=\"pl_PL\" \/><input type=\"hidden\" name=\"_wpcf7_unit_tag\" value=\"wpcf7-f5-o1\" \/><input type=\"hidden\" name=\"_wpcf7_container_post\" value=\"0\" \/><input type=\"hidden\" name=\"_wpcf7_posted_data_hash\" value=\"\" \/>\n<\/fieldset>\n<p>Imi\u0119 i nazwisko (wymagane)\n<\/p>\n<p><span class=\"wpcf7-form-control-wrap\" data-name=\"your-name\"><input size=\"40\" maxlength=\"400\" class=\"wpcf7-form-control wpcf7-text wpcf7-validates-as-required\" aria-required=\"true\" aria-invalid=\"false\" value=\"\" type=\"text\" name=\"your-name\" \/><\/span>\n<\/p>\n<p>Adres email (wymagane)\n<\/p>\n<p><span class=\"wpcf7-form-control-wrap\" data-name=\"your-email\"><input size=\"40\" maxlength=\"400\" class=\"wpcf7-form-control wpcf7-email wpcf7-validates-as-required wpcf7-text wpcf7-validates-as-email\" aria-required=\"true\" aria-invalid=\"false\" value=\"\" type=\"email\" name=\"your-email\" \/><\/span>\n<\/p>\n<p>Temat\n<\/p>\n<p><span class=\"wpcf7-form-control-wrap\" data-name=\"your-subject\"><input size=\"40\" maxlength=\"400\" class=\"wpcf7-form-control wpcf7-text\" aria-invalid=\"false\" value=\"\" type=\"text\" name=\"your-subject\" \/><\/span>\n<\/p>\n<p>Wybierz pok\u00f3j<br \/>\n<span class=\"wpcf7-form-control-wrap\" data-name=\"menu-818\"><select class=\"wpcf7-form-control wpcf7-select\" aria-invalid=\"false\" name=\"menu-818\"><option value=\"Apartament Koralowy\">Apartament Koralowy<\/option><option value=\"Cytrynowy\">Cytrynowy<\/option><option value=\"Mi\u0119towy\">Mi\u0119towy<\/option><option value=\"Rozmarynowy\">Rozmarynowy<\/option><option value=\"Agrestowy\">Agrestowy<\/option><option value=\"Waniliowy\">Waniliowy<\/option><option value=\"S\u0142omkowy\">S\u0142omkowy<\/option><option value=\"Lipowy\">Lipowy<\/option><option value=\"Any\u017cowy\">Any\u017cowy<\/option><option value=\"Poziomkowy\">Poziomkowy<\/option><option value=\"Malinowy\">Malinowy<\/option><\/select><\/span>\n<\/p>\n<p>Od\n<\/p>\n<p\/><br \/>\n<span class=\"wpcf7-form-control-wrap\" data-name=\"date-343\"><input class=\"wpcf7-form-control wpcf7-date wpcf7-validates-as-required wpcf7-validates-as-date\" aria-required=\"true\" aria-invalid=\"false\" value=\"\" type=\"date\" name=\"date-343\" \/><\/span>\n<\/p>\n<p>Do\n<\/p>\n<p\/><br \/>\n<span class=\"wpcf7-form-control-wrap\" data-name=\"date-76\"><input class=\"wpcf7-form-control wpcf7-date wpcf7-validates-as-date\" aria-invalid=\"false\" value=\"\" type=\"date\" name=\"date-76\" \/><\/span>\n<\/p>\n<p>Ilo\u015b\u0107 os\u00f3b\n<\/p>\n<p><span class=\"wpcf7-form-control-wrap\" data-name=\"menu-488\"><select class=\"wpcf7-form-control wpcf7-select wpcf7-validates-as-required\" aria-required=\"true\" aria-invalid=\"false\" name=\"menu-488\"><option value=\"1\">1<\/option><option value=\"2\">2<\/option><option value=\"3\">3<\/option><option value=\"4\">4<\/option><option value=\"5\">5<\/option><option value=\"6\">6<\/option><option value=\"7\">7<\/option><option value=\"8\">8<\/option><\/select><\/span>\n<\/p>\n<p>Pobyt<br \/>\n<span class=\"wpcf7-form-control-wrap\" data-name=\"checkbox-565\"><span class=\"wpcf7-form-control wpcf7-checkbox wpcf7-validates-as-required\"><span class=\"wpcf7-list-item first\"><input type=\"checkbox\" name=\"checkbox-565[]\" value=\"Tydzien\" \/><span class=\"wpcf7-list-item-label\">Tydzien<\/span><\/span><span class=\"wpcf7-list-item\"><input type=\"checkbox\" name=\"checkbox-565[]\" value=\"Dwa tygodnie\" \/><span class=\"wpcf7-list-item-label\">Dwa tygodnie<\/span><\/span><span class=\"wpcf7-list-item last\"><input type=\"checkbox\" name=\"checkbox-565[]\" value=\"Inne\" \/><span class=\"wpcf7-list-item-label\">Inne<\/span><\/span><\/span><\/span>\n<\/p>\n<p>Tre\u015b\u0107 wiadomo\u015bci\n<\/p>\n<p><span class=\"wpcf7-form-control-wrap\" data-name=\"your-message\"><textarea cols=\"40\" rows=\"10\" maxlength=\"2000\" class=\"wpcf7-form-control wpcf7-textarea\" aria-invalid=\"false\" name=\"your-message\"><\/textarea><\/span>\n<\/p>\n<p>Opcje dodatkowe<br \/>\n<span class=\"wpcf7-form-control-wrap\" data-name=\"checkbox-487\"><span class=\"wpcf7-form-control wpcf7-checkbox\"><span class=\"wpcf7-list-item first\"><input type=\"checkbox\" name=\"checkbox-487[]\" value=\"Faktura\" \/><span class=\"wpcf7-list-item-label\">Faktura<\/span><\/span><span class=\"wpcf7-list-item\"><input type=\"checkbox\" name=\"checkbox-487[]\" value=\"\u0141\u00f3\u017ceczko dziecinne\" \/><span class=\"wpcf7-list-item-label\">\u0141\u00f3\u017ceczko dziecinne<\/span><\/span><span class=\"wpcf7-list-item last\"><input type=\"checkbox\" name=\"checkbox-487[]\" value=\"Przyjazd w godzinach nocnych lub wczesniejszych\" \/><span class=\"wpcf7-list-item-label\">Przyjazd w godzinach nocnych lub wczesniejszych<\/span><\/span><\/span><\/span>\n<\/p>\n<p>Dane do faktury<br \/>\n<span class=\"wpcf7-form-control-wrap\" data-name=\"textarea-562\"><textarea cols=\"40\" rows=\"10\" maxlength=\"2000\" class=\"wpcf7-form-control wpcf7-textarea\" aria-invalid=\"false\" name=\"textarea-562\"><\/textarea><\/span>\n<\/p>\n<p><input class=\"wpcf7-form-control wpcf7-submit has-spinner\" id=\"Wylij\" type=\"submit\" value=\"Wy\u015blij\" \/>\n<\/p><div class=\"wpcf7-response-output\" aria-hidden=\"true\"><\/div>\n<\/form>\n<\/div>\n[\/vc_column][\/vc_row]<\/p>\n<\/div>","protected":false},"excerpt":{"rendered":"<p>[vc_row][vc_column css=&#8221;.vc_custom_1689619123820{margin-bottom: 20px !important;border-bottom-width: 20px !important;padding-top: 20px !important;background-color: rgba(255,255,255,0.8) !important;*background-color: rgb(255,255,255) !important;}&#8221;][vc_column_text] Prosimy o rezerwacj\u0119 online, w przypadkach niestandardowych mo\u017cna r\u00f3wnie\u017c skorzysta\u0107 z dodatkowego formularza zapytania. [\/vc_column_text][\/vc_column][\/vc_row][vc_row][vc_column][vc_column_text] Formularz zapytania [\/vc_column_text][\/vc_column][\/vc_row]<\/p>\n","protected":false},"author":1,"featured_media":0,"parent":0,"menu_order":0,"comment_status":"closed","ping_status":"closed","template":"","meta":{"footnotes":""},"class_list":["post-45","page","type-page","status-publish","hentry","description-off"],"yoast_head":"<!-- This site is optimized with the Yoast SEO plugin v27.4 - https:\/\/yoast.com\/product\/yoast-seo-wordpress\/ -->\n<title>Rezerwacja na zapytanie - WILLA AMOR - WAKACJE W KRYNICY<\/title>\n<meta name=\"description\" content=\"Willa Amor - Krynica Morska. Rezerwacje na zapytanie. Zaplanuj sw\u00f3j wypoczynek nad morzem\/\" \/>\n<meta name=\"robots\" content=\"noindex, follow\" \/>\n<meta property=\"og:locale\" content=\"pl_PL\" \/>\n<meta property=\"og:type\" content=\"article\" \/>\n<meta property=\"og:title\" content=\"Rezerwacja na zapytanie - WILLA AMOR - WAKACJE W KRYNICY\" \/>\n<meta property=\"og:description\" content=\"Willa Amor - Krynica Morska. Rezerwacje na zapytanie. Zaplanuj sw\u00f3j wypoczynek nad morzem\/\" \/>\n<meta property=\"og:url\" content=\"https:\/\/www.mierzeja-relax.pl\/amor\/rezerwacje\/\" \/>\n<meta property=\"og:site_name\" content=\"WILLA AMOR - WAKACJE W KRYNICY\" \/>\n<meta property=\"article:publisher\" content=\"https:\/\/www.facebook.com\/KrynicaMorska.WillaAmor\" \/>\n<meta property=\"article:modified_time\" content=\"2023-07-17T18:43:23+00:00\" \/>\n<meta name=\"twitter:card\" content=\"summary_large_image\" \/>\n<script type=\"application\/ld+json\" class=\"yoast-schema-graph\">{\"@context\":\"https:\\\/\\\/schema.org\",\"@graph\":[{\"@type\":\"WebPage\",\"@id\":\"https:\\\/\\\/www.mierzeja-relax.pl\\\/amor\\\/rezerwacje\\\/\",\"url\":\"https:\\\/\\\/www.mierzeja-relax.pl\\\/amor\\\/rezerwacje\\\/\",\"name\":\"Rezerwacja na zapytanie - WILLA AMOR - WAKACJE W KRYNICY\",\"isPartOf\":{\"@id\":\"https:\\\/\\\/www.mierzeja-relax.pl\\\/amor\\\/#website\"},\"datePublished\":\"2015-04-19T04:40:45+00:00\",\"dateModified\":\"2023-07-17T18:43:23+00:00\",\"description\":\"Willa Amor - Krynica Morska. Rezerwacje na zapytanie. Zaplanuj sw\u00f3j wypoczynek nad morzem\\\/\",\"breadcrumb\":{\"@id\":\"https:\\\/\\\/www.mierzeja-relax.pl\\\/amor\\\/rezerwacje\\\/#breadcrumb\"},\"inLanguage\":\"pl-PL\",\"potentialAction\":[{\"@type\":\"ReadAction\",\"target\":[\"https:\\\/\\\/www.mierzeja-relax.pl\\\/amor\\\/rezerwacje\\\/\"]}]},{\"@type\":\"BreadcrumbList\",\"@id\":\"https:\\\/\\\/www.mierzeja-relax.pl\\\/amor\\\/rezerwacje\\\/#breadcrumb\",\"itemListElement\":[{\"@type\":\"ListItem\",\"position\":1,\"name\":\"Strona g\u0142\u00f3wna\",\"item\":\"https:\\\/\\\/www.mierzeja-relax.pl\\\/amor\\\/\"},{\"@type\":\"ListItem\",\"position\":2,\"name\":\"Rezerwacja na zapytanie\"}]},{\"@type\":\"WebSite\",\"@id\":\"https:\\\/\\\/www.mierzeja-relax.pl\\\/amor\\\/#website\",\"url\":\"https:\\\/\\\/www.mierzeja-relax.pl\\\/amor\\\/\",\"name\":\"WILLA AMOR - WAKACJE W KRYNICY\",\"description\":\"Krynica morska\",\"publisher\":{\"@id\":\"https:\\\/\\\/www.mierzeja-relax.pl\\\/amor\\\/#organization\"},\"potentialAction\":[{\"@type\":\"SearchAction\",\"target\":{\"@type\":\"EntryPoint\",\"urlTemplate\":\"https:\\\/\\\/www.mierzeja-relax.pl\\\/amor\\\/?s={search_term_string}\"},\"query-input\":{\"@type\":\"PropertyValueSpecification\",\"valueRequired\":true,\"valueName\":\"search_term_string\"}}],\"inLanguage\":\"pl-PL\"},{\"@type\":\"Organization\",\"@id\":\"https:\\\/\\\/www.mierzeja-relax.pl\\\/amor\\\/#organization\",\"name\":\"Pensjonat Willa Amor Krynica Morska\",\"url\":\"https:\\\/\\\/www.mierzeja-relax.pl\\\/amor\\\/\",\"logo\":{\"@type\":\"ImageObject\",\"inLanguage\":\"pl-PL\",\"@id\":\"https:\\\/\\\/www.mierzeja-relax.pl\\\/amor\\\/#\\\/schema\\\/logo\\\/image\\\/\",\"url\":\"https:\\\/\\\/www.mierzeja-relax.pl\\\/amor\\\/wp-content\\\/uploads\\\/2015\\\/05\\\/ikon.png\",\"contentUrl\":\"https:\\\/\\\/www.mierzeja-relax.pl\\\/amor\\\/wp-content\\\/uploads\\\/2015\\\/05\\\/ikon.png\",\"width\":98,\"height\":60,\"caption\":\"Pensjonat Willa Amor Krynica Morska\"},\"image\":{\"@id\":\"https:\\\/\\\/www.mierzeja-relax.pl\\\/amor\\\/#\\\/schema\\\/logo\\\/image\\\/\"},\"sameAs\":[\"https:\\\/\\\/www.facebook.com\\\/KrynicaMorska.WillaAmor\",\"https:\\\/\\\/www.youtube.com\\\/channel\\\/UCNevbrKJX-2F1-_Hi8nxKCg\"]}]}<\/script>\n<!-- \/ Yoast SEO plugin. -->","yoast_head_json":{"title":"Rezerwacja na zapytanie - WILLA AMOR - WAKACJE W KRYNICY","description":"Willa Amor - Krynica Morska. Rezerwacje na zapytanie. Zaplanuj sw\u00f3j wypoczynek nad morzem\/","robots":{"index":"noindex","follow":"follow"},"og_locale":"pl_PL","og_type":"article","og_title":"Rezerwacja na zapytanie - WILLA AMOR - WAKACJE W KRYNICY","og_description":"Willa Amor - Krynica Morska. Rezerwacje na zapytanie. Zaplanuj sw\u00f3j wypoczynek nad morzem\/","og_url":"https:\/\/www.mierzeja-relax.pl\/amor\/rezerwacje\/","og_site_name":"WILLA AMOR - WAKACJE W KRYNICY","article_publisher":"https:\/\/www.facebook.com\/KrynicaMorska.WillaAmor","article_modified_time":"2023-07-17T18:43:23+00:00","twitter_card":"summary_large_image","schema":{"@context":"https:\/\/schema.org","@graph":[{"@type":"WebPage","@id":"https:\/\/www.mierzeja-relax.pl\/amor\/rezerwacje\/","url":"https:\/\/www.mierzeja-relax.pl\/amor\/rezerwacje\/","name":"Rezerwacja na zapytanie - WILLA AMOR - WAKACJE W KRYNICY","isPartOf":{"@id":"https:\/\/www.mierzeja-relax.pl\/amor\/#website"},"datePublished":"2015-04-19T04:40:45+00:00","dateModified":"2023-07-17T18:43:23+00:00","description":"Willa Amor - Krynica Morska. Rezerwacje na zapytanie. Zaplanuj sw\u00f3j wypoczynek nad morzem\/","breadcrumb":{"@id":"https:\/\/www.mierzeja-relax.pl\/amor\/rezerwacje\/#breadcrumb"},"inLanguage":"pl-PL","potentialAction":[{"@type":"ReadAction","target":["https:\/\/www.mierzeja-relax.pl\/amor\/rezerwacje\/"]}]},{"@type":"BreadcrumbList","@id":"https:\/\/www.mierzeja-relax.pl\/amor\/rezerwacje\/#breadcrumb","itemListElement":[{"@type":"ListItem","position":1,"name":"Strona g\u0142\u00f3wna","item":"https:\/\/www.mierzeja-relax.pl\/amor\/"},{"@type":"ListItem","position":2,"name":"Rezerwacja na zapytanie"}]},{"@type":"WebSite","@id":"https:\/\/www.mierzeja-relax.pl\/amor\/#website","url":"https:\/\/www.mierzeja-relax.pl\/amor\/","name":"WILLA AMOR - WAKACJE W KRYNICY","description":"Krynica morska","publisher":{"@id":"https:\/\/www.mierzeja-relax.pl\/amor\/#organization"},"potentialAction":[{"@type":"SearchAction","target":{"@type":"EntryPoint","urlTemplate":"https:\/\/www.mierzeja-relax.pl\/amor\/?s={search_term_string}"},"query-input":{"@type":"PropertyValueSpecification","valueRequired":true,"valueName":"search_term_string"}}],"inLanguage":"pl-PL"},{"@type":"Organization","@id":"https:\/\/www.mierzeja-relax.pl\/amor\/#organization","name":"Pensjonat Willa Amor Krynica Morska","url":"https:\/\/www.mierzeja-relax.pl\/amor\/","logo":{"@type":"ImageObject","inLanguage":"pl-PL","@id":"https:\/\/www.mierzeja-relax.pl\/amor\/#\/schema\/logo\/image\/","url":"https:\/\/www.mierzeja-relax.pl\/amor\/wp-content\/uploads\/2015\/05\/ikon.png","contentUrl":"https:\/\/www.mierzeja-relax.pl\/amor\/wp-content\/uploads\/2015\/05\/ikon.png","width":98,"height":60,"caption":"Pensjonat Willa Amor Krynica Morska"},"image":{"@id":"https:\/\/www.mierzeja-relax.pl\/amor\/#\/schema\/logo\/image\/"},"sameAs":["https:\/\/www.facebook.com\/KrynicaMorska.WillaAmor","https:\/\/www.youtube.com\/channel\/UCNevbrKJX-2F1-_Hi8nxKCg"]}]}},"_links":{"self":[{"href":"https:\/\/www.mierzeja-relax.pl\/amor\/wp-json\/wp\/v2\/pages\/45","targetHints":{"allow":["GET"]}}],"collection":[{"href":"https:\/\/www.mierzeja-relax.pl\/amor\/wp-json\/wp\/v2\/pages"}],"about":[{"href":"https:\/\/www.mierzeja-relax.pl\/amor\/wp-json\/wp\/v2\/types\/page"}],"author":[{"embeddable":true,"href":"https:\/\/www.mierzeja-relax.pl\/amor\/wp-json\/wp\/v2\/users\/1"}],"replies":[{"embeddable":true,"href":"https:\/\/www.mierzeja-relax.pl\/amor\/wp-json\/wp\/v2\/comments?post=45"}],"version-history":[{"count":11,"href":"https:\/\/www.mierzeja-relax.pl\/amor\/wp-json\/wp\/v2\/pages\/45\/revisions"}],"predecessor-version":[{"id":823,"href":"https:\/\/www.mierzeja-relax.pl\/amor\/wp-json\/wp\/v2\/pages\/45\/revisions\/823"}],"wp:attachment":[{"href":"https:\/\/www.mierzeja-relax.pl\/amor\/wp-json\/wp\/v2\/media?parent=45"}],"curies":[{"name":"wp","href":"https:\/\/api.w.org\/{rel}","templated":true}]}}