{"id":1127,"date":"2022-01-23T17:49:51","date_gmt":"2022-01-23T16:49:51","guid":{"rendered":"https:\/\/www.mierzeja-relax.pl\/mierzeja\/?page_id=1127"},"modified":"2026-03-29T17:45:54","modified_gmt":"2026-03-29T15:45:54","slug":"regulaminy","status":"publish","type":"page","link":"https:\/\/www.mierzeja-relax.pl\/mierzeja\/regulaminy\/","title":{"rendered":"Regulaminy"},"content":{"rendered":"<div class=\"wpb-content-wrapper\"><p>[vc_row][vc_column][\/vc_column][\/vc_row][vc_row][vc_column][vc_column_text css=&#8221;&#8221;]<a href=\"https:\/\/www.mierzeja-relax.pl\/mierzeja\/wp-content\/uploads\/2026\/03\/regulamin_zielone2026.pdf\" target=\"_blank\" rel=\"noopener noreferrer\"><span style=\"color: #000000;\"><strong>REGULAMIN\u00a0 O\u015aRODKA WYPOCZYNKOWEGO<br \/>\n<\/strong><strong>\u201eMIERZEJA\u201d SZTUTOWO, UL. LE\u015aNA 3<br \/>\n<\/strong><strong>DLA <\/strong><\/span><strong><span style=\"color: #000000;\">ZIELONE SZKO\u0141Y\u00a0\u00a0\u00a0 KOLONIE\u00a0\u00a0\u00a0\u00a0\u00a0\u00a0 OBOZY<\/span><\/strong><\/a><\/p>\n<p><span style=\"color: #000000;\"><a style=\"color: #000000;\" href=\"https:\/\/www.mierzeja-relax.pl\/mierzeja\/wp-content\/uploads\/2026\/03\/regulamin_wczasy2026.pdf\" target=\"_blank\" rel=\"noopener noreferrer\"><strong>REGULAMIN\u00a0 O\u015aRODKA wypoczynkowego<br \/>\n<\/strong><strong>\u201eMIERZEJA\u201d SZTUTOWO, UL. LE\u015aNA 3<br \/>\n<\/strong><strong>DLA <\/strong><strong>GO\u015aCI\u00a0\u00a0 INDYWIDUALNYCH<\/strong><\/a><\/span>[\/vc_column_text][\/vc_column][\/vc_row]<\/p>\n<\/div>","protected":false},"excerpt":{"rendered":"<p>[vc_row][vc_column][\/vc_column][\/vc_row][vc_row][vc_column][vc_column_text css=&#8221;&#8221;]REGULAMIN\u00a0 O\u015aRODKA WYPOCZYNKOWEGO \u201eMIERZEJA\u201d SZTUTOWO, UL. LE\u015aNA 3 DLA ZIELONE SZKO\u0141Y\u00a0\u00a0\u00a0 KOLONIE\u00a0\u00a0\u00a0\u00a0\u00a0\u00a0 OBOZY REGULAMIN\u00a0 O\u015aRODKA wypoczynkowego \u201eMIERZEJA\u201d SZTUTOWO, UL. LE\u015aNA 3 DLA GO\u015aCI\u00a0\u00a0 INDYWIDUALNYCH[\/vc_column_text][\/vc_column][\/vc_row]<\/p>\n","protected":false},"author":1,"featured_media":0,"parent":0,"menu_order":0,"comment_status":"closed","ping_status":"closed","template":"","meta":{"footnotes":""},"class_list":["post-1127","page","type-page","status-publish","hentry","description-off"],"yoast_head":"<!-- This site is optimized with the Yoast SEO plugin v27.2 - https:\/\/yoast.com\/product\/yoast-seo-wordpress\/ -->\n<title>Regulaminy - OW MIERZEJA - DOMKI DREWNIANE SZTUTOWO<\/title>\n<meta name=\"description\" content=\"O\u015brodek wczasowy \u201eMIERZEJA\u201d, po\u0142o\u017cony w malowniczej okolicy na Mierzei Wi\u015blanej, to kameralne miejsce blisko morza, gdzie w os\u0142oni\u0119tym od wiatru wysokimi sosnami i starannie utrzymanym parku stoi 25 drewnianych domk\u00f3w kempingowych. O\u015brodek oferuje bogat\u0105 baz\u0119 sportowo rekreacyjn\u0105. Dla go\u015bci kort tenisowy , boisko do tenisa ziemnego , do tenisa sto\u0142owego \u015bciana do squosza, ma\u0142e boisko do koszyk\u00f3wki, plac zabaw dla dzieci, mini golf, og\u00f3lnodost\u0119pny grill, rowery, dost\u0119p do Internetu w domkach\" \/>\n<meta name=\"robots\" content=\"index, follow, max-snippet:-1, max-image-preview:large, max-video-preview:-1\" \/>\n<link rel=\"canonical\" href=\"https:\/\/www.mierzeja-relax.pl\/mierzeja\/regulaminy\/\" \/>\n<meta property=\"og:locale\" content=\"pl_PL\" \/>\n<meta property=\"og:type\" content=\"article\" \/>\n<meta property=\"og:title\" content=\"Regulaminy - OW MIERZEJA - DOMKI DREWNIANE SZTUTOWO\" \/>\n<meta property=\"og:description\" content=\"O\u015brodek wczasowy \u201eMIERZEJA\u201d, po\u0142o\u017cony w malowniczej okolicy na Mierzei Wi\u015blanej, to kameralne miejsce blisko morza, gdzie w os\u0142oni\u0119tym od wiatru wysokimi sosnami i starannie utrzymanym parku stoi 25 drewnianych domk\u00f3w kempingowych. O\u015brodek oferuje bogat\u0105 baz\u0119 sportowo rekreacyjn\u0105. Dla go\u015bci kort tenisowy , boisko do tenisa ziemnego , do tenisa sto\u0142owego \u015bciana do squosza, ma\u0142e boisko do koszyk\u00f3wki, plac zabaw dla dzieci, mini golf, og\u00f3lnodost\u0119pny grill, rowery, dost\u0119p do Internetu w domkach\" \/>\n<meta property=\"og:url\" content=\"https:\/\/www.mierzeja-relax.pl\/mierzeja\/regulaminy\/\" \/>\n<meta property=\"og:site_name\" content=\"OW MIERZEJA - DOMKI DREWNIANE SZTUTOWO\" \/>\n<meta property=\"article:publisher\" content=\"https:\/\/www.facebook.com\/people\/OW-Mierzeja\/100063609998248\/?ref=embed_page\" \/>\n<meta property=\"article:modified_time\" content=\"2026-03-29T15:45:54+00:00\" \/>\n<meta name=\"twitter:card\" content=\"summary_large_image\" \/>\n<meta name=\"twitter:label1\" content=\"Szacowany czas czytania\" \/>\n\t<meta name=\"twitter:data1\" content=\"1 minuta\" \/>\n<script type=\"application\/ld+json\" class=\"yoast-schema-graph\">{\"@context\":\"https:\/\/schema.org\",\"@graph\":[{\"@type\":\"WebPage\",\"@id\":\"https:\/\/www.mierzeja-relax.pl\/mierzeja\/regulaminy\/\",\"url\":\"https:\/\/www.mierzeja-relax.pl\/mierzeja\/regulaminy\/\",\"name\":\"Regulaminy - OW MIERZEJA - DOMKI DREWNIANE SZTUTOWO\",\"isPartOf\":{\"@id\":\"https:\/\/www.mierzeja-relax.pl\/mierzeja\/#website\"},\"datePublished\":\"2022-01-23T16:49:51+00:00\",\"dateModified\":\"2026-03-29T15:45:54+00:00\",\"description\":\"O\u015brodek wczasowy \u201eMIERZEJA\u201d, po\u0142o\u017cony w malowniczej okolicy na Mierzei Wi\u015blanej, to kameralne miejsce blisko morza, gdzie w os\u0142oni\u0119tym od wiatru wysokimi sosnami i starannie utrzymanym parku stoi 25 drewnianych domk\u00f3w kempingowych. O\u015brodek oferuje bogat\u0105 baz\u0119 sportowo rekreacyjn\u0105. Dla go\u015bci kort tenisowy , boisko do tenisa ziemnego , do tenisa sto\u0142owego \u015bciana do squosza, ma\u0142e boisko do koszyk\u00f3wki, plac zabaw dla dzieci, mini golf, og\u00f3lnodost\u0119pny grill, rowery, dost\u0119p do Internetu w domkach\",\"breadcrumb\":{\"@id\":\"https:\/\/www.mierzeja-relax.pl\/mierzeja\/regulaminy\/#breadcrumb\"},\"inLanguage\":\"pl-PL\",\"potentialAction\":[{\"@type\":\"ReadAction\",\"target\":[\"https:\/\/www.mierzeja-relax.pl\/mierzeja\/regulaminy\/\"]}]},{\"@type\":\"BreadcrumbList\",\"@id\":\"https:\/\/www.mierzeja-relax.pl\/mierzeja\/regulaminy\/#breadcrumb\",\"itemListElement\":[{\"@type\":\"ListItem\",\"position\":1,\"name\":\"Strona g\u0142\u00f3wna\",\"item\":\"https:\/\/www.mierzeja-relax.pl\/mierzeja\/\"},{\"@type\":\"ListItem\",\"position\":2,\"name\":\"Regulaminy\"}]},{\"@type\":\"WebSite\",\"@id\":\"https:\/\/www.mierzeja-relax.pl\/mierzeja\/#website\",\"url\":\"https:\/\/www.mierzeja-relax.pl\/mierzeja\/\",\"name\":\"OW MIERZEJA - DREWNIANE DOMKI NAD MORZEM SZTUTOWO\",\"description\":\"SZTUTOWO\",\"publisher\":{\"@id\":\"https:\/\/www.mierzeja-relax.pl\/mierzeja\/#organization\"},\"potentialAction\":[{\"@type\":\"SearchAction\",\"target\":{\"@type\":\"EntryPoint\",\"urlTemplate\":\"https:\/\/www.mierzeja-relax.pl\/mierzeja\/?s={search_term_string}\"},\"query-input\":{\"@type\":\"PropertyValueSpecification\",\"valueRequired\":true,\"valueName\":\"search_term_string\"}}],\"inLanguage\":\"pl-PL\"},{\"@type\":\"Organization\",\"@id\":\"https:\/\/www.mierzeja-relax.pl\/mierzeja\/#organization\",\"name\":\"OW MIERZEJA - DREWNIANE DOMKI NAD MORZEM SZTUTOWO\",\"url\":\"https:\/\/www.mierzeja-relax.pl\/mierzeja\/\",\"logo\":{\"@type\":\"ImageObject\",\"inLanguage\":\"pl-PL\",\"@id\":\"https:\/\/www.mierzeja-relax.pl\/mierzeja\/#\/schema\/logo\/image\/\",\"url\":\"https:\/\/www.mierzeja-relax.pl\/mierzeja\/wp-content\/uploads\/2015\/05\/LOGO-big11.png\",\"contentUrl\":\"https:\/\/www.mierzeja-relax.pl\/mierzeja\/wp-content\/uploads\/2015\/05\/LOGO-big11.png\",\"width\":120,\"height\":81,\"caption\":\"OW MIERZEJA - DREWNIANE DOMKI NAD MORZEM SZTUTOWO\"},\"image\":{\"@id\":\"https:\/\/www.mierzeja-relax.pl\/mierzeja\/#\/schema\/logo\/image\/\"},\"sameAs\":[\"https:\/\/www.facebook.com\/people\/OW-Mierzeja\/100063609998248\/?ref=embed_page\"]}]}<\/script>\n<!-- \/ Yoast SEO plugin. -->","yoast_head_json":{"title":"Regulaminy - OW MIERZEJA - DOMKI DREWNIANE SZTUTOWO","description":"O\u015brodek wczasowy \u201eMIERZEJA\u201d, po\u0142o\u017cony w malowniczej okolicy na Mierzei Wi\u015blanej, to kameralne miejsce blisko morza, gdzie w os\u0142oni\u0119tym od wiatru wysokimi sosnami i starannie utrzymanym parku stoi 25 drewnianych domk\u00f3w kempingowych. O\u015brodek oferuje bogat\u0105 baz\u0119 sportowo rekreacyjn\u0105. Dla go\u015bci kort tenisowy , boisko do tenisa ziemnego , do tenisa sto\u0142owego \u015bciana do squosza, ma\u0142e boisko do koszyk\u00f3wki, plac zabaw dla dzieci, mini golf, og\u00f3lnodost\u0119pny grill, rowery, dost\u0119p do Internetu w domkach","robots":{"index":"index","follow":"follow","max-snippet":"max-snippet:-1","max-image-preview":"max-image-preview:large","max-video-preview":"max-video-preview:-1"},"canonical":"https:\/\/www.mierzeja-relax.pl\/mierzeja\/regulaminy\/","og_locale":"pl_PL","og_type":"article","og_title":"Regulaminy - OW MIERZEJA - DOMKI DREWNIANE SZTUTOWO","og_description":"O\u015brodek wczasowy \u201eMIERZEJA\u201d, po\u0142o\u017cony w malowniczej okolicy na Mierzei Wi\u015blanej, to kameralne miejsce blisko morza, gdzie w os\u0142oni\u0119tym od wiatru wysokimi sosnami i starannie utrzymanym parku stoi 25 drewnianych domk\u00f3w kempingowych. O\u015brodek oferuje bogat\u0105 baz\u0119 sportowo rekreacyjn\u0105. Dla go\u015bci kort tenisowy , boisko do tenisa ziemnego , do tenisa sto\u0142owego \u015bciana do squosza, ma\u0142e boisko do koszyk\u00f3wki, plac zabaw dla dzieci, mini golf, og\u00f3lnodost\u0119pny grill, rowery, dost\u0119p do Internetu w domkach","og_url":"https:\/\/www.mierzeja-relax.pl\/mierzeja\/regulaminy\/","og_site_name":"OW MIERZEJA - DOMKI DREWNIANE SZTUTOWO","article_publisher":"https:\/\/www.facebook.com\/people\/OW-Mierzeja\/100063609998248\/?ref=embed_page","article_modified_time":"2026-03-29T15:45:54+00:00","twitter_card":"summary_large_image","twitter_misc":{"Szacowany czas czytania":"1 minuta"},"schema":{"@context":"https:\/\/schema.org","@graph":[{"@type":"WebPage","@id":"https:\/\/www.mierzeja-relax.pl\/mierzeja\/regulaminy\/","url":"https:\/\/www.mierzeja-relax.pl\/mierzeja\/regulaminy\/","name":"Regulaminy - OW MIERZEJA - DOMKI DREWNIANE SZTUTOWO","isPartOf":{"@id":"https:\/\/www.mierzeja-relax.pl\/mierzeja\/#website"},"datePublished":"2022-01-23T16:49:51+00:00","dateModified":"2026-03-29T15:45:54+00:00","description":"O\u015brodek wczasowy \u201eMIERZEJA\u201d, po\u0142o\u017cony w malowniczej okolicy na Mierzei Wi\u015blanej, to kameralne miejsce blisko morza, gdzie w os\u0142oni\u0119tym od wiatru wysokimi sosnami i starannie utrzymanym parku stoi 25 drewnianych domk\u00f3w kempingowych. O\u015brodek oferuje bogat\u0105 baz\u0119 sportowo rekreacyjn\u0105. Dla go\u015bci kort tenisowy , boisko do tenisa ziemnego , do tenisa sto\u0142owego \u015bciana do squosza, ma\u0142e boisko do koszyk\u00f3wki, plac zabaw dla dzieci, mini golf, og\u00f3lnodost\u0119pny grill, rowery, dost\u0119p do Internetu w domkach","breadcrumb":{"@id":"https:\/\/www.mierzeja-relax.pl\/mierzeja\/regulaminy\/#breadcrumb"},"inLanguage":"pl-PL","potentialAction":[{"@type":"ReadAction","target":["https:\/\/www.mierzeja-relax.pl\/mierzeja\/regulaminy\/"]}]},{"@type":"BreadcrumbList","@id":"https:\/\/www.mierzeja-relax.pl\/mierzeja\/regulaminy\/#breadcrumb","itemListElement":[{"@type":"ListItem","position":1,"name":"Strona g\u0142\u00f3wna","item":"https:\/\/www.mierzeja-relax.pl\/mierzeja\/"},{"@type":"ListItem","position":2,"name":"Regulaminy"}]},{"@type":"WebSite","@id":"https:\/\/www.mierzeja-relax.pl\/mierzeja\/#website","url":"https:\/\/www.mierzeja-relax.pl\/mierzeja\/","name":"OW MIERZEJA - DREWNIANE DOMKI NAD MORZEM SZTUTOWO","description":"SZTUTOWO","publisher":{"@id":"https:\/\/www.mierzeja-relax.pl\/mierzeja\/#organization"},"potentialAction":[{"@type":"SearchAction","target":{"@type":"EntryPoint","urlTemplate":"https:\/\/www.mierzeja-relax.pl\/mierzeja\/?s={search_term_string}"},"query-input":{"@type":"PropertyValueSpecification","valueRequired":true,"valueName":"search_term_string"}}],"inLanguage":"pl-PL"},{"@type":"Organization","@id":"https:\/\/www.mierzeja-relax.pl\/mierzeja\/#organization","name":"OW MIERZEJA - DREWNIANE DOMKI NAD MORZEM SZTUTOWO","url":"https:\/\/www.mierzeja-relax.pl\/mierzeja\/","logo":{"@type":"ImageObject","inLanguage":"pl-PL","@id":"https:\/\/www.mierzeja-relax.pl\/mierzeja\/#\/schema\/logo\/image\/","url":"https:\/\/www.mierzeja-relax.pl\/mierzeja\/wp-content\/uploads\/2015\/05\/LOGO-big11.png","contentUrl":"https:\/\/www.mierzeja-relax.pl\/mierzeja\/wp-content\/uploads\/2015\/05\/LOGO-big11.png","width":120,"height":81,"caption":"OW MIERZEJA - DREWNIANE DOMKI NAD MORZEM SZTUTOWO"},"image":{"@id":"https:\/\/www.mierzeja-relax.pl\/mierzeja\/#\/schema\/logo\/image\/"},"sameAs":["https:\/\/www.facebook.com\/people\/OW-Mierzeja\/100063609998248\/?ref=embed_page"]}]}},"_links":{"self":[{"href":"https:\/\/www.mierzeja-relax.pl\/mierzeja\/wp-json\/wp\/v2\/pages\/1127","targetHints":{"allow":["GET"]}}],"collection":[{"href":"https:\/\/www.mierzeja-relax.pl\/mierzeja\/wp-json\/wp\/v2\/pages"}],"about":[{"href":"https:\/\/www.mierzeja-relax.pl\/mierzeja\/wp-json\/wp\/v2\/types\/page"}],"author":[{"embeddable":true,"href":"https:\/\/www.mierzeja-relax.pl\/mierzeja\/wp-json\/wp\/v2\/users\/1"}],"replies":[{"embeddable":true,"href":"https:\/\/www.mierzeja-relax.pl\/mierzeja\/wp-json\/wp\/v2\/comments?post=1127"}],"version-history":[{"count":3,"href":"https:\/\/www.mierzeja-relax.pl\/mierzeja\/wp-json\/wp\/v2\/pages\/1127\/revisions"}],"predecessor-version":[{"id":1645,"href":"https:\/\/www.mierzeja-relax.pl\/mierzeja\/wp-json\/wp\/v2\/pages\/1127\/revisions\/1645"}],"wp:attachment":[{"href":"https:\/\/www.mierzeja-relax.pl\/mierzeja\/wp-json\/wp\/v2\/media?parent=1127"}],"curies":[{"name":"wp","href":"https:\/\/api.w.org\/{rel}","templated":true}]}}