{"id":12,"date":"2017-05-18T23:15:22","date_gmt":"2017-05-18T21:15:22","guid":{"rendered":"http:\/\/www.mierzeja-relax.pl\/mierzeja\/?page_id=12"},"modified":"2026-03-29T17:50:00","modified_gmt":"2026-03-29T15:50:00","slug":"domki","status":"publish","type":"page","link":"https:\/\/www.mierzeja-relax.pl\/mierzeja\/domki\/","title":{"rendered":"Domki"},"content":{"rendered":"<div class=\"wpb-content-wrapper\"><p>[vc_row][vc_column][vc_single_image image=&#8221;766&#8243; img_size=&#8221;576&#215;384&#8243; alignment=&#8221;center&#8221; style=&#8221;vc_box_shadow_border&#8221;][vc_column_text css=&#8221;&#8221;]<strong>O\u015brodek wczasowy \u201eMIERZEJA\u201d, po\u0142o\u017cony w malowniczej okolicy na Mierzei Wi\u015blanej, to kameralne miejsce blisko morza, O\u015brodek po\u0142o\u017cony jest na \u015bcianie lasu<\/strong><\/p>\n<p><strong>w\u015br\u00f3d\u00a0 pi\u0119knych\u00a0 skalniak\u00f3w\u00a0 ogrody po\u0142o\u017cone s\u0105\u00a0\u00a0 drewniane domki<\/strong><\/p>\n<ul>\n<li><strong>11 klasycznych domk\u00f3w Zielonych <\/strong><\/li>\n<li><strong>2 domki\u00a0\u00a0\u00a0 typu Brda<\/strong><\/li>\n<li><strong>2 domki\u00a0 typu Wigry<\/strong><\/li>\n<li><strong>10 nowoczesnych komfortowych domk\u00f3w De LUX <\/strong><\/li>\n<\/ul>\n<p><strong>z obszernymi pokojami, ogr\u00f3dkiem przydomowym, wyposa\u017conym w meble ogrodowe i grill i zadaszon\u0105 werand\u0105, gdzie w letnie dni mo\u017cna jada\u0107 posi\u0142ki na \u015bwie\u017cym powietrzu,<\/strong><\/p>\n<ul>\n<li><strong>a jesienny wiecz\u00f3r sp\u0119dzi\u0107 grzej\u0105c si\u0119 w saloniku przy kominku \u2013 idealne wakacyjne lokum dla wi\u0119kszej rodziny lub grupy przyjaci\u00f3\u0142.<\/strong><\/li>\n<\/ul>\n<p><strong>\u00a0<\/strong><\/p>\n<p><strong>Wszystkie domki s\u0105\u00a0 docieplane, komfortowe, w pe\u0142ni wyposa\u017cone, na bie\u017c\u0105co remontowane, przed sezonem odnawiane.<\/strong><\/p>\n<p>&nbsp;<\/p>\n<p><strong>\u0141azienki z pe\u0142nym w\u0119z\u0142em sanitarnym i kabinami prysznicowymi ,pralk\u0105 \u2013 w domkach\u00a0 delux<\/strong><\/p>\n<p><strong>Kuchnie w pe\u0142ni wyposa\u017cone : lod\u00f3wka , kuchenka ,\u00a0\u00a0 czajnik\u00a0 zlew z ciep\u0142\u0105 wod\u0105\u00a0\u00a0 podstawowe naczynia<\/strong><\/p>\n<p><strong>\u00a0W pokojach dziennych TV.<\/strong><\/p>\n<p><strong>Ukryte w g\u0119stej zieleni, domki tworz\u0105 kameralne enklawy spokoju.<\/strong><\/p>\n<p><strong>Domek Czere\u015bniowy uwzgl\u0119dnia wygody i potrzeby os\u00f3b niepe\u0142nosprawnych.<\/strong><\/p>\n<p>Bezp\u0142atnie:<br \/>\n<strong>\u2022 parking<br \/>\n\u2022 parawany pla\u017cowe<br \/>\n\u2022 og\u00f3lnodost\u0119pna altana z du\u017cym grillem (drewno bezp\u0142atnie , w\u0119giel drzewny za dop\u0142at\u0105)<br \/>\n\u2022 plac zabaw dla dzieci (hu\u015btawki, , zje\u017cd\u017calnie, piaskownice , bujaki )<br \/>\n\u2022 z w\u0142asnym sprz\u0119tem nieodp\u0142atnie mo\u017cna te\u017c korzysta\u0107 z kortu do tenisa ziemnego oraz boisk do siatk\u00f3wki, koszyk\u00f3wki i pi\u0142ki pla\u017cowej.<br \/>\n\u2022 W \u015bwietlicy mo\u017cna pos\u0142ucha\u0107 muzyki, \u015bpiewa\u0107 karaoke zorganizowa\u0107 dyskotek\u0119 , zagra\u0107 w ping-ponga, tenisa sto\u0142owego lub pi\u0142karzyki.<\/strong><\/p>\n<p>Odp\u0142atnie (za symboliczn\u0105 op\u0142at\u0105) dost\u0119pne s\u0105 tak\u017ce:<strong><br \/>\n\u2022 pi\u0142ki do siatk\u00f3wki pla\u017cowej, tenisa ziemnego i koszyk\u00f3wki badmintona<br \/>\n\u2022 rowery<br \/>\n\u2022 paletki do tenisa sto\u0142owego<br \/>\n\u2022 mini golf<br \/>\n\u2022 kije turystyczne typu \u201eNordic\u201d<br \/>\n\u2022 Za kaucj\u0105 grille ogrodowe<\/strong><\/p>\n<p>Dodatkowe wyposa\u017cenie (odp\u0142atnie):<strong><br \/>\n\u2022 dla domk\u00f3w\u00a0 Zielonych , BRDA i Wigry\u00a0 wsp\u00f3lna pralki w pomieszczeniu gospodarczym o\u015brodka<br \/>\n\u2022 \u017celazka i deski do prasowania<br \/>\n\u2022 dost\u0119p do Internetu<\/strong><\/p>\n<p>Cennik<strong>\u00a0w\/wym. sprz\u0119tu do wgl\u0105du w recepcji.<\/strong><\/p>\n<ol>\n<li>Domki typu BRDA<\/li>\n<\/ol>\n<p><strong>Powierzchnia u\u017cytkowa ok 50 m\u00b2, 7 miejsc noclegowych (z mo\u017cliwo\u015bci\u0105 dop\u0142aty za ka\u017cd\u0105 dodatkow\u0105 osob\u0119).<\/strong><\/p>\n<p>Wyposa\u017cenie:<\/p>\n<p>\u2013 pok\u00f3j dzienny<strong>: 3 miejsca do spania (2 wersalki \/ tapczany dwuosobowe i tapczan jednoosobowy), st\u00f3\u0142 i krzes\u0142a, TV p\u0142aski, szafki.<\/strong><\/p>\n<p>\u2013 2 pokoiki na pi\u0119trze<strong>:<\/strong>\u00a0<strong>w sumie 4 miejsca do spania (po\u00a02 tapczany jednoosobowe w ka\u017cdym pokoju)<\/strong><\/p>\n<p><strong>Po\u015bciel oraz zapasowe koce na wyposa\u017ceniu.<\/strong><\/p>\n<p><strong>Dodatkowe poduszki w razie potrzeby dost\u0119pne w recepcji.<\/strong><\/p>\n<p>\u2013 kuchnia<strong>:\u00a0kuchenka gazowa dwupalnikowa, ch\u0142odziarka, zlewozmywak, zestaw naczy\u0144 kuchennych oraz naczy\u0144 sto\u0142owych i sztu\u0107c\u00f3w, garnki, patelnia, szafki na naczynia i produkty \u017cywno\u015bciowe, czajnik elektryczny<\/strong><\/p>\n<p>\u2013 \u0142azienka<strong>: prysznic, umywalka, toaleta, szafka,\u00a0 \u00a0i myd\u0142o<\/strong><\/p>\n<p><strong>(r\u0119czniki, \u015brodki czysto\u015bci, proszek do prania w\u0142asne)<\/strong><\/p>\n<p>\u2013\u00a0taras wypoczynkowy<strong>\u00a0z meblami ogrodowymi.<\/strong><\/p>\n<ol start=\"2\">\n<li>Domki DeLUX 16<\/li>\n<\/ol>\n<p><strong>Powierzchnia u\u017cytkowa 55-80 m\u00b2, 7- 9 \u00a0\u00a0miejsc noclegowych (z mo\u017cliwo\u015bci\u0105 dop\u0142aty za ka\u017cd\u0105 dodatkow\u0105 osob\u0119).<\/strong><\/p>\n<p><strong>Domki wyposa\u017cone w kominki<\/strong><\/p>\n<p>\u2013 pok\u00f3j dzienny:<strong>\u00a02-3 miejsca do spania ( tapczan\u00a0 dwuosobowy, kanapa dwuosobowa \u00a0sofa jednoosobowa), p\u0142aski TV, dwudrzwiowa szafa ubraniowa z lustrem, st\u00f3\u0142 i krzes\u0142a.<\/strong><\/p>\n<p>\u2013 du\u017ca sypialnia<strong>: 4-6 miejsc do spania (1 wersalka dwuosobowa, 4-5 tapczany jednoosobowe), st\u00f3\u0142 i krzes\u0142a, szafki nocne z toaletk\u0105, szafa ubraniowa<\/strong><\/p>\n<p>\u2013 ma\u0142a sypialnia:<strong>\u00a03 miejsca do spania (du\u017ce podw\u00f3jne \u0142\u00f3\u017cko 160 cm szer. i jednoosobowa sofa), nocne szafki, stolik i krzes\u0142a, wn\u0119ka ubraniowa<\/strong><\/p>\n<p><strong>Po\u015bciel oraz zapasowe koce na wyposa\u017ceniu. Dodatkowe poduszki w razie potrzeby dost\u0119pne w recepcji.<\/strong><\/p>\n<p>\u2013\u00a0aneks\u00a0 kuchenny:<strong>\u00a0lod\u00f3wka z zamra\u017calnikiem,\u00a0czajnik bezprzewodowy, mikrofal\u00f3wka, kuchenka gazowa dwupalnikowa, garnki, patelnia, podstawowe wyposa\u017cenie kuchenne, naczynia i sztu\u0107ce sto\u0142owe, szafki na naczynia i produkty \u017cywno\u015bciowe<\/strong><\/p>\n<p>\u2013 \u0142azienka<strong>: kabina prysznicowa, umywalka z szafk\u0105 umywalkow\u0105, toaleta, pralka, p\u00f3\u0142ki, wieszaki, \u00a0deska do prasowania, papier toaletowy i myd\u0142o (r\u0119czniki, \u015brodki czysto\u015bci, proszek do prania w\u0142asne).<\/strong><\/p>\n<p><strong>\u2013\u00a0<\/strong>kryty taras\u00a0<strong>wyposa\u017cony w dodatkowy st\u00f3\u0142 i rattanowe krzes\u0142a<\/strong><\/p>\n<ol start=\"3\">\n<li>Domki DeLUX 18<\/li>\n<\/ol>\n<p><strong>Powierzchnia u\u017cytkowa 55 m\u00b2, 6-8\u00a0 miejsc noclegowych (z mo\u017cliwo\u015bci\u0105 dop\u0142aty za ka\u017cd\u0105 dodatkow\u0105 osob\u0119).<\/strong><\/p>\n<p><strong>Domki wyposa\u017cone w kominki<\/strong><\/p>\n<p>\u2013 pok\u00f3j dzienny:<strong>\u00a03 miejsca do spania ( tapczan\u00a0 dwuosobowy, kanapa nara\u017cona ), p\u0142aski TV, dwudrzwiowa szafa ubraniowa z lustrem, st\u00f3\u0142 i krzes\u0142a.<\/strong><\/p>\n<p>\u2013 \u00a0z du\u017cym \u0142\u00f3\u017ckiem\u00a0\u00a0<strong>: 3 miejsca do spania\u00a0 :\u00a0 \u0142\u00f3\u017cko , tapczan jedno osobowy\u00a0 \u00a0, st\u00f3\u0142 i krzes\u0142a, szafki nocne z toaletk\u0105, komoda<\/strong><\/p>\n<p>\u2013 ma\u0142a sypialnia:<strong>\u00a03 miejsca do spania ( kanapa 2 osobowa \u00a0i jednoosobowa sofa), nocne szafki, stolik i krzes\u0142a, wn\u0119ka ubraniowa<\/strong><\/p>\n<p><strong>Po\u015bciel oraz zapasowe koce na wyposa\u017ceniu.<\/strong><\/p>\n<p><strong>Dodatkowe poduszki w razie potrzeby dost\u0119pne w recepcji.<\/strong><\/p>\n<p>\u2013\u00a0aneks\u00a0 kuchenny:<strong>\u00a0lod\u00f3wka z zamra\u017calnikiem,\u00a0czajnik bezprzewodowy, mikrofal\u00f3wka, kuchenka elektryczna \u00a0dwupalnikowa, garnki, patelnia, podstawowe wyposa\u017cenie kuchenne, naczynia i sztu\u0107ce sto\u0142owe, szafki na naczynia przyprawy<\/strong><\/p>\n<p>\u2013 \u0142azienka<strong>: \u00a0kabina prysznicowa, umywalka z szafk\u0105 umywalkow\u0105, toaleta, pralka, p\u00f3\u0142ki, wieszaki, deska do prasowania, papier toaletowy i myd\u0142o (r\u0119czniki, \u015brodki czysto\u015bci, proszek do prania w\u0142asne).\u00a0<\/strong>Dodatkowa toaleta na pi\u0119trze<strong>.<\/strong><\/p>\n<p><strong>\u2013\u00a0<\/strong>kryty taras\u00a0<strong>wyposa\u017cony w dodatkowy st\u00f3\u0142 i ratanowe krzes\u0142a oraz\u00a0<\/strong>balkon\u00a0<strong>na pi\u0119trze, r\u00f3wnie\u017c urz\u0105dzony. Le\u017caki i in. meble ogrodowe, parawan pla\u017cowy, grill.<\/strong><\/p>\n<p><strong>\u00a0<\/strong>[\/vc_column_text][\/vc_column][\/vc_row]<\/p>\n<\/div>","protected":false},"excerpt":{"rendered":"<p>[vc_row][vc_column][vc_single_image image=&#8221;766&#8243; img_size=&#8221;576&#215;384&#8243; alignment=&#8221;center&#8221; style=&#8221;vc_box_shadow_border&#8221;][vc_column_text css=&#8221;&#8221;]O\u015brodek wczasowy \u201eMIERZEJA\u201d, po\u0142o\u017cony w malowniczej okolicy na Mierzei Wi\u015blanej, to kameralne miejsce blisko morza, O\u015brodek po\u0142o\u017cony jest na \u015bcianie lasu w\u015br\u00f3d\u00a0 pi\u0119knych\u00a0 skalniak\u00f3w\u00a0 ogrody po\u0142o\u017cone s\u0105\u00a0\u00a0 drewniane domki 11 klasycznych domk\u00f3w Zielonych 2 domki\u00a0\u00a0\u00a0 typu Brda 2 domki\u00a0 typu Wigry 10 nowoczesnych komfortowych domk\u00f3w De LUX z obszernymi pokojami,&hellip;<\/p>\n","protected":false},"author":1,"featured_media":0,"parent":0,"menu_order":0,"comment_status":"closed","ping_status":"closed","template":"","meta":{"footnotes":""},"class_list":["post-12","page","type-page","status-publish","hentry","description-off"],"yoast_head":"<!-- This site is optimized with the Yoast SEO plugin v27.2 - https:\/\/yoast.com\/product\/yoast-seo-wordpress\/ -->\n<title>Nasze komfortowe domki<\/title>\n<meta name=\"description\" content=\"Domki drewniane, Wczasy rodzinne nad morzem , urlop z rodzin\u0105 nad morzem, Tanie noclegi nad morzem wczasy z dzie\u0107mi, wczasy rodzinne blisko morza, sztutowo\" \/>\n<meta name=\"robots\" content=\"index, follow, max-snippet:-1, max-image-preview:large, max-video-preview:-1\" \/>\n<link rel=\"canonical\" href=\"https:\/\/www.mierzeja-relax.pl\/mierzeja\/domki\/\" \/>\n<meta property=\"og:locale\" content=\"pl_PL\" \/>\n<meta property=\"og:type\" content=\"article\" \/>\n<meta property=\"og:title\" content=\"Nasze komfortowe domki\" \/>\n<meta property=\"og:description\" content=\"Domki drewniane, Wczasy rodzinne nad morzem , urlop z rodzin\u0105 nad morzem, Tanie noclegi nad morzem wczasy z dzie\u0107mi, wczasy rodzinne blisko morza, sztutowo\" \/>\n<meta property=\"og:url\" content=\"https:\/\/www.mierzeja-relax.pl\/mierzeja\/domki\/\" \/>\n<meta property=\"og:site_name\" content=\"OW MIERZEJA - DOMKI DREWNIANE SZTUTOWO\" \/>\n<meta property=\"article:publisher\" content=\"https:\/\/www.facebook.com\/people\/OW-Mierzeja\/100063609998248\/?ref=embed_page\" \/>\n<meta property=\"article:modified_time\" content=\"2026-03-29T15:50:00+00:00\" \/>\n<meta name=\"twitter:card\" content=\"summary_large_image\" \/>\n<meta name=\"twitter:label1\" content=\"Szacowany czas czytania\" \/>\n\t<meta name=\"twitter:data1\" content=\"5 minut\" \/>\n<script type=\"application\/ld+json\" class=\"yoast-schema-graph\">{\"@context\":\"https:\/\/schema.org\",\"@graph\":[{\"@type\":\"WebPage\",\"@id\":\"https:\/\/www.mierzeja-relax.pl\/mierzeja\/domki\/\",\"url\":\"https:\/\/www.mierzeja-relax.pl\/mierzeja\/domki\/\",\"name\":\"Nasze komfortowe domki\",\"isPartOf\":{\"@id\":\"https:\/\/www.mierzeja-relax.pl\/mierzeja\/#website\"},\"datePublished\":\"2017-05-18T21:15:22+00:00\",\"dateModified\":\"2026-03-29T15:50:00+00:00\",\"description\":\"Domki drewniane, Wczasy rodzinne nad morzem , urlop z rodzin\u0105 nad morzem, Tanie noclegi nad morzem wczasy z dzie\u0107mi, wczasy rodzinne blisko morza, sztutowo\",\"breadcrumb\":{\"@id\":\"https:\/\/www.mierzeja-relax.pl\/mierzeja\/domki\/#breadcrumb\"},\"inLanguage\":\"pl-PL\",\"potentialAction\":[{\"@type\":\"ReadAction\",\"target\":[\"https:\/\/www.mierzeja-relax.pl\/mierzeja\/domki\/\"]}]},{\"@type\":\"BreadcrumbList\",\"@id\":\"https:\/\/www.mierzeja-relax.pl\/mierzeja\/domki\/#breadcrumb\",\"itemListElement\":[{\"@type\":\"ListItem\",\"position\":1,\"name\":\"Strona g\u0142\u00f3wna\",\"item\":\"https:\/\/www.mierzeja-relax.pl\/mierzeja\/\"},{\"@type\":\"ListItem\",\"position\":2,\"name\":\"Domki\"}]},{\"@type\":\"WebSite\",\"@id\":\"https:\/\/www.mierzeja-relax.pl\/mierzeja\/#website\",\"url\":\"https:\/\/www.mierzeja-relax.pl\/mierzeja\/\",\"name\":\"OW MIERZEJA - DREWNIANE DOMKI NAD MORZEM SZTUTOWO\",\"description\":\"SZTUTOWO\",\"publisher\":{\"@id\":\"https:\/\/www.mierzeja-relax.pl\/mierzeja\/#organization\"},\"potentialAction\":[{\"@type\":\"SearchAction\",\"target\":{\"@type\":\"EntryPoint\",\"urlTemplate\":\"https:\/\/www.mierzeja-relax.pl\/mierzeja\/?s={search_term_string}\"},\"query-input\":{\"@type\":\"PropertyValueSpecification\",\"valueRequired\":true,\"valueName\":\"search_term_string\"}}],\"inLanguage\":\"pl-PL\"},{\"@type\":\"Organization\",\"@id\":\"https:\/\/www.mierzeja-relax.pl\/mierzeja\/#organization\",\"name\":\"OW MIERZEJA - DREWNIANE DOMKI NAD MORZEM SZTUTOWO\",\"url\":\"https:\/\/www.mierzeja-relax.pl\/mierzeja\/\",\"logo\":{\"@type\":\"ImageObject\",\"inLanguage\":\"pl-PL\",\"@id\":\"https:\/\/www.mierzeja-relax.pl\/mierzeja\/#\/schema\/logo\/image\/\",\"url\":\"https:\/\/www.mierzeja-relax.pl\/mierzeja\/wp-content\/uploads\/2015\/05\/LOGO-big11.png\",\"contentUrl\":\"https:\/\/www.mierzeja-relax.pl\/mierzeja\/wp-content\/uploads\/2015\/05\/LOGO-big11.png\",\"width\":120,\"height\":81,\"caption\":\"OW MIERZEJA - DREWNIANE DOMKI NAD MORZEM SZTUTOWO\"},\"image\":{\"@id\":\"https:\/\/www.mierzeja-relax.pl\/mierzeja\/#\/schema\/logo\/image\/\"},\"sameAs\":[\"https:\/\/www.facebook.com\/people\/OW-Mierzeja\/100063609998248\/?ref=embed_page\"]}]}<\/script>\n<!-- \/ Yoast SEO plugin. -->","yoast_head_json":{"title":"Nasze komfortowe domki","description":"Domki drewniane, Wczasy rodzinne nad morzem , urlop z rodzin\u0105 nad morzem, Tanie noclegi nad morzem wczasy z dzie\u0107mi, wczasy rodzinne blisko morza, sztutowo","robots":{"index":"index","follow":"follow","max-snippet":"max-snippet:-1","max-image-preview":"max-image-preview:large","max-video-preview":"max-video-preview:-1"},"canonical":"https:\/\/www.mierzeja-relax.pl\/mierzeja\/domki\/","og_locale":"pl_PL","og_type":"article","og_title":"Nasze komfortowe domki","og_description":"Domki drewniane, Wczasy rodzinne nad morzem , urlop z rodzin\u0105 nad morzem, Tanie noclegi nad morzem wczasy z dzie\u0107mi, wczasy rodzinne blisko morza, sztutowo","og_url":"https:\/\/www.mierzeja-relax.pl\/mierzeja\/domki\/","og_site_name":"OW MIERZEJA - DOMKI DREWNIANE SZTUTOWO","article_publisher":"https:\/\/www.facebook.com\/people\/OW-Mierzeja\/100063609998248\/?ref=embed_page","article_modified_time":"2026-03-29T15:50:00+00:00","twitter_card":"summary_large_image","twitter_misc":{"Szacowany czas czytania":"5 minut"},"schema":{"@context":"https:\/\/schema.org","@graph":[{"@type":"WebPage","@id":"https:\/\/www.mierzeja-relax.pl\/mierzeja\/domki\/","url":"https:\/\/www.mierzeja-relax.pl\/mierzeja\/domki\/","name":"Nasze komfortowe domki","isPartOf":{"@id":"https:\/\/www.mierzeja-relax.pl\/mierzeja\/#website"},"datePublished":"2017-05-18T21:15:22+00:00","dateModified":"2026-03-29T15:50:00+00:00","description":"Domki drewniane, Wczasy rodzinne nad morzem , urlop z rodzin\u0105 nad morzem, Tanie noclegi nad morzem wczasy z dzie\u0107mi, wczasy rodzinne blisko morza, sztutowo","breadcrumb":{"@id":"https:\/\/www.mierzeja-relax.pl\/mierzeja\/domki\/#breadcrumb"},"inLanguage":"pl-PL","potentialAction":[{"@type":"ReadAction","target":["https:\/\/www.mierzeja-relax.pl\/mierzeja\/domki\/"]}]},{"@type":"BreadcrumbList","@id":"https:\/\/www.mierzeja-relax.pl\/mierzeja\/domki\/#breadcrumb","itemListElement":[{"@type":"ListItem","position":1,"name":"Strona g\u0142\u00f3wna","item":"https:\/\/www.mierzeja-relax.pl\/mierzeja\/"},{"@type":"ListItem","position":2,"name":"Domki"}]},{"@type":"WebSite","@id":"https:\/\/www.mierzeja-relax.pl\/mierzeja\/#website","url":"https:\/\/www.mierzeja-relax.pl\/mierzeja\/","name":"OW MIERZEJA - DREWNIANE DOMKI NAD MORZEM SZTUTOWO","description":"SZTUTOWO","publisher":{"@id":"https:\/\/www.mierzeja-relax.pl\/mierzeja\/#organization"},"potentialAction":[{"@type":"SearchAction","target":{"@type":"EntryPoint","urlTemplate":"https:\/\/www.mierzeja-relax.pl\/mierzeja\/?s={search_term_string}"},"query-input":{"@type":"PropertyValueSpecification","valueRequired":true,"valueName":"search_term_string"}}],"inLanguage":"pl-PL"},{"@type":"Organization","@id":"https:\/\/www.mierzeja-relax.pl\/mierzeja\/#organization","name":"OW MIERZEJA - DREWNIANE DOMKI NAD MORZEM SZTUTOWO","url":"https:\/\/www.mierzeja-relax.pl\/mierzeja\/","logo":{"@type":"ImageObject","inLanguage":"pl-PL","@id":"https:\/\/www.mierzeja-relax.pl\/mierzeja\/#\/schema\/logo\/image\/","url":"https:\/\/www.mierzeja-relax.pl\/mierzeja\/wp-content\/uploads\/2015\/05\/LOGO-big11.png","contentUrl":"https:\/\/www.mierzeja-relax.pl\/mierzeja\/wp-content\/uploads\/2015\/05\/LOGO-big11.png","width":120,"height":81,"caption":"OW MIERZEJA - DREWNIANE DOMKI NAD MORZEM SZTUTOWO"},"image":{"@id":"https:\/\/www.mierzeja-relax.pl\/mierzeja\/#\/schema\/logo\/image\/"},"sameAs":["https:\/\/www.facebook.com\/people\/OW-Mierzeja\/100063609998248\/?ref=embed_page"]}]}},"_links":{"self":[{"href":"https:\/\/www.mierzeja-relax.pl\/mierzeja\/wp-json\/wp\/v2\/pages\/12","targetHints":{"allow":["GET"]}}],"collection":[{"href":"https:\/\/www.mierzeja-relax.pl\/mierzeja\/wp-json\/wp\/v2\/pages"}],"about":[{"href":"https:\/\/www.mierzeja-relax.pl\/mierzeja\/wp-json\/wp\/v2\/types\/page"}],"author":[{"embeddable":true,"href":"https:\/\/www.mierzeja-relax.pl\/mierzeja\/wp-json\/wp\/v2\/users\/1"}],"replies":[{"embeddable":true,"href":"https:\/\/www.mierzeja-relax.pl\/mierzeja\/wp-json\/wp\/v2\/comments?post=12"}],"version-history":[{"count":3,"href":"https:\/\/www.mierzeja-relax.pl\/mierzeja\/wp-json\/wp\/v2\/pages\/12\/revisions"}],"predecessor-version":[{"id":1647,"href":"https:\/\/www.mierzeja-relax.pl\/mierzeja\/wp-json\/wp\/v2\/pages\/12\/revisions\/1647"}],"wp:attachment":[{"href":"https:\/\/www.mierzeja-relax.pl\/mierzeja\/wp-json\/wp\/v2\/media?parent=12"}],"curies":[{"name":"wp","href":"https:\/\/api.w.org\/{rel}","templated":true}]}}