{"id":121,"date":"2015-04-19T12:20:39","date_gmt":"2015-04-19T10:20:39","guid":{"rendered":"http:\/\/www.mierzeja-relax.pl\/mierzeja\/?page_id=121"},"modified":"2025-10-16T15:15:35","modified_gmt":"2025-10-16T13:15:35","slug":"oferty-specjalne","status":"publish","type":"page","link":"https:\/\/www.mierzeja-relax.pl\/mierzeja\/oferty-specjalne\/","title":{"rendered":"Oferty"},"content":{"rendered":"<div class=\"wpb-content-wrapper\"><p>[vc_row][vc_column][vc_column_text css=&#8221;&#8221;]<\/p>\n<div class=\"icon-with-text-shortcode icon-text-id-ec9e3348e451fbbd80851b0c82f78e8b layout-5 \">\n<h2 class=\"dt-text-desc\" style=\"text-align: center;\">O\u015brodek wczasowy \u201eMIERZEJA\u201d, po\u0142o\u017cony w malowniczej okolicy na Mierzei Wi\u015blanej, to kameralne miejsce blisko morza, gdzie w os\u0142oni\u0119tym od wiatru wysokimi sosnami i starannie utrzymanym parku stoi 23 drewnianych domk\u00f3w kempingowych.<\/h2>\n<p>&nbsp;<\/p>\n<\/div>\n<p>[\/vc_column_text][vc_column_text css=&#8221;&#8221;]<\/p>\n<div class=\"icon-with-text-shortcode icon-text-id-ec9e3348e451fbbd80851b0c82f78e8b layout-5 \">\n<h3 class=\"dt-text-desc\" style=\"text-align: center;\">O\u015brodek oferuje bogat\u0105 baz\u0119 sportowo rekreacyjn\u0105.<br \/>\nDla go\u015bci kort tenisowy , boisko do tenisa ziemnego , do tenisa sto\u0142owego \u015bciana do squosza, ma\u0142e boisko do koszyk\u00f3wki, plac zabaw dla dzieci, mini golf, og\u00f3lnodost\u0119pny grill, rowery, dost\u0119p do Internetu w domkach.<\/h3>\n<h3 style=\"text-align: center;\">Specyficzny mikroklimat, szeroka piaszczysta pla\u017ca, du\u017ca zawarto\u015b\u0107 jodu w czystym powietrzu to dodatkowe okoliczno\u015bci dobrego wypoczynku w Naszym O\u015brodku<\/h3>\n<\/div>\n<pre class=\"vc_separator wpb_content_element vc_separator_align_center vc_sep_width_100 vc_sep_pos_align_center vc_separator_no_text vc_sep_color_grey wpb_content_element wpb_content_element\"><\/pre>\n<p style=\"text-align: center;\">Zapraszamy do zapoznania si\u0119 z naszymi ofertami specjalnymi.<\/p>\n<p>[\/vc_column_text]<span id=\"creative-link-wrap-2021\" class=\"ult_main_cl ult-adjust-bottom-margin  \" >\n\t \t\t\t<span class=\"ult_cl_link_1  ult_crlink\" >\n\t\t\t\t\t<a  data-ultimate-target='#creative-link-wrap-2021 .ult_colorlink'  data-responsive-json-new='{\"font-size\":\"\",\"line-height\":\"\"}'  href=\"https:\/\/www.mierzeja-relax.pl\/mierzeja\/kolonie-obozy-sportowe\/\" title=\"Kolonie, Obozy sportowe\"  class=\"ult_colorlink ult-responsive \" style=\"float:left;font-weight:normal;color:#1E73BE; \"  data-textcolor=\"#1E73BE\" data-texthover=\"#8224E3\"data-style=\"Style_1\">\n\t\t\t\t\t\t\n\t\t\t\t\t\t<span data-hover=\"kolonie-obozy-sportowe\" style=\"color:#1E73BE;;;\" class=\"ult_btn10_span   \">kolonie-obozy-sportowe<\/span>\n\t\t\t\t\t\t\n\t\t\t\t\t<\/a>\n\t\t\t\t<\/span>\n\t\t\t<\/span><span id=\"creative-link-wrap-8900\" class=\"ult_main_cl ult-adjust-bottom-margin  \" >\n\t \t\t\t<span class=\"ult_cl_link_1  ult_crlink\" >\n\t\t\t\t\t<a  data-ultimate-target='#creative-link-wrap-8900 .ult_colorlink'  data-responsive-json-new='{\"font-size\":\"\",\"line-height\":\"\"}'  href=\"https:\/\/www.mierzeja-relax.pl\/mierzeja\/zielone-szkoly\/\" title=\"Zielone szko\u0142y\"  class=\"ult_colorlink ult-responsive \" style=\"float:left;font-weight:normal;color:#1E73BE; \"  data-textcolor=\"#1E73BE\" data-texthover=\"#8224E3\"data-style=\"Style_1\">\n\t\t\t\t\t\t\n\t\t\t\t\t\t<span data-hover=\"Zielone szko\u0142y\" style=\"color:#1E73BE;;;\" class=\"ult_btn10_span   \">Zielone szko\u0142y<\/span>\n\t\t\t\t\t\t\n\t\t\t\t\t<\/a>\n\t\t\t\t<\/span>\n\t\t\t<\/span><span id=\"creative-link-wrap-8710\" class=\"ult_main_cl ult-adjust-bottom-margin  \" >\n\t \t\t\t<span class=\"ult_cl_link_1  ult_crlink\" >\n\t\t\t\t\t<a  data-ultimate-target='#creative-link-wrap-8710 .ult_colorlink'  data-responsive-json-new='{\"font-size\":\"\",\"line-height\":\"\"}'  href=\"https:\/\/www.mierzeja-relax.pl\/mierzeja\/wczasy-i-weekendy\/\" title=\"Wczasy i weekendy\"  class=\"ult_colorlink ult-responsive \" style=\"float:left;font-weight:normal;color:#1E73BE; \"  data-textcolor=\"#1E73BE\" data-texthover=\"#8224E3\"data-style=\"Style_1\">\n\t\t\t\t\t\t\n\t\t\t\t\t\t<span data-hover=\"Wczasy i weekendy\" style=\"color:#1E73BE;;;\" class=\"ult_btn10_span   \">Wczasy i weekendy<\/span>\n\t\t\t\t\t\t\n\t\t\t\t\t<\/a>\n\t\t\t\t<\/span>\n\t\t\t<\/span><span id=\"creative-link-wrap-1523\" class=\"ult_main_cl ult-adjust-bottom-margin  \" >\n\t \t\t\t<span class=\"ult_cl_link_1  ult_crlink\" >\n\t\t\t\t\t<a  data-ultimate-target='#creative-link-wrap-1523 .ult_colorlink'  data-responsive-json-new='{\"font-size\":\"\",\"line-height\":\"\"}'  href=\"https:\/\/www.mierzeja-relax.pl\/mierzeja\/wieczory\/\" title=\"Wieczory panie\u0144skie\"  class=\"ult_colorlink ult-responsive \" style=\"float:left;font-weight:normal;color:#1E73BE; \"  data-textcolor=\"#1E73BE\" data-texthover=\"#8224E3\"data-style=\"Style_1\">\n\t\t\t\t\t\t\n\t\t\t\t\t\t<span data-hover=\"Wieczory panie\u0144skie\" style=\"color:#1E73BE;;;\" class=\"ult_btn10_span   \">Wieczory panie\u0144skie<\/span>\n\t\t\t\t\t\t\n\t\t\t\t\t<\/a>\n\t\t\t\t<\/span>\n\t\t\t<\/span><span id=\"creative-link-wrap-1642\" class=\"ult_main_cl ult-adjust-bottom-margin  \" >\n\t \t\t\t<span class=\"ult_cl_link_1  ult_crlink\" >\n\t\t\t\t\t<a  data-ultimate-target='#creative-link-wrap-1642 .ult_colorlink'  data-responsive-json-new='{\"font-size\":\"\",\"line-height\":\"\"}'  href=\"https:\/\/www.mierzeja-relax.pl\/mierzeja\/pobyt-swiateczno-noworoczny\/\" title=\"Pobyt \u015bwi\u0105teczno noworoczny\"  class=\"ult_colorlink ult-responsive \" style=\"float:left;font-weight:normal;color:#1E73BE; \"  data-textcolor=\"#1E73BE\" data-texthover=\"#8224E3\"data-style=\"Style_1\">\n\t\t\t\t\t\t\n\t\t\t\t\t\t<span data-hover=\"Pobyt \u015bwi\u0105teczno noworoczny\" style=\"color:#1E73BE;;;\" class=\"ult_btn10_span   \">Pobyt \u015bwi\u0105teczno noworoczny<\/span>\n\t\t\t\t\t\t\n\t\t\t\t\t<\/a>\n\t\t\t\t<\/span>\n\t\t\t<\/span><span id=\"creative-link-wrap-6243\" class=\"ult_main_cl ult-adjust-bottom-margin  \" >\n\t \t\t\t<span class=\"ult_cl_link_1  ult_crlink\" >\n\t\t\t\t\t<a  data-ultimate-target='#creative-link-wrap-6243 .ult_colorlink'  data-responsive-json-new='{\"font-size\":\"\",\"line-height\":\"\"}'  href=\"https:\/\/www.mierzeja-relax.pl\/mierzeja\/dla-firm\/\" title=\"Dla firm\"  class=\"ult_colorlink ult-responsive \" style=\"float:left;font-weight:normal;color:#1E73BE; \"  data-textcolor=\"#1E73BE\" data-texthover=\"#8224E3\"data-style=\"Style_1\">\n\t\t\t\t\t\t\n\t\t\t\t\t\t<span data-hover=\"Dla firm\" style=\"color:#1E73BE;;;\" class=\"ult_btn10_span   \">Dla firm<\/span>\n\t\t\t\t\t\t\n\t\t\t\t\t<\/a>\n\t\t\t\t<\/span>\n\t\t\t<\/span>[\/vc_column][\/vc_row]<\/p>\n<\/div>","protected":false},"excerpt":{"rendered":"<p>[vc_row][vc_column][vc_column_text css=&#8221;&#8221;] O\u015brodek wczasowy \u201eMIERZEJA\u201d, po\u0142o\u017cony w malowniczej okolicy na Mierzei Wi\u015blanej, to kameralne miejsce blisko morza, gdzie w os\u0142oni\u0119tym od wiatru wysokimi sosnami i starannie utrzymanym parku stoi 23 drewnianych domk\u00f3w kempingowych. &nbsp; [\/vc_column_text][vc_column_text css=&#8221;&#8221;] O\u015brodek oferuje bogat\u0105 baz\u0119 sportowo rekreacyjn\u0105. Dla go\u015bci kort tenisowy , boisko do tenisa ziemnego , do tenisa sto\u0142owego&hellip;<\/p>\n","protected":false},"author":1,"featured_media":0,"parent":0,"menu_order":0,"comment_status":"closed","ping_status":"closed","template":"","meta":{"footnotes":""},"class_list":["post-121","page","type-page","status-publish","hentry","description-off"],"yoast_head":"<!-- This site is optimized with the Yoast SEO plugin v27.2 - https:\/\/yoast.com\/product\/yoast-seo-wordpress\/ -->\n<title>Oferty nad morzem - OW Mierzeja<\/title>\n<meta name=\"description\" content=\"O\u015brodek wczasowy \u201eMIERZEJA\u201d, po\u0142o\u017cony w malowniczej okolicy na Mierzei Wi\u015blanej, to kameralne miejsce blisko morza, gdzie w os\u0142oni\u0119tym od wiatru wysokimi sosnami i starannie utrzymanym parku stoi 25 drewnianych domk\u00f3w kempingowych.\" \/>\n<meta name=\"robots\" content=\"index, follow, max-snippet:-1, max-image-preview:large, max-video-preview:-1\" \/>\n<link rel=\"canonical\" href=\"https:\/\/www.mierzeja-relax.pl\/mierzeja\/oferty-specjalne\/\" \/>\n<meta property=\"og:locale\" content=\"pl_PL\" \/>\n<meta property=\"og:type\" content=\"article\" \/>\n<meta property=\"og:title\" content=\"Oferty nad morzem - OW Mierzeja\" \/>\n<meta property=\"og:description\" content=\"O\u015brodek wczasowy \u201eMIERZEJA\u201d, po\u0142o\u017cony w malowniczej okolicy na Mierzei Wi\u015blanej, to kameralne miejsce blisko morza, gdzie w os\u0142oni\u0119tym od wiatru wysokimi sosnami i starannie utrzymanym parku stoi 25 drewnianych domk\u00f3w kempingowych.\" \/>\n<meta property=\"og:url\" content=\"https:\/\/www.mierzeja-relax.pl\/mierzeja\/oferty-specjalne\/\" \/>\n<meta property=\"og:site_name\" content=\"OW MIERZEJA - DOMKI DREWNIANE SZTUTOWO\" \/>\n<meta property=\"article:publisher\" content=\"https:\/\/www.facebook.com\/people\/OW-Mierzeja\/100063609998248\/?ref=embed_page\" \/>\n<meta property=\"article:modified_time\" content=\"2025-10-16T13:15:35+00:00\" \/>\n<meta name=\"twitter:card\" content=\"summary_large_image\" \/>\n<meta name=\"twitter:label1\" content=\"Szacowany czas czytania\" \/>\n\t<meta name=\"twitter:data1\" content=\"1 minuta\" \/>\n<script type=\"application\/ld+json\" class=\"yoast-schema-graph\">{\"@context\":\"https:\/\/schema.org\",\"@graph\":[{\"@type\":\"WebPage\",\"@id\":\"https:\/\/www.mierzeja-relax.pl\/mierzeja\/oferty-specjalne\/\",\"url\":\"https:\/\/www.mierzeja-relax.pl\/mierzeja\/oferty-specjalne\/\",\"name\":\"Oferty nad morzem - OW Mierzeja\",\"isPartOf\":{\"@id\":\"https:\/\/www.mierzeja-relax.pl\/mierzeja\/#website\"},\"datePublished\":\"2015-04-19T10:20:39+00:00\",\"dateModified\":\"2025-10-16T13:15:35+00:00\",\"description\":\"O\u015brodek wczasowy \u201eMIERZEJA\u201d, po\u0142o\u017cony w malowniczej okolicy na Mierzei Wi\u015blanej, to kameralne miejsce blisko morza, gdzie w os\u0142oni\u0119tym od wiatru wysokimi sosnami i starannie utrzymanym parku stoi 25 drewnianych domk\u00f3w kempingowych.\",\"breadcrumb\":{\"@id\":\"https:\/\/www.mierzeja-relax.pl\/mierzeja\/oferty-specjalne\/#breadcrumb\"},\"inLanguage\":\"pl-PL\",\"potentialAction\":[{\"@type\":\"ReadAction\",\"target\":[\"https:\/\/www.mierzeja-relax.pl\/mierzeja\/oferty-specjalne\/\"]}]},{\"@type\":\"BreadcrumbList\",\"@id\":\"https:\/\/www.mierzeja-relax.pl\/mierzeja\/oferty-specjalne\/#breadcrumb\",\"itemListElement\":[{\"@type\":\"ListItem\",\"position\":1,\"name\":\"Strona g\u0142\u00f3wna\",\"item\":\"https:\/\/www.mierzeja-relax.pl\/mierzeja\/\"},{\"@type\":\"ListItem\",\"position\":2,\"name\":\"Oferty\"}]},{\"@type\":\"WebSite\",\"@id\":\"https:\/\/www.mierzeja-relax.pl\/mierzeja\/#website\",\"url\":\"https:\/\/www.mierzeja-relax.pl\/mierzeja\/\",\"name\":\"OW MIERZEJA - DREWNIANE DOMKI NAD MORZEM SZTUTOWO\",\"description\":\"SZTUTOWO\",\"publisher\":{\"@id\":\"https:\/\/www.mierzeja-relax.pl\/mierzeja\/#organization\"},\"potentialAction\":[{\"@type\":\"SearchAction\",\"target\":{\"@type\":\"EntryPoint\",\"urlTemplate\":\"https:\/\/www.mierzeja-relax.pl\/mierzeja\/?s={search_term_string}\"},\"query-input\":{\"@type\":\"PropertyValueSpecification\",\"valueRequired\":true,\"valueName\":\"search_term_string\"}}],\"inLanguage\":\"pl-PL\"},{\"@type\":\"Organization\",\"@id\":\"https:\/\/www.mierzeja-relax.pl\/mierzeja\/#organization\",\"name\":\"OW MIERZEJA - DREWNIANE DOMKI NAD MORZEM SZTUTOWO\",\"url\":\"https:\/\/www.mierzeja-relax.pl\/mierzeja\/\",\"logo\":{\"@type\":\"ImageObject\",\"inLanguage\":\"pl-PL\",\"@id\":\"https:\/\/www.mierzeja-relax.pl\/mierzeja\/#\/schema\/logo\/image\/\",\"url\":\"https:\/\/www.mierzeja-relax.pl\/mierzeja\/wp-content\/uploads\/2015\/05\/LOGO-big11.png\",\"contentUrl\":\"https:\/\/www.mierzeja-relax.pl\/mierzeja\/wp-content\/uploads\/2015\/05\/LOGO-big11.png\",\"width\":120,\"height\":81,\"caption\":\"OW MIERZEJA - DREWNIANE DOMKI NAD MORZEM SZTUTOWO\"},\"image\":{\"@id\":\"https:\/\/www.mierzeja-relax.pl\/mierzeja\/#\/schema\/logo\/image\/\"},\"sameAs\":[\"https:\/\/www.facebook.com\/people\/OW-Mierzeja\/100063609998248\/?ref=embed_page\"]}]}<\/script>\n<!-- \/ Yoast SEO plugin. -->","yoast_head_json":{"title":"Oferty nad morzem - OW Mierzeja","description":"O\u015brodek wczasowy \u201eMIERZEJA\u201d, po\u0142o\u017cony w malowniczej okolicy na Mierzei Wi\u015blanej, to kameralne miejsce blisko morza, gdzie w os\u0142oni\u0119tym od wiatru wysokimi sosnami i starannie utrzymanym parku stoi 25 drewnianych domk\u00f3w kempingowych.","robots":{"index":"index","follow":"follow","max-snippet":"max-snippet:-1","max-image-preview":"max-image-preview:large","max-video-preview":"max-video-preview:-1"},"canonical":"https:\/\/www.mierzeja-relax.pl\/mierzeja\/oferty-specjalne\/","og_locale":"pl_PL","og_type":"article","og_title":"Oferty nad morzem - OW Mierzeja","og_description":"O\u015brodek wczasowy \u201eMIERZEJA\u201d, po\u0142o\u017cony w malowniczej okolicy na Mierzei Wi\u015blanej, to kameralne miejsce blisko morza, gdzie w os\u0142oni\u0119tym od wiatru wysokimi sosnami i starannie utrzymanym parku stoi 25 drewnianych domk\u00f3w kempingowych.","og_url":"https:\/\/www.mierzeja-relax.pl\/mierzeja\/oferty-specjalne\/","og_site_name":"OW MIERZEJA - DOMKI DREWNIANE SZTUTOWO","article_publisher":"https:\/\/www.facebook.com\/people\/OW-Mierzeja\/100063609998248\/?ref=embed_page","article_modified_time":"2025-10-16T13:15:35+00:00","twitter_card":"summary_large_image","twitter_misc":{"Szacowany czas czytania":"1 minuta"},"schema":{"@context":"https:\/\/schema.org","@graph":[{"@type":"WebPage","@id":"https:\/\/www.mierzeja-relax.pl\/mierzeja\/oferty-specjalne\/","url":"https:\/\/www.mierzeja-relax.pl\/mierzeja\/oferty-specjalne\/","name":"Oferty nad morzem - OW Mierzeja","isPartOf":{"@id":"https:\/\/www.mierzeja-relax.pl\/mierzeja\/#website"},"datePublished":"2015-04-19T10:20:39+00:00","dateModified":"2025-10-16T13:15:35+00:00","description":"O\u015brodek wczasowy \u201eMIERZEJA\u201d, po\u0142o\u017cony w malowniczej okolicy na Mierzei Wi\u015blanej, to kameralne miejsce blisko morza, gdzie w os\u0142oni\u0119tym od wiatru wysokimi sosnami i starannie utrzymanym parku stoi 25 drewnianych domk\u00f3w kempingowych.","breadcrumb":{"@id":"https:\/\/www.mierzeja-relax.pl\/mierzeja\/oferty-specjalne\/#breadcrumb"},"inLanguage":"pl-PL","potentialAction":[{"@type":"ReadAction","target":["https:\/\/www.mierzeja-relax.pl\/mierzeja\/oferty-specjalne\/"]}]},{"@type":"BreadcrumbList","@id":"https:\/\/www.mierzeja-relax.pl\/mierzeja\/oferty-specjalne\/#breadcrumb","itemListElement":[{"@type":"ListItem","position":1,"name":"Strona g\u0142\u00f3wna","item":"https:\/\/www.mierzeja-relax.pl\/mierzeja\/"},{"@type":"ListItem","position":2,"name":"Oferty"}]},{"@type":"WebSite","@id":"https:\/\/www.mierzeja-relax.pl\/mierzeja\/#website","url":"https:\/\/www.mierzeja-relax.pl\/mierzeja\/","name":"OW MIERZEJA - DREWNIANE DOMKI NAD MORZEM SZTUTOWO","description":"SZTUTOWO","publisher":{"@id":"https:\/\/www.mierzeja-relax.pl\/mierzeja\/#organization"},"potentialAction":[{"@type":"SearchAction","target":{"@type":"EntryPoint","urlTemplate":"https:\/\/www.mierzeja-relax.pl\/mierzeja\/?s={search_term_string}"},"query-input":{"@type":"PropertyValueSpecification","valueRequired":true,"valueName":"search_term_string"}}],"inLanguage":"pl-PL"},{"@type":"Organization","@id":"https:\/\/www.mierzeja-relax.pl\/mierzeja\/#organization","name":"OW MIERZEJA - DREWNIANE DOMKI NAD MORZEM SZTUTOWO","url":"https:\/\/www.mierzeja-relax.pl\/mierzeja\/","logo":{"@type":"ImageObject","inLanguage":"pl-PL","@id":"https:\/\/www.mierzeja-relax.pl\/mierzeja\/#\/schema\/logo\/image\/","url":"https:\/\/www.mierzeja-relax.pl\/mierzeja\/wp-content\/uploads\/2015\/05\/LOGO-big11.png","contentUrl":"https:\/\/www.mierzeja-relax.pl\/mierzeja\/wp-content\/uploads\/2015\/05\/LOGO-big11.png","width":120,"height":81,"caption":"OW MIERZEJA - DREWNIANE DOMKI NAD MORZEM SZTUTOWO"},"image":{"@id":"https:\/\/www.mierzeja-relax.pl\/mierzeja\/#\/schema\/logo\/image\/"},"sameAs":["https:\/\/www.facebook.com\/people\/OW-Mierzeja\/100063609998248\/?ref=embed_page"]}]}},"_links":{"self":[{"href":"https:\/\/www.mierzeja-relax.pl\/mierzeja\/wp-json\/wp\/v2\/pages\/121","targetHints":{"allow":["GET"]}}],"collection":[{"href":"https:\/\/www.mierzeja-relax.pl\/mierzeja\/wp-json\/wp\/v2\/pages"}],"about":[{"href":"https:\/\/www.mierzeja-relax.pl\/mierzeja\/wp-json\/wp\/v2\/types\/page"}],"author":[{"embeddable":true,"href":"https:\/\/www.mierzeja-relax.pl\/mierzeja\/wp-json\/wp\/v2\/users\/1"}],"replies":[{"embeddable":true,"href":"https:\/\/www.mierzeja-relax.pl\/mierzeja\/wp-json\/wp\/v2\/comments?post=121"}],"version-history":[{"count":1,"href":"https:\/\/www.mierzeja-relax.pl\/mierzeja\/wp-json\/wp\/v2\/pages\/121\/revisions"}],"predecessor-version":[{"id":1487,"href":"https:\/\/www.mierzeja-relax.pl\/mierzeja\/wp-json\/wp\/v2\/pages\/121\/revisions\/1487"}],"wp:attachment":[{"href":"https:\/\/www.mierzeja-relax.pl\/mierzeja\/wp-json\/wp\/v2\/media?parent=121"}],"curies":[{"name":"wp","href":"https:\/\/api.w.org\/{rel}","templated":true}]}}