{"id":45,"date":"2015-04-19T06:40:45","date_gmt":"2015-04-19T04:40:45","guid":{"rendered":"http:\/\/www.mierzeja-relax.pl\/mierzeja\/?page_id=45"},"modified":"2023-07-19T10:31:18","modified_gmt":"2023-07-19T08:31:18","slug":"rezerwacja-na-zapytanie","status":"publish","type":"page","link":"https:\/\/www.mierzeja-relax.pl\/mierzeja\/rezerwacja-na-zapytanie\/","title":{"rendered":"REZERWACJA NA ZAPYTANIE"},"content":{"rendered":"<div class=\"wpb-content-wrapper\"><p>[vc_row][vc_column][vc_column_text]<\/p>\n<h3 style=\"text-align: center;\"><strong>Prosimy o rezerwacj\u0119 online,<br \/>\nw przypadkach niestandardowych mo\u017cna r\u00f3wnie\u017c skorzysta\u0107 z dodatkowego formularza zapytania.<\/strong><\/h3>\n<p>[\/vc_column_text][vc_btn title=&#8221;Rezerwacja online&#8221; color=&#8221;turquoise&#8221; align=&#8221;center&#8221; add_icon=&#8221;true&#8221; el_class=&#8221;ra-reservation-form-button&#8221;][vc_column_text]<\/p>\n<h3 style=\"text-align: left;\"><strong>Formularz zapytania<\/strong><\/h3>\n<p>[\/vc_column_text]\n<div class=\"wpcf7 no-js\" id=\"wpcf7-f5-o1\" lang=\"pl-PL\" dir=\"ltr\" data-wpcf7-id=\"5\">\n<div class=\"screen-reader-response\"><p role=\"status\" aria-live=\"polite\" aria-atomic=\"true\"><\/p> <ul><\/ul><\/div>\n<form action=\"\/mierzeja\/wp-json\/wp\/v2\/pages\/45#wpcf7-f5-o1\" method=\"post\" class=\"wpcf7-form init\" aria-label=\"Formularz kontaktowy\" novalidate=\"novalidate\" data-status=\"init\">\n<fieldset class=\"hidden-fields-container\"><input type=\"hidden\" name=\"_wpcf7\" value=\"5\" \/><input type=\"hidden\" name=\"_wpcf7_version\" value=\"6.1.6\" \/><input type=\"hidden\" name=\"_wpcf7_locale\" value=\"pl_PL\" \/><input type=\"hidden\" name=\"_wpcf7_unit_tag\" value=\"wpcf7-f5-o1\" \/><input type=\"hidden\" name=\"_wpcf7_container_post\" value=\"0\" \/><input type=\"hidden\" name=\"_wpcf7_posted_data_hash\" value=\"\" \/>\n<\/fieldset>\n<p>Imi\u0119 i nazwisko (wymagane)\n<\/p>\n<p><span class=\"wpcf7-form-control-wrap\" data-name=\"your-name\"><input size=\"40\" maxlength=\"400\" class=\"wpcf7-form-control wpcf7-text wpcf7-validates-as-required\" aria-required=\"true\" aria-invalid=\"false\" value=\"\" type=\"text\" name=\"your-name\" \/><\/span>\n<\/p>\n<p>Adres email (wymagane)\n<\/p>\n<p><span class=\"wpcf7-form-control-wrap\" data-name=\"your-email\"><input size=\"40\" maxlength=\"400\" class=\"wpcf7-form-control wpcf7-email wpcf7-validates-as-required wpcf7-text wpcf7-validates-as-email\" aria-required=\"true\" aria-invalid=\"false\" value=\"\" type=\"email\" name=\"your-email\" \/><\/span>\n<\/p>\n<p>Temat\n<\/p>\n<p><span class=\"wpcf7-form-control-wrap\" data-name=\"your-subject\"><input size=\"40\" maxlength=\"400\" class=\"wpcf7-form-control wpcf7-text\" aria-invalid=\"false\" value=\"\" type=\"text\" name=\"your-subject\" \/><\/span>\n<\/p>\n<p>Od\n<\/p>\n<p><span class=\"wpcf7-form-control-wrap\" data-name=\"date-178\"><input class=\"wpcf7-form-control wpcf7-date wpcf7-validates-as-required wpcf7-validates-as-date\" aria-required=\"true\" aria-invalid=\"false\" value=\"\" type=\"date\" name=\"date-178\" \/><\/span>\n<\/p>\n<p>Do\n<\/p>\n<p><span class=\"wpcf7-form-control-wrap\" data-name=\"date-382\"><input class=\"wpcf7-form-control wpcf7-date wpcf7-validates-as-required wpcf7-validates-as-date\" aria-required=\"true\" aria-invalid=\"false\" value=\"\" type=\"date\" name=\"date-382\" \/><\/span>\n<\/p>\n<p>Ile os\u00f3b doros\u0142ych\n<\/p>\n<p><span class=\"wpcf7-form-control-wrap\" data-name=\"IOsobydorose\"><select class=\"wpcf7-form-control wpcf7-select\" aria-invalid=\"false\" name=\"IOsobydorose\"><option value=\"1\">1<\/option><option value=\"2\">2<\/option><option value=\"3\">3<\/option><option value=\"4\">4<\/option><option value=\"5\">5<\/option><option value=\"6\">6<\/option><option value=\"7\">7<\/option><option value=\"8\">8<\/option><\/select><\/span>\n<\/p>\n<p>Ile dzieci\n<\/p>\n<p><span class=\"wpcf7-form-control-wrap\" data-name=\"menu-697\"><select class=\"wpcf7-form-control wpcf7-select\" id=\"IleDzieci\" aria-invalid=\"false\" name=\"menu-697\"><option value=\"1\">1<\/option><option value=\"2\">2<\/option><option value=\"3\">3<\/option><option value=\"4\">4<\/option><option value=\"5\">5<\/option><option value=\"6\">6<\/option><option value=\"7\">7<\/option><\/select><\/span>\n<\/p>\n<p><span class=\"wpcf7-form-control-wrap\" data-name=\"checkbox-592\"><span class=\"wpcf7-form-control wpcf7-checkbox\" id=\"Pies\"><span class=\"wpcf7-list-item first last\"><input type=\"checkbox\" name=\"checkbox-592[]\" value=\"Pies\" \/><span class=\"wpcf7-list-item-label\">Pies<\/span><\/span><\/span><\/span>\n<\/p>\n<p>Wybierz Domek\n<\/p>\n<p><span class=\"wpcf7-form-control-wrap\" data-name=\"checkbox-592\"><span class=\"wpcf7-form-control wpcf7-checkbox\" id=\"Wybierz\"><span class=\"wpcf7-list-item first\"><input type=\"checkbox\" name=\"checkbox-592[]\" value=\"Domek De Lux 2016\" \/><span class=\"wpcf7-list-item-label\">Domek De Lux 2016<\/span><\/span><span class=\"wpcf7-list-item\"><input type=\"checkbox\" name=\"checkbox-592[]\" value=\"Domek De Lux 2018\" \/><span class=\"wpcf7-list-item-label\">Domek De Lux 2018<\/span><\/span><span class=\"wpcf7-list-item\"><input type=\"checkbox\" name=\"checkbox-592[]\" value=\"Domek BRDY\" \/><span class=\"wpcf7-list-item-label\">Domek BRDY<\/span><\/span><span class=\"wpcf7-list-item last\"><input type=\"checkbox\" name=\"checkbox-592[]\" value=\"Domek WIGRY\" \/><span class=\"wpcf7-list-item-label\">Domek WIGRY<\/span><\/span><\/span><\/span>\n<\/p>\n<p>Tre\u015b\u0107 wiadomo\u015bci\n<\/p>\n<p><span class=\"wpcf7-form-control-wrap\" data-name=\"your-message\"><textarea cols=\"40\" rows=\"10\" maxlength=\"2000\" class=\"wpcf7-form-control wpcf7-textarea\" aria-invalid=\"false\" name=\"your-message\"><\/textarea><\/span>\n<\/p>\n<p><input class=\"wpcf7-form-control wpcf7-submit has-spinner\" type=\"submit\" value=\"Wy\u015blij\" \/>\n<\/p><div class=\"wpcf7-response-output\" aria-hidden=\"true\"><\/div>\n<\/form>\n<\/div>\n[\/vc_column][\/vc_row][vc_row][vc_column][\/vc_column][\/vc_row]<\/p>\n<\/div>","protected":false},"excerpt":{"rendered":"<p>[vc_row][vc_column][vc_column_text] Prosimy o rezerwacj\u0119 online, w przypadkach niestandardowych mo\u017cna r\u00f3wnie\u017c skorzysta\u0107 z dodatkowego formularza zapytania. [\/vc_column_text][vc_btn title=&#8221;Rezerwacja online&#8221; color=&#8221;turquoise&#8221; align=&#8221;center&#8221; add_icon=&#8221;true&#8221; el_class=&#8221;ra-reservation-form-button&#8221;][vc_column_text] Formularz zapytania [\/vc_column_text][\/vc_column][\/vc_row][vc_row][vc_column][\/vc_column][\/vc_row]<\/p>\n","protected":false},"author":1,"featured_media":0,"parent":0,"menu_order":0,"comment_status":"closed","ping_status":"closed","template":"","meta":{"footnotes":""},"class_list":["post-45","page","type-page","status-publish","hentry","description-off"],"yoast_head":"<!-- This site is optimized with the Yoast SEO plugin v27.2 - https:\/\/yoast.com\/product\/yoast-seo-wordpress\/ -->\n<title>REZERWACJA NA ZAPYTANIE - OW MIERZEJA - DOMKI DREWNIANE SZTUTOWO<\/title>\n<meta name=\"description\" content=\"Wczasy rodzinne nad morzem , urlop z rodzin\u0105 nad morzem, Tanie noclegi nad morzem wczasy z dzie\u0107mi, wczasy rodzinne blisko morza, sztutowo\" \/>\n<meta name=\"robots\" content=\"index, follow, max-snippet:-1, max-image-preview:large, max-video-preview:-1\" \/>\n<link rel=\"canonical\" href=\"https:\/\/www.mierzeja-relax.pl\/mierzeja\/rezerwacja-na-zapytanie\/\" \/>\n<meta property=\"og:locale\" content=\"pl_PL\" \/>\n<meta property=\"og:type\" content=\"article\" \/>\n<meta property=\"og:title\" content=\"REZERWACJA NA ZAPYTANIE - OW MIERZEJA - DOMKI DREWNIANE SZTUTOWO\" \/>\n<meta property=\"og:description\" content=\"Wczasy rodzinne nad morzem , urlop z rodzin\u0105 nad morzem, Tanie noclegi nad morzem wczasy z dzie\u0107mi, wczasy rodzinne blisko morza, sztutowo\" \/>\n<meta property=\"og:url\" content=\"https:\/\/www.mierzeja-relax.pl\/mierzeja\/rezerwacja-na-zapytanie\/\" \/>\n<meta property=\"og:site_name\" content=\"OW MIERZEJA - DOMKI DREWNIANE SZTUTOWO\" \/>\n<meta property=\"article:publisher\" content=\"https:\/\/www.facebook.com\/people\/OW-Mierzeja\/100063609998248\/?ref=embed_page\" \/>\n<meta property=\"article:modified_time\" content=\"2023-07-19T08:31:18+00:00\" \/>\n<meta name=\"twitter:card\" content=\"summary_large_image\" \/>\n<script type=\"application\/ld+json\" class=\"yoast-schema-graph\">{\"@context\":\"https:\/\/schema.org\",\"@graph\":[{\"@type\":\"WebPage\",\"@id\":\"https:\/\/www.mierzeja-relax.pl\/mierzeja\/rezerwacja-na-zapytanie\/\",\"url\":\"https:\/\/www.mierzeja-relax.pl\/mierzeja\/rezerwacja-na-zapytanie\/\",\"name\":\"REZERWACJA NA ZAPYTANIE - OW MIERZEJA - DOMKI DREWNIANE SZTUTOWO\",\"isPartOf\":{\"@id\":\"https:\/\/www.mierzeja-relax.pl\/mierzeja\/#website\"},\"datePublished\":\"2015-04-19T04:40:45+00:00\",\"dateModified\":\"2023-07-19T08:31:18+00:00\",\"description\":\"Wczasy rodzinne nad morzem , urlop z rodzin\u0105 nad morzem, Tanie noclegi nad morzem wczasy z dzie\u0107mi, wczasy rodzinne blisko morza, sztutowo\",\"breadcrumb\":{\"@id\":\"https:\/\/www.mierzeja-relax.pl\/mierzeja\/rezerwacja-na-zapytanie\/#breadcrumb\"},\"inLanguage\":\"pl-PL\",\"potentialAction\":[{\"@type\":\"ReadAction\",\"target\":[\"https:\/\/www.mierzeja-relax.pl\/mierzeja\/rezerwacja-na-zapytanie\/\"]}]},{\"@type\":\"BreadcrumbList\",\"@id\":\"https:\/\/www.mierzeja-relax.pl\/mierzeja\/rezerwacja-na-zapytanie\/#breadcrumb\",\"itemListElement\":[{\"@type\":\"ListItem\",\"position\":1,\"name\":\"Strona g\u0142\u00f3wna\",\"item\":\"https:\/\/www.mierzeja-relax.pl\/mierzeja\/\"},{\"@type\":\"ListItem\",\"position\":2,\"name\":\"REZERWACJA NA ZAPYTANIE\"}]},{\"@type\":\"WebSite\",\"@id\":\"https:\/\/www.mierzeja-relax.pl\/mierzeja\/#website\",\"url\":\"https:\/\/www.mierzeja-relax.pl\/mierzeja\/\",\"name\":\"OW MIERZEJA - DREWNIANE DOMKI NAD MORZEM SZTUTOWO\",\"description\":\"SZTUTOWO\",\"publisher\":{\"@id\":\"https:\/\/www.mierzeja-relax.pl\/mierzeja\/#organization\"},\"potentialAction\":[{\"@type\":\"SearchAction\",\"target\":{\"@type\":\"EntryPoint\",\"urlTemplate\":\"https:\/\/www.mierzeja-relax.pl\/mierzeja\/?s={search_term_string}\"},\"query-input\":{\"@type\":\"PropertyValueSpecification\",\"valueRequired\":true,\"valueName\":\"search_term_string\"}}],\"inLanguage\":\"pl-PL\"},{\"@type\":\"Organization\",\"@id\":\"https:\/\/www.mierzeja-relax.pl\/mierzeja\/#organization\",\"name\":\"OW MIERZEJA - DREWNIANE DOMKI NAD MORZEM SZTUTOWO\",\"url\":\"https:\/\/www.mierzeja-relax.pl\/mierzeja\/\",\"logo\":{\"@type\":\"ImageObject\",\"inLanguage\":\"pl-PL\",\"@id\":\"https:\/\/www.mierzeja-relax.pl\/mierzeja\/#\/schema\/logo\/image\/\",\"url\":\"https:\/\/www.mierzeja-relax.pl\/mierzeja\/wp-content\/uploads\/2015\/05\/LOGO-big11.png\",\"contentUrl\":\"https:\/\/www.mierzeja-relax.pl\/mierzeja\/wp-content\/uploads\/2015\/05\/LOGO-big11.png\",\"width\":120,\"height\":81,\"caption\":\"OW MIERZEJA - DREWNIANE DOMKI NAD MORZEM SZTUTOWO\"},\"image\":{\"@id\":\"https:\/\/www.mierzeja-relax.pl\/mierzeja\/#\/schema\/logo\/image\/\"},\"sameAs\":[\"https:\/\/www.facebook.com\/people\/OW-Mierzeja\/100063609998248\/?ref=embed_page\"]}]}<\/script>\n<!-- \/ Yoast SEO plugin. -->","yoast_head_json":{"title":"REZERWACJA NA ZAPYTANIE - OW MIERZEJA - DOMKI DREWNIANE SZTUTOWO","description":"Wczasy rodzinne nad morzem , urlop z rodzin\u0105 nad morzem, Tanie noclegi nad morzem wczasy z dzie\u0107mi, wczasy rodzinne blisko morza, sztutowo","robots":{"index":"index","follow":"follow","max-snippet":"max-snippet:-1","max-image-preview":"max-image-preview:large","max-video-preview":"max-video-preview:-1"},"canonical":"https:\/\/www.mierzeja-relax.pl\/mierzeja\/rezerwacja-na-zapytanie\/","og_locale":"pl_PL","og_type":"article","og_title":"REZERWACJA NA ZAPYTANIE - OW MIERZEJA - DOMKI DREWNIANE SZTUTOWO","og_description":"Wczasy rodzinne nad morzem , urlop z rodzin\u0105 nad morzem, Tanie noclegi nad morzem wczasy z dzie\u0107mi, wczasy rodzinne blisko morza, sztutowo","og_url":"https:\/\/www.mierzeja-relax.pl\/mierzeja\/rezerwacja-na-zapytanie\/","og_site_name":"OW MIERZEJA - DOMKI DREWNIANE SZTUTOWO","article_publisher":"https:\/\/www.facebook.com\/people\/OW-Mierzeja\/100063609998248\/?ref=embed_page","article_modified_time":"2023-07-19T08:31:18+00:00","twitter_card":"summary_large_image","schema":{"@context":"https:\/\/schema.org","@graph":[{"@type":"WebPage","@id":"https:\/\/www.mierzeja-relax.pl\/mierzeja\/rezerwacja-na-zapytanie\/","url":"https:\/\/www.mierzeja-relax.pl\/mierzeja\/rezerwacja-na-zapytanie\/","name":"REZERWACJA NA ZAPYTANIE - OW MIERZEJA - DOMKI DREWNIANE SZTUTOWO","isPartOf":{"@id":"https:\/\/www.mierzeja-relax.pl\/mierzeja\/#website"},"datePublished":"2015-04-19T04:40:45+00:00","dateModified":"2023-07-19T08:31:18+00:00","description":"Wczasy rodzinne nad morzem , urlop z rodzin\u0105 nad morzem, Tanie noclegi nad morzem wczasy z dzie\u0107mi, wczasy rodzinne blisko morza, sztutowo","breadcrumb":{"@id":"https:\/\/www.mierzeja-relax.pl\/mierzeja\/rezerwacja-na-zapytanie\/#breadcrumb"},"inLanguage":"pl-PL","potentialAction":[{"@type":"ReadAction","target":["https:\/\/www.mierzeja-relax.pl\/mierzeja\/rezerwacja-na-zapytanie\/"]}]},{"@type":"BreadcrumbList","@id":"https:\/\/www.mierzeja-relax.pl\/mierzeja\/rezerwacja-na-zapytanie\/#breadcrumb","itemListElement":[{"@type":"ListItem","position":1,"name":"Strona g\u0142\u00f3wna","item":"https:\/\/www.mierzeja-relax.pl\/mierzeja\/"},{"@type":"ListItem","position":2,"name":"REZERWACJA NA ZAPYTANIE"}]},{"@type":"WebSite","@id":"https:\/\/www.mierzeja-relax.pl\/mierzeja\/#website","url":"https:\/\/www.mierzeja-relax.pl\/mierzeja\/","name":"OW MIERZEJA - DREWNIANE DOMKI NAD MORZEM SZTUTOWO","description":"SZTUTOWO","publisher":{"@id":"https:\/\/www.mierzeja-relax.pl\/mierzeja\/#organization"},"potentialAction":[{"@type":"SearchAction","target":{"@type":"EntryPoint","urlTemplate":"https:\/\/www.mierzeja-relax.pl\/mierzeja\/?s={search_term_string}"},"query-input":{"@type":"PropertyValueSpecification","valueRequired":true,"valueName":"search_term_string"}}],"inLanguage":"pl-PL"},{"@type":"Organization","@id":"https:\/\/www.mierzeja-relax.pl\/mierzeja\/#organization","name":"OW MIERZEJA - DREWNIANE DOMKI NAD MORZEM SZTUTOWO","url":"https:\/\/www.mierzeja-relax.pl\/mierzeja\/","logo":{"@type":"ImageObject","inLanguage":"pl-PL","@id":"https:\/\/www.mierzeja-relax.pl\/mierzeja\/#\/schema\/logo\/image\/","url":"https:\/\/www.mierzeja-relax.pl\/mierzeja\/wp-content\/uploads\/2015\/05\/LOGO-big11.png","contentUrl":"https:\/\/www.mierzeja-relax.pl\/mierzeja\/wp-content\/uploads\/2015\/05\/LOGO-big11.png","width":120,"height":81,"caption":"OW MIERZEJA - DREWNIANE DOMKI NAD MORZEM SZTUTOWO"},"image":{"@id":"https:\/\/www.mierzeja-relax.pl\/mierzeja\/#\/schema\/logo\/image\/"},"sameAs":["https:\/\/www.facebook.com\/people\/OW-Mierzeja\/100063609998248\/?ref=embed_page"]}]}},"_links":{"self":[{"href":"https:\/\/www.mierzeja-relax.pl\/mierzeja\/wp-json\/wp\/v2\/pages\/45","targetHints":{"allow":["GET"]}}],"collection":[{"href":"https:\/\/www.mierzeja-relax.pl\/mierzeja\/wp-json\/wp\/v2\/pages"}],"about":[{"href":"https:\/\/www.mierzeja-relax.pl\/mierzeja\/wp-json\/wp\/v2\/types\/page"}],"author":[{"embeddable":true,"href":"https:\/\/www.mierzeja-relax.pl\/mierzeja\/wp-json\/wp\/v2\/users\/1"}],"replies":[{"embeddable":true,"href":"https:\/\/www.mierzeja-relax.pl\/mierzeja\/wp-json\/wp\/v2\/comments?post=45"}],"version-history":[{"count":0,"href":"https:\/\/www.mierzeja-relax.pl\/mierzeja\/wp-json\/wp\/v2\/pages\/45\/revisions"}],"wp:attachment":[{"href":"https:\/\/www.mierzeja-relax.pl\/mierzeja\/wp-json\/wp\/v2\/media?parent=45"}],"curies":[{"name":"wp","href":"https:\/\/api.w.org\/{rel}","templated":true}]}}