{"id":674,"date":"2017-12-06T19:38:21","date_gmt":"2017-12-06T18:38:21","guid":{"rendered":"http:\/\/www.mierzeja-relax.pl\/mierzeja\/?page_id=674"},"modified":"2026-03-29T17:39:55","modified_gmt":"2026-03-29T15:39:55","slug":"zielone-szkoly","status":"publish","type":"page","link":"https:\/\/www.mierzeja-relax.pl\/mierzeja\/zielone-szkoly\/","title":{"rendered":"Zielone Szko\u0142y"},"content":{"rendered":"<div class=\"wpb-content-wrapper\"><p>[vc_row][vc_column][vc_single_image image=&#8221;383&#8243; img_size=&#8221;full&#8221; alignment=&#8221;center&#8221;][vc_column_text]<\/p>\n<h2><strong>Zakwaterowanie <\/strong><\/h2>\n<h3>Liczba miejsc: 200<\/h3>\n<p>[\/vc_column_text][vc_media_grid element_width=&#8221;3&#8243; css=&#8221;&#8221; grid_id=&#8221;vc_gid:1774798703949-afc6a496-480d-1&#8243; include=&#8221;1158,1031,1163,1162,1205,868&#8243;][vc_column_text css=&#8221;&#8221;]<\/p>\n<h2>Do dyspozycji:<\/h2>\n<h3>\u00b7\u00a0\u00a0\u00a0\u00a0\u00a0 Domki drewniane 7\u00a0 osobowe :Zielone i 2 domki<\/h3>\n<h3>\u00a0Brdy<\/h3>\n<h3>\u2013 na parterze w pokoju dziennym: 3 miejsca do spania<\/h3>\n<h3>\u2013 na pi\u0119trze w dw\u00f3ch pokojach: 4 miejsca do spania<\/h3>\n<h3>\u00b7\u00a0\u00a0\u00a0\u00a0\u00a0 Domki drewniane De LUX 16 i De LUX 18 ,7-9-osobowe:<\/h3>\n<h3>\u2013 na parterze w pokoju dziennym:2-3 miejsc do spania<\/h3>\n<h3>\u2013 na pi\u0119trze w dw\u00f3ch pokojach: \u00a04-6 miejsc do spania<\/h3>\n<h3>Teren o\u015brodka jest ogrodzony, bezpieczny, z bram\u0105 zamykan\u0105 na noc.<\/h3>\n<h3>Cennik kwater dla Zielonej Szko\u0142y (ceny podane w PLN za osob\u0119 \/ dob\u0119)<\/h3>\n<p><strong>\u00a0<\/strong><\/p>\n<h2>Dodatkowo odp\u0142atnie:<\/h2>\n<h3>\u00b7\u00a0\u00a0\u00a0\u00a0\u00a0 mo\u017cliwo\u015b\u0107 korzystania z rower\u00f3w, gier i mini golfa<\/h3>\n<p>[\/vc_column_text][vc_row_inner][vc_column_inner][vc_media_grid element_width=&#8221;3&#8243; css=&#8221;&#8221; grid_id=&#8221;vc_gid:1774798703954-4f288b77-0e5c-7&#8243; include=&#8221;574,580&#8243;][\/vc_column_inner][\/vc_row_inner][vc_column_text]<\/p>\n<h3><strong>Zapisy mo\u017cliwe przez Internet wed\u0142ug kolejno\u015bci zg\u0142osze\u0144, zgodnie z regulaminem dost\u0119pnym na stronie Gminy Sztutowo: <a href=\"http:\/\/www.sztutowo.gow.pl\">www.sztutowo.gow.pl<\/a><\/strong><\/h3>\n<p>&nbsp;<\/p>\n<h2><strong>Walory turystyczne<\/strong><\/h2>\n<ul>\n<li>\n<h3>mikroklimat sprzyjaj\u0105cy leczeniu chor\u00f3b serca i dr\u00f3g oddechowych<\/h3>\n<\/li>\n<li>\n<h3>blisko\u015b\u0107 lasu i morza, rozleg\u0142e pla\u017ce<\/h3>\n<\/li>\n<li>\n<h3>doskona\u0142a baza wypadowa do Gda\u0144ska (40 km), Gdyni (55 km), Sopotu (50 km), Malborka (35 km), Fromborka (55 km). Mo\u017cliwo\u015b\u0107 zorganizowania wycieczek.<\/h3>\n<\/li>\n<\/ul>\n<p>&nbsp;<\/p>\n<h3>Na \u017cyczenie organizatora istnieje mo\u017cliwo\u015b\u0107 zorganizowania wycieczek.<\/h3>\n<h2><strong>Baza sportowa<\/strong><\/h2>\n<ul>\n<li>\n<h3>boiska do koszyk\u00f3wki i siatk\u00f3wki<\/h3>\n<\/li>\n<li>\n<h3>kort tenisowy<\/h3>\n<\/li>\n<li>\n<h3>st\u00f3\u0142 do ping-ponga i tenisa sto\u0142owego<\/h3>\n<\/li>\n<li>\n<h3>\u015bciana do squasha<\/h3>\n<\/li>\n<li>\n<h3>rowery<\/h3>\n<\/li>\n<li>\n<h3>grill<\/h3>\n<\/li>\n<li>\n<h3>plac zabaw dla m\u0142odszych dzieci<\/h3>\n<\/li>\n<\/ul>\n<p><strong>\u00a0<\/strong><\/p>\n<h2><strong>OFERTY WYCIECZEK organizowane przez Biuro Podr\u00f3\u017cy Szczypta \u015awiata <\/strong><\/h2>\n<ol>\n<li>\n<h3>Gda\u0144sk G\u0142\u00f3wne Miasto (ok. 6 godz.)<\/h3>\n<h3>2. Gda\u0144sk G\u0142\u00f3wne Miasto + Stare Miasto (ok. 7 godz.)<\/h3>\n<h3>3. Tr\u00f3jmiasto: Gda\u0144sk, Sopot, Gdynia (ok. 9 godz.)<\/h3>\n<h3>4. Malbork (ok. 6 godz.)<\/h3>\n<h3>5. Frombork (ok. 6 godz.)<\/h3>\n<h3>6. Wycieczka po Mierzei Wi\u015blanej i \u017bu\u0142awach (ok. 6 godz.)<\/h3>\n<\/li>\n<\/ol>\n<h3>Wi\u0119cej informacji na stronie <a href=\"http:\/\/www.szczyptaswiata.com.pl\/\">www.szczyptaswiata.com.pl<\/a><\/h3>\n<h2><strong>Proponujemy SPOTKANIA EDUKACYJNE:<\/strong><\/h2>\n<ul>\n<li>\n<h3>Projekt <strong>BURSZTYN<\/strong> (75 PLN)<\/h3>\n<\/li>\n<li>\n<h3>Projekt <strong>FLORA i FAUNA <\/strong>Wybrze\u017ca Ba\u0142tyckiego (90 PLN)<\/h3>\n<\/li>\n<li>\n<h3><strong>W REZERWACIE KORMORAN\u00d3W<\/strong> (75 PLN)<\/h3>\n<\/li>\n<\/ul>\n<h3>Kompleksowa organizacja wycieczek na Pomorze, wi\u0119cej informacji na stronie\u00a0<a href=\"http:\/\/www.szczyptaswiata.com.pl\/\">www.szczyptaswiata.com.pl<\/a><\/h3>\n<h2><strong>Kontakt:<\/strong><\/h2>\n<h3>tel. kom. (+48) 664 652 466, 507 74 56 74<br \/>\ntel. 55 247 83 88<br \/>\n<a href=\"http:\/\/www.mierzeja-relax.pl\">www.mierzeja-relax.pl<\/a><br \/>\ne-mail: <a href=\"mailto:krynicamorska@op.pl\">krynicamorska@op.pl<\/a><br \/>\nAdres do korespondencji: ul. Le\u015bna 3, 82-110 Sztutowo<br \/>\nPHU Miros\u0142aw Szczepankiewicz<br \/>\n48 2490 0005 0000 4530 7709 2296<\/h3>\n<p>[\/vc_column_text][\/vc_column][\/vc_row]<\/p>\n<\/div>","protected":false},"excerpt":{"rendered":"<p>[vc_row][vc_column][vc_single_image image=&#8221;383&#8243; img_size=&#8221;full&#8221; alignment=&#8221;center&#8221;][vc_column_text] Zakwaterowanie Liczba miejsc: 200 [\/vc_column_text][vc_media_grid element_width=&#8221;3&#8243; css=&#8221;&#8221; grid_id=&#8221;vc_gid:1774798703949-afc6a496-480d-1&#8243; include=&#8221;1158,1031,1163,1162,1205,868&#8243;][vc_column_text css=&#8221;&#8221;] Do dyspozycji: \u00b7\u00a0\u00a0\u00a0\u00a0\u00a0 Domki drewniane 7\u00a0 osobowe :Zielone i 2 domki \u00a0Brdy \u2013 na parterze w pokoju dziennym: 3 miejsca do spania \u2013 na pi\u0119trze w dw\u00f3ch pokojach: 4 miejsca do spania \u00b7\u00a0\u00a0\u00a0\u00a0\u00a0 Domki drewniane De LUX 16 i De LUX&hellip;<\/p>\n","protected":false},"author":1,"featured_media":0,"parent":0,"menu_order":0,"comment_status":"closed","ping_status":"closed","template":"","meta":{"footnotes":""},"class_list":["post-674","page","type-page","status-publish","hentry","description-off"],"yoast_head":"<!-- This site is optimized with the Yoast SEO plugin v27.2 - https:\/\/yoast.com\/product\/yoast-seo-wordpress\/ -->\n<title>OW Mierzeja Zielone Szko\u0142y<\/title>\n<meta name=\"description\" content=\"O\u015brodek wczasowy \u201eMIERZEJA\u201d, po\u0142o\u017cony w malowniczej okolicy na Mierzei Wi\u015blanej, zaprasza na Zielone szko\u0142y Posiadamy du\u017c\u0105 baz\u0119 sportowo-rekreacyjn\u0105.\" \/>\n<meta name=\"robots\" content=\"index, follow, max-snippet:-1, max-image-preview:large, max-video-preview:-1\" \/>\n<link rel=\"canonical\" href=\"https:\/\/www.mierzeja-relax.pl\/mierzeja\/zielone-szkoly\/\" \/>\n<meta property=\"og:locale\" content=\"pl_PL\" \/>\n<meta property=\"og:type\" content=\"article\" \/>\n<meta property=\"og:title\" content=\"OW Mierzeja Zielone Szko\u0142y\" \/>\n<meta property=\"og:description\" content=\"O\u015brodek wczasowy \u201eMIERZEJA\u201d, po\u0142o\u017cony w malowniczej okolicy na Mierzei Wi\u015blanej, zaprasza na Zielone szko\u0142y Posiadamy du\u017c\u0105 baz\u0119 sportowo-rekreacyjn\u0105.\" \/>\n<meta property=\"og:url\" content=\"https:\/\/www.mierzeja-relax.pl\/mierzeja\/zielone-szkoly\/\" \/>\n<meta property=\"og:site_name\" content=\"OW MIERZEJA - DOMKI DREWNIANE SZTUTOWO\" \/>\n<meta property=\"article:publisher\" content=\"https:\/\/www.facebook.com\/people\/OW-Mierzeja\/100063609998248\/?ref=embed_page\" \/>\n<meta property=\"article:modified_time\" content=\"2026-03-29T15:39:55+00:00\" \/>\n<meta name=\"twitter:card\" content=\"summary_large_image\" \/>\n<meta name=\"twitter:label1\" content=\"Szacowany czas czytania\" \/>\n\t<meta name=\"twitter:data1\" content=\"4 minuty\" \/>\n<script type=\"application\/ld+json\" class=\"yoast-schema-graph\">{\"@context\":\"https:\/\/schema.org\",\"@graph\":[{\"@type\":\"WebPage\",\"@id\":\"https:\/\/www.mierzeja-relax.pl\/mierzeja\/zielone-szkoly\/\",\"url\":\"https:\/\/www.mierzeja-relax.pl\/mierzeja\/zielone-szkoly\/\",\"name\":\"OW Mierzeja Zielone Szko\u0142y\",\"isPartOf\":{\"@id\":\"https:\/\/www.mierzeja-relax.pl\/mierzeja\/#website\"},\"datePublished\":\"2017-12-06T18:38:21+00:00\",\"dateModified\":\"2026-03-29T15:39:55+00:00\",\"description\":\"O\u015brodek wczasowy \u201eMIERZEJA\u201d, po\u0142o\u017cony w malowniczej okolicy na Mierzei Wi\u015blanej, zaprasza na Zielone szko\u0142y Posiadamy du\u017c\u0105 baz\u0119 sportowo-rekreacyjn\u0105.\",\"breadcrumb\":{\"@id\":\"https:\/\/www.mierzeja-relax.pl\/mierzeja\/zielone-szkoly\/#breadcrumb\"},\"inLanguage\":\"pl-PL\",\"potentialAction\":[{\"@type\":\"ReadAction\",\"target\":[\"https:\/\/www.mierzeja-relax.pl\/mierzeja\/zielone-szkoly\/\"]}]},{\"@type\":\"BreadcrumbList\",\"@id\":\"https:\/\/www.mierzeja-relax.pl\/mierzeja\/zielone-szkoly\/#breadcrumb\",\"itemListElement\":[{\"@type\":\"ListItem\",\"position\":1,\"name\":\"Strona g\u0142\u00f3wna\",\"item\":\"https:\/\/www.mierzeja-relax.pl\/mierzeja\/\"},{\"@type\":\"ListItem\",\"position\":2,\"name\":\"Zielone Szko\u0142y\"}]},{\"@type\":\"WebSite\",\"@id\":\"https:\/\/www.mierzeja-relax.pl\/mierzeja\/#website\",\"url\":\"https:\/\/www.mierzeja-relax.pl\/mierzeja\/\",\"name\":\"OW MIERZEJA - DREWNIANE DOMKI NAD MORZEM SZTUTOWO\",\"description\":\"SZTUTOWO\",\"publisher\":{\"@id\":\"https:\/\/www.mierzeja-relax.pl\/mierzeja\/#organization\"},\"potentialAction\":[{\"@type\":\"SearchAction\",\"target\":{\"@type\":\"EntryPoint\",\"urlTemplate\":\"https:\/\/www.mierzeja-relax.pl\/mierzeja\/?s={search_term_string}\"},\"query-input\":{\"@type\":\"PropertyValueSpecification\",\"valueRequired\":true,\"valueName\":\"search_term_string\"}}],\"inLanguage\":\"pl-PL\"},{\"@type\":\"Organization\",\"@id\":\"https:\/\/www.mierzeja-relax.pl\/mierzeja\/#organization\",\"name\":\"OW MIERZEJA - DREWNIANE DOMKI NAD MORZEM SZTUTOWO\",\"url\":\"https:\/\/www.mierzeja-relax.pl\/mierzeja\/\",\"logo\":{\"@type\":\"ImageObject\",\"inLanguage\":\"pl-PL\",\"@id\":\"https:\/\/www.mierzeja-relax.pl\/mierzeja\/#\/schema\/logo\/image\/\",\"url\":\"https:\/\/www.mierzeja-relax.pl\/mierzeja\/wp-content\/uploads\/2015\/05\/LOGO-big11.png\",\"contentUrl\":\"https:\/\/www.mierzeja-relax.pl\/mierzeja\/wp-content\/uploads\/2015\/05\/LOGO-big11.png\",\"width\":120,\"height\":81,\"caption\":\"OW MIERZEJA - DREWNIANE DOMKI NAD MORZEM SZTUTOWO\"},\"image\":{\"@id\":\"https:\/\/www.mierzeja-relax.pl\/mierzeja\/#\/schema\/logo\/image\/\"},\"sameAs\":[\"https:\/\/www.facebook.com\/people\/OW-Mierzeja\/100063609998248\/?ref=embed_page\"]}]}<\/script>\n<!-- \/ Yoast SEO plugin. -->","yoast_head_json":{"title":"OW Mierzeja Zielone Szko\u0142y","description":"O\u015brodek wczasowy \u201eMIERZEJA\u201d, po\u0142o\u017cony w malowniczej okolicy na Mierzei Wi\u015blanej, zaprasza na Zielone szko\u0142y Posiadamy du\u017c\u0105 baz\u0119 sportowo-rekreacyjn\u0105.","robots":{"index":"index","follow":"follow","max-snippet":"max-snippet:-1","max-image-preview":"max-image-preview:large","max-video-preview":"max-video-preview:-1"},"canonical":"https:\/\/www.mierzeja-relax.pl\/mierzeja\/zielone-szkoly\/","og_locale":"pl_PL","og_type":"article","og_title":"OW Mierzeja Zielone Szko\u0142y","og_description":"O\u015brodek wczasowy \u201eMIERZEJA\u201d, po\u0142o\u017cony w malowniczej okolicy na Mierzei Wi\u015blanej, zaprasza na Zielone szko\u0142y Posiadamy du\u017c\u0105 baz\u0119 sportowo-rekreacyjn\u0105.","og_url":"https:\/\/www.mierzeja-relax.pl\/mierzeja\/zielone-szkoly\/","og_site_name":"OW MIERZEJA - DOMKI DREWNIANE SZTUTOWO","article_publisher":"https:\/\/www.facebook.com\/people\/OW-Mierzeja\/100063609998248\/?ref=embed_page","article_modified_time":"2026-03-29T15:39:55+00:00","twitter_card":"summary_large_image","twitter_misc":{"Szacowany czas czytania":"4 minuty"},"schema":{"@context":"https:\/\/schema.org","@graph":[{"@type":"WebPage","@id":"https:\/\/www.mierzeja-relax.pl\/mierzeja\/zielone-szkoly\/","url":"https:\/\/www.mierzeja-relax.pl\/mierzeja\/zielone-szkoly\/","name":"OW Mierzeja Zielone Szko\u0142y","isPartOf":{"@id":"https:\/\/www.mierzeja-relax.pl\/mierzeja\/#website"},"datePublished":"2017-12-06T18:38:21+00:00","dateModified":"2026-03-29T15:39:55+00:00","description":"O\u015brodek wczasowy \u201eMIERZEJA\u201d, po\u0142o\u017cony w malowniczej okolicy na Mierzei Wi\u015blanej, zaprasza na Zielone szko\u0142y Posiadamy du\u017c\u0105 baz\u0119 sportowo-rekreacyjn\u0105.","breadcrumb":{"@id":"https:\/\/www.mierzeja-relax.pl\/mierzeja\/zielone-szkoly\/#breadcrumb"},"inLanguage":"pl-PL","potentialAction":[{"@type":"ReadAction","target":["https:\/\/www.mierzeja-relax.pl\/mierzeja\/zielone-szkoly\/"]}]},{"@type":"BreadcrumbList","@id":"https:\/\/www.mierzeja-relax.pl\/mierzeja\/zielone-szkoly\/#breadcrumb","itemListElement":[{"@type":"ListItem","position":1,"name":"Strona g\u0142\u00f3wna","item":"https:\/\/www.mierzeja-relax.pl\/mierzeja\/"},{"@type":"ListItem","position":2,"name":"Zielone Szko\u0142y"}]},{"@type":"WebSite","@id":"https:\/\/www.mierzeja-relax.pl\/mierzeja\/#website","url":"https:\/\/www.mierzeja-relax.pl\/mierzeja\/","name":"OW MIERZEJA - DREWNIANE DOMKI NAD MORZEM SZTUTOWO","description":"SZTUTOWO","publisher":{"@id":"https:\/\/www.mierzeja-relax.pl\/mierzeja\/#organization"},"potentialAction":[{"@type":"SearchAction","target":{"@type":"EntryPoint","urlTemplate":"https:\/\/www.mierzeja-relax.pl\/mierzeja\/?s={search_term_string}"},"query-input":{"@type":"PropertyValueSpecification","valueRequired":true,"valueName":"search_term_string"}}],"inLanguage":"pl-PL"},{"@type":"Organization","@id":"https:\/\/www.mierzeja-relax.pl\/mierzeja\/#organization","name":"OW MIERZEJA - DREWNIANE DOMKI NAD MORZEM SZTUTOWO","url":"https:\/\/www.mierzeja-relax.pl\/mierzeja\/","logo":{"@type":"ImageObject","inLanguage":"pl-PL","@id":"https:\/\/www.mierzeja-relax.pl\/mierzeja\/#\/schema\/logo\/image\/","url":"https:\/\/www.mierzeja-relax.pl\/mierzeja\/wp-content\/uploads\/2015\/05\/LOGO-big11.png","contentUrl":"https:\/\/www.mierzeja-relax.pl\/mierzeja\/wp-content\/uploads\/2015\/05\/LOGO-big11.png","width":120,"height":81,"caption":"OW MIERZEJA - DREWNIANE DOMKI NAD MORZEM SZTUTOWO"},"image":{"@id":"https:\/\/www.mierzeja-relax.pl\/mierzeja\/#\/schema\/logo\/image\/"},"sameAs":["https:\/\/www.facebook.com\/people\/OW-Mierzeja\/100063609998248\/?ref=embed_page"]}]}},"_links":{"self":[{"href":"https:\/\/www.mierzeja-relax.pl\/mierzeja\/wp-json\/wp\/v2\/pages\/674","targetHints":{"allow":["GET"]}}],"collection":[{"href":"https:\/\/www.mierzeja-relax.pl\/mierzeja\/wp-json\/wp\/v2\/pages"}],"about":[{"href":"https:\/\/www.mierzeja-relax.pl\/mierzeja\/wp-json\/wp\/v2\/types\/page"}],"author":[{"embeddable":true,"href":"https:\/\/www.mierzeja-relax.pl\/mierzeja\/wp-json\/wp\/v2\/users\/1"}],"replies":[{"embeddable":true,"href":"https:\/\/www.mierzeja-relax.pl\/mierzeja\/wp-json\/wp\/v2\/comments?post=674"}],"version-history":[{"count":3,"href":"https:\/\/www.mierzeja-relax.pl\/mierzeja\/wp-json\/wp\/v2\/pages\/674\/revisions"}],"predecessor-version":[{"id":1641,"href":"https:\/\/www.mierzeja-relax.pl\/mierzeja\/wp-json\/wp\/v2\/pages\/674\/revisions\/1641"}],"wp:attachment":[{"href":"https:\/\/www.mierzeja-relax.pl\/mierzeja\/wp-json\/wp\/v2\/media?parent=674"}],"curies":[{"name":"wp","href":"https:\/\/api.w.org\/{rel}","templated":true}]}}