{"id":678,"date":"2017-12-03T20:32:29","date_gmt":"2017-12-03T19:32:29","guid":{"rendered":"http:\/\/www.mierzeja-relax.pl\/mierzeja\/?page_id=678"},"modified":"2026-03-30T21:23:08","modified_gmt":"2026-03-30T19:23:08","slug":"kolonie-obozy-sportowe","status":"publish","type":"page","link":"https:\/\/www.mierzeja-relax.pl\/mierzeja\/kolonie-obozy-sportowe\/","title":{"rendered":"Kolonie, Obozy sportowe"},"content":{"rendered":"<div class=\"wpb-content-wrapper\"><p>[vc_row][vc_column][vc_single_image image=&#8221;383&#8243; img_size=&#8221;1160&#8243; alignment=&#8221;center&#8221; style=&#8221;vc_box_shadow_border&#8221;][vc_column_text css=&#8221;&#8221;]<\/p>\n<h2 style=\"text-align: center;\"><strong>O\u015brodek Wczasowy \u201eMIERZEJA\u201d to idealne miejsce nie tylko na wczasy rodzinne nad morzem, ale tak\u017ce, by zorganizowa\u0107 tu kolonie lub ob\u00f3z sportowy dla dzieci i m\u0142odzie\u017cy szkolnej.<\/strong><\/h2>\n<h3>Dost\u0119pne terminy na 2-tygodniowe kolonie \/ obozy sportowe:<\/h3>\n<ul>\n<li>\n<h3>3 pierwsze i 2 ostatnie tygodnie wakacji<\/h3>\n<\/li>\n<\/ul>\n<ul>\n<li>\n<h3>wed\u0142ug indywidualnych ustale\u0144 z organizatorem<\/h3>\n<\/li>\n<\/ul>\n<h2><strong>Zakwaterowanie <\/strong><\/h2>\n<h3>Liczba miejsc: 200<\/h3>\n<p>[\/vc_column_text][vc_masonry_media_grid css=&#8221;&#8221; grid_id=&#8221;vc_gid:1774898391824-c9c22f48-0d0d-8&#8243; include=&#8221;868,865,934,645&#8243;][vc_column_text css=&#8221;&#8221;]<\/p>\n<h3><strong>Cennik obozowo &#8211; kolonijny \u2013 noclegi w domkach typu BRDA<br \/>\n<\/strong><\/h3>\n<h2><strong>Cena za osob\u0119 \/dob\u0119 a wraz z pe\u0142nym wy\u017cywieniem<\/strong><\/h2>\n<h2>Pobyty tylko 3 pierwsze i 2 ostatnie tygodnie wakacji<\/h2>\n\n<table id=\"tablepress-7\" class=\"tablepress tablepress-id-7\">\n<thead>\n<tr class=\"row-1\">\n\t<th class=\"column-1\"><strong>D\u0142ugo\u015b\u0107 pobytu<\/strong><\/th><th class=\"column-2\"><strong>Domki zielone Cena - osob\u0119 \/dob\u0119<\/strong><\/th><th class=\"column-3\"><strong>De Lux Cena - dob\u0119\/osoba<\/strong><\/th>\n<\/tr>\n<\/thead>\n<tbody class=\"row-striping row-hover\">\n<tr class=\"row-2\">\n\t<td class=\"column-1\"><strong>1 tydz. wakacji<br \/>\n21-27.06<\/strong><\/td><td class=\"column-2\"><strong>159<\/strong><\/td><td class=\"column-3\"><strong>179<\/strong><\/td>\n<\/tr>\n<tr class=\"row-3\">\n\t<td class=\"column-1\"><strong>2 tydz. <br \/>\n28.06-4.07<\/strong><\/td><td class=\"column-2\"><strong>169<\/strong><\/td><td class=\"column-3\"><strong>199<\/strong><\/td>\n<\/tr>\n<tr class=\"row-4\">\n\t<td class=\"column-1\"><strong>3 tydz.<br \/>\n18-31.08<\/strong><\/td><td class=\"column-2\"><strong>165<\/strong><\/td><td class=\"column-3\"><strong>195<\/strong><\/td>\n<\/tr>\n<\/tbody>\n<\/table>\n<!-- #tablepress-7 from cache -->\n<h3><strong>Dop\u0142ata za diet\u0119\u00a0 10 z\u0142\/os\/dzie\u0144<\/strong><\/h3>\n<h2>+ 1 opiekun na 15 uczni\u00f3w \u2013 GRATIS<\/h2>\n<h3>W cenie, opr\u00f3cz noclegu, zawarte jest wy\u017cywienie (w obiekcie kolonijnym, usytuowanym ok. 150 m od O.W. \u201eMierzeja\u201d):<\/h3>\n<ul>\n<li>\n<h3>Ceny zawieraj\u0105\u00a0 nocleg plus 3 posi\u0142ki \u015bniadanie , obiad ,kolacje<\/h3>\n<\/li>\n<li>\n<h3>Zamiennie prowiant lub ognisko z pieczeniem kie\u0142basek<\/h3>\n<\/li>\n<\/ul>\n<h3>Podane ceny obejmuj\u0105 mo\u017cliwo\u015b\u0107 korzystania r\u00f3wnie\u017c z:<\/h3>\n<ul>\n<li>\n<h3>kortu do tenisa ziemnego<\/h3>\n<\/li>\n<li>\n<h3>boisk do koszyk\u00f3wki, siatk\u00f3wki, siatk\u00f3wki pla\u017cowej<\/h3>\n<\/li>\n<li>\n<h3>tenisa sto\u0142owego<\/h3>\n<\/li>\n<li>\n<h3>\u015bciany do squasha<\/h3>\n<\/li>\n<li>\n<h3>placu zabaw<\/h3>\n<\/li>\n<li>\n<h3>grilla<\/h3>\n<\/li>\n<\/ul>\n<h3>Dodatkowo odp\u0142atnie:<\/h3>\n<ul>\n<li>\n<h3>mo\u017cliwo\u015b\u0107 korzystania z rower\u00f3w, gier i mini golfa<\/h3>\n<\/li>\n<li>\n<h3>Internet za ca\u0142\u0105 grup\u0119 \/ za 1 dzie\u0144: 20 PLN<\/h3>\n<\/li>\n<\/ul>\n<h3>Podane ceny maj\u0105 charakter informacyjny i nie stanowi\u0105 oferty handlowej w rozumieniu art. 66 par.1 Kodeksu Cywilnego.<\/h3>\n<h3>W pobli\u017cu naszego o\u015brodka wczasowego znajduj\u0105 si\u0119 ponadto:<\/h3>\n<ul>\n<li>\n<h3>stadion pi\u0142karski 300 m<\/h3>\n<\/li>\n<li>\n<h3>o\u015brodek jazdy konnej pierwszy 500 m drugi 1000 m<\/h3>\n<\/li>\n<li>\n<h3>boisko do Beach Soccera 800m<\/h3>\n<\/li>\n<li>\n<h3>boisko \u201eOrlik\u201d 800m<\/h3>\n<\/li>\n<\/ul>\n<h3><strong>Zapisy mo\u017cliwe przez Internet wed\u0142ug kolejno\u015bci zg\u0142osze\u0144, zgodnie z regulaminem dost\u0119pnym na stronie Gminy Sztutowo: <a href=\"http:\/\/www.szutowo.gov.pl\">http:\/\/www.szutowo.gov.pl<\/a><\/strong><\/h3>\n<p>[\/vc_column_text][vc_media_grid element_width=&#8221;3&#8243; css=&#8221;&#8221; grid_id=&#8221;vc_gid:1774898391827-efbf5baa-ac7d-8&#8243; include=&#8221;574,580&#8243;][vc_row_inner][vc_column_inner][vc_column_text]<\/p>\n<h3><strong>Walory turystyczne:<\/strong><\/h3>\n<ul>\n<li>\n<h3>mikroklimat sprzyjaj\u0105cy leczeniu chor\u00f3b serca i dr\u00f3g oddechowych<\/h3>\n<\/li>\n<li>\n<h3>blisko\u015b\u0107 lasu i morza, rozleg\u0142e pla\u017ce<\/h3>\n<\/li>\n<li>\n<h3>doskona\u0142a baza wypadowa do Gda\u0144ska (40 km), Gdyni (55 km), Sopotu (50 km), Malborka (35 km), Fromborka (55 km).<\/h3>\n<\/li>\n<li>\n<h3>Mo\u017cliwo\u015b\u0107 zorganizowania wycieczek.<\/h3>\n<\/li>\n<\/ul>\n<h3><strong>Teren o\u015brodka jest ogrodzony, bezpieczny, z bram\u0105 zamykan\u0105 na noc.<\/strong><\/h3>\n<p>[\/vc_column_text][vc_column_text]<\/p>\n<h2><strong>Kontakt<\/strong><\/h2>\n<h3>tel. kom. (+48) 664 652 466, 507 74 56 74<br \/>\ntel. 55 247 83 88<br \/>\nwww.mierzeja-relax.pl<br \/>\ne-mail: krynicamorska@op.pl<br \/>\nAdres do korespondencji: ul. Le\u015bna 3, 82-110 Sztutowo<br \/>\nPHU Miros\u0142aw Szczepankiewicz<br \/>\n48 2490 0005 0000 4530 7709 2296<\/h3>\n<p>[\/vc_column_text][\/vc_column_inner][\/vc_row_inner][\/vc_column][\/vc_row]<\/p>\n<\/div>","protected":false},"excerpt":{"rendered":"<p>[vc_row][vc_column][vc_single_image image=&#8221;383&#8243; img_size=&#8221;1160&#8243; alignment=&#8221;center&#8221; style=&#8221;vc_box_shadow_border&#8221;][vc_column_text css=&#8221;&#8221;] O\u015brodek Wczasowy \u201eMIERZEJA\u201d to idealne miejsce nie tylko na wczasy rodzinne nad morzem, ale tak\u017ce, by zorganizowa\u0107 tu kolonie lub ob\u00f3z sportowy dla dzieci i m\u0142odzie\u017cy szkolnej. Dost\u0119pne terminy na 2-tygodniowe kolonie \/ obozy sportowe: 3 pierwsze i 2 ostatnie tygodnie wakacji wed\u0142ug indywidualnych ustale\u0144 z organizatorem Zakwaterowanie Liczba&hellip;<\/p>\n","protected":false},"author":1,"featured_media":0,"parent":0,"menu_order":0,"comment_status":"closed","ping_status":"closed","template":"","meta":{"footnotes":""},"class_list":["post-678","page","type-page","status-publish","hentry","description-off"],"yoast_head":"<!-- This site is optimized with the Yoast SEO plugin v27.2 - https:\/\/yoast.com\/product\/yoast-seo-wordpress\/ -->\n<title>Kolonie nad morzem<\/title>\n<meta name=\"description\" content=\"O\u015brodek wczasowy \u201eMIERZEJA\u201d, po\u0142o\u017cony w malowniczej okolicy na Mierzei Wi\u015blanej, zaprasza na kolonie i obozy. Posiadamy du\u017c\u0105 baz\u0119 sportowo-rekreacyjn\u0105.\" \/>\n<meta name=\"robots\" content=\"index, follow, max-snippet:-1, max-image-preview:large, max-video-preview:-1\" \/>\n<link rel=\"canonical\" href=\"https:\/\/www.mierzeja-relax.pl\/mierzeja\/kolonie-obozy-sportowe\/\" \/>\n<meta property=\"og:locale\" content=\"pl_PL\" \/>\n<meta property=\"og:type\" content=\"article\" \/>\n<meta property=\"og:title\" content=\"Kolonie nad morzem\" \/>\n<meta property=\"og:description\" content=\"O\u015brodek wczasowy \u201eMIERZEJA\u201d, po\u0142o\u017cony w malowniczej okolicy na Mierzei Wi\u015blanej, zaprasza na kolonie i obozy. Posiadamy du\u017c\u0105 baz\u0119 sportowo-rekreacyjn\u0105.\" \/>\n<meta property=\"og:url\" content=\"https:\/\/www.mierzeja-relax.pl\/mierzeja\/kolonie-obozy-sportowe\/\" \/>\n<meta property=\"og:site_name\" content=\"OW MIERZEJA - DOMKI DREWNIANE SZTUTOWO\" \/>\n<meta property=\"article:publisher\" content=\"https:\/\/www.facebook.com\/people\/OW-Mierzeja\/100063609998248\/?ref=embed_page\" \/>\n<meta property=\"article:modified_time\" content=\"2026-03-30T19:23:08+00:00\" \/>\n<meta name=\"twitter:card\" content=\"summary_large_image\" \/>\n<meta name=\"twitter:label1\" content=\"Szacowany czas czytania\" \/>\n\t<meta name=\"twitter:data1\" content=\"3 minuty\" \/>\n<script type=\"application\/ld+json\" class=\"yoast-schema-graph\">{\"@context\":\"https:\/\/schema.org\",\"@graph\":[{\"@type\":\"WebPage\",\"@id\":\"https:\/\/www.mierzeja-relax.pl\/mierzeja\/kolonie-obozy-sportowe\/\",\"url\":\"https:\/\/www.mierzeja-relax.pl\/mierzeja\/kolonie-obozy-sportowe\/\",\"name\":\"Kolonie nad morzem\",\"isPartOf\":{\"@id\":\"https:\/\/www.mierzeja-relax.pl\/mierzeja\/#website\"},\"datePublished\":\"2017-12-03T19:32:29+00:00\",\"dateModified\":\"2026-03-30T19:23:08+00:00\",\"description\":\"O\u015brodek wczasowy \u201eMIERZEJA\u201d, po\u0142o\u017cony w malowniczej okolicy na Mierzei Wi\u015blanej, zaprasza na kolonie i obozy. Posiadamy du\u017c\u0105 baz\u0119 sportowo-rekreacyjn\u0105.\",\"breadcrumb\":{\"@id\":\"https:\/\/www.mierzeja-relax.pl\/mierzeja\/kolonie-obozy-sportowe\/#breadcrumb\"},\"inLanguage\":\"pl-PL\",\"potentialAction\":[{\"@type\":\"ReadAction\",\"target\":[\"https:\/\/www.mierzeja-relax.pl\/mierzeja\/kolonie-obozy-sportowe\/\"]}]},{\"@type\":\"BreadcrumbList\",\"@id\":\"https:\/\/www.mierzeja-relax.pl\/mierzeja\/kolonie-obozy-sportowe\/#breadcrumb\",\"itemListElement\":[{\"@type\":\"ListItem\",\"position\":1,\"name\":\"Strona g\u0142\u00f3wna\",\"item\":\"https:\/\/www.mierzeja-relax.pl\/mierzeja\/\"},{\"@type\":\"ListItem\",\"position\":2,\"name\":\"Kolonie, Obozy sportowe\"}]},{\"@type\":\"WebSite\",\"@id\":\"https:\/\/www.mierzeja-relax.pl\/mierzeja\/#website\",\"url\":\"https:\/\/www.mierzeja-relax.pl\/mierzeja\/\",\"name\":\"OW MIERZEJA - DREWNIANE DOMKI NAD MORZEM SZTUTOWO\",\"description\":\"SZTUTOWO\",\"publisher\":{\"@id\":\"https:\/\/www.mierzeja-relax.pl\/mierzeja\/#organization\"},\"potentialAction\":[{\"@type\":\"SearchAction\",\"target\":{\"@type\":\"EntryPoint\",\"urlTemplate\":\"https:\/\/www.mierzeja-relax.pl\/mierzeja\/?s={search_term_string}\"},\"query-input\":{\"@type\":\"PropertyValueSpecification\",\"valueRequired\":true,\"valueName\":\"search_term_string\"}}],\"inLanguage\":\"pl-PL\"},{\"@type\":\"Organization\",\"@id\":\"https:\/\/www.mierzeja-relax.pl\/mierzeja\/#organization\",\"name\":\"OW MIERZEJA - DREWNIANE DOMKI NAD MORZEM SZTUTOWO\",\"url\":\"https:\/\/www.mierzeja-relax.pl\/mierzeja\/\",\"logo\":{\"@type\":\"ImageObject\",\"inLanguage\":\"pl-PL\",\"@id\":\"https:\/\/www.mierzeja-relax.pl\/mierzeja\/#\/schema\/logo\/image\/\",\"url\":\"https:\/\/www.mierzeja-relax.pl\/mierzeja\/wp-content\/uploads\/2015\/05\/LOGO-big11.png\",\"contentUrl\":\"https:\/\/www.mierzeja-relax.pl\/mierzeja\/wp-content\/uploads\/2015\/05\/LOGO-big11.png\",\"width\":120,\"height\":81,\"caption\":\"OW MIERZEJA - DREWNIANE DOMKI NAD MORZEM SZTUTOWO\"},\"image\":{\"@id\":\"https:\/\/www.mierzeja-relax.pl\/mierzeja\/#\/schema\/logo\/image\/\"},\"sameAs\":[\"https:\/\/www.facebook.com\/people\/OW-Mierzeja\/100063609998248\/?ref=embed_page\"]}]}<\/script>\n<!-- \/ Yoast SEO plugin. -->","yoast_head_json":{"title":"Kolonie nad morzem","description":"O\u015brodek wczasowy \u201eMIERZEJA\u201d, po\u0142o\u017cony w malowniczej okolicy na Mierzei Wi\u015blanej, zaprasza na kolonie i obozy. Posiadamy du\u017c\u0105 baz\u0119 sportowo-rekreacyjn\u0105.","robots":{"index":"index","follow":"follow","max-snippet":"max-snippet:-1","max-image-preview":"max-image-preview:large","max-video-preview":"max-video-preview:-1"},"canonical":"https:\/\/www.mierzeja-relax.pl\/mierzeja\/kolonie-obozy-sportowe\/","og_locale":"pl_PL","og_type":"article","og_title":"Kolonie nad morzem","og_description":"O\u015brodek wczasowy \u201eMIERZEJA\u201d, po\u0142o\u017cony w malowniczej okolicy na Mierzei Wi\u015blanej, zaprasza na kolonie i obozy. Posiadamy du\u017c\u0105 baz\u0119 sportowo-rekreacyjn\u0105.","og_url":"https:\/\/www.mierzeja-relax.pl\/mierzeja\/kolonie-obozy-sportowe\/","og_site_name":"OW MIERZEJA - DOMKI DREWNIANE SZTUTOWO","article_publisher":"https:\/\/www.facebook.com\/people\/OW-Mierzeja\/100063609998248\/?ref=embed_page","article_modified_time":"2026-03-30T19:23:08+00:00","twitter_card":"summary_large_image","twitter_misc":{"Szacowany czas czytania":"3 minuty"},"schema":{"@context":"https:\/\/schema.org","@graph":[{"@type":"WebPage","@id":"https:\/\/www.mierzeja-relax.pl\/mierzeja\/kolonie-obozy-sportowe\/","url":"https:\/\/www.mierzeja-relax.pl\/mierzeja\/kolonie-obozy-sportowe\/","name":"Kolonie nad morzem","isPartOf":{"@id":"https:\/\/www.mierzeja-relax.pl\/mierzeja\/#website"},"datePublished":"2017-12-03T19:32:29+00:00","dateModified":"2026-03-30T19:23:08+00:00","description":"O\u015brodek wczasowy \u201eMIERZEJA\u201d, po\u0142o\u017cony w malowniczej okolicy na Mierzei Wi\u015blanej, zaprasza na kolonie i obozy. Posiadamy du\u017c\u0105 baz\u0119 sportowo-rekreacyjn\u0105.","breadcrumb":{"@id":"https:\/\/www.mierzeja-relax.pl\/mierzeja\/kolonie-obozy-sportowe\/#breadcrumb"},"inLanguage":"pl-PL","potentialAction":[{"@type":"ReadAction","target":["https:\/\/www.mierzeja-relax.pl\/mierzeja\/kolonie-obozy-sportowe\/"]}]},{"@type":"BreadcrumbList","@id":"https:\/\/www.mierzeja-relax.pl\/mierzeja\/kolonie-obozy-sportowe\/#breadcrumb","itemListElement":[{"@type":"ListItem","position":1,"name":"Strona g\u0142\u00f3wna","item":"https:\/\/www.mierzeja-relax.pl\/mierzeja\/"},{"@type":"ListItem","position":2,"name":"Kolonie, Obozy sportowe"}]},{"@type":"WebSite","@id":"https:\/\/www.mierzeja-relax.pl\/mierzeja\/#website","url":"https:\/\/www.mierzeja-relax.pl\/mierzeja\/","name":"OW MIERZEJA - DREWNIANE DOMKI NAD MORZEM SZTUTOWO","description":"SZTUTOWO","publisher":{"@id":"https:\/\/www.mierzeja-relax.pl\/mierzeja\/#organization"},"potentialAction":[{"@type":"SearchAction","target":{"@type":"EntryPoint","urlTemplate":"https:\/\/www.mierzeja-relax.pl\/mierzeja\/?s={search_term_string}"},"query-input":{"@type":"PropertyValueSpecification","valueRequired":true,"valueName":"search_term_string"}}],"inLanguage":"pl-PL"},{"@type":"Organization","@id":"https:\/\/www.mierzeja-relax.pl\/mierzeja\/#organization","name":"OW MIERZEJA - DREWNIANE DOMKI NAD MORZEM SZTUTOWO","url":"https:\/\/www.mierzeja-relax.pl\/mierzeja\/","logo":{"@type":"ImageObject","inLanguage":"pl-PL","@id":"https:\/\/www.mierzeja-relax.pl\/mierzeja\/#\/schema\/logo\/image\/","url":"https:\/\/www.mierzeja-relax.pl\/mierzeja\/wp-content\/uploads\/2015\/05\/LOGO-big11.png","contentUrl":"https:\/\/www.mierzeja-relax.pl\/mierzeja\/wp-content\/uploads\/2015\/05\/LOGO-big11.png","width":120,"height":81,"caption":"OW MIERZEJA - DREWNIANE DOMKI NAD MORZEM SZTUTOWO"},"image":{"@id":"https:\/\/www.mierzeja-relax.pl\/mierzeja\/#\/schema\/logo\/image\/"},"sameAs":["https:\/\/www.facebook.com\/people\/OW-Mierzeja\/100063609998248\/?ref=embed_page"]}]}},"_links":{"self":[{"href":"https:\/\/www.mierzeja-relax.pl\/mierzeja\/wp-json\/wp\/v2\/pages\/678","targetHints":{"allow":["GET"]}}],"collection":[{"href":"https:\/\/www.mierzeja-relax.pl\/mierzeja\/wp-json\/wp\/v2\/pages"}],"about":[{"href":"https:\/\/www.mierzeja-relax.pl\/mierzeja\/wp-json\/wp\/v2\/types\/page"}],"author":[{"embeddable":true,"href":"https:\/\/www.mierzeja-relax.pl\/mierzeja\/wp-json\/wp\/v2\/users\/1"}],"replies":[{"embeddable":true,"href":"https:\/\/www.mierzeja-relax.pl\/mierzeja\/wp-json\/wp\/v2\/comments?post=678"}],"version-history":[{"count":4,"href":"https:\/\/www.mierzeja-relax.pl\/mierzeja\/wp-json\/wp\/v2\/pages\/678\/revisions"}],"predecessor-version":[{"id":1653,"href":"https:\/\/www.mierzeja-relax.pl\/mierzeja\/wp-json\/wp\/v2\/pages\/678\/revisions\/1653"}],"wp:attachment":[{"href":"https:\/\/www.mierzeja-relax.pl\/mierzeja\/wp-json\/wp\/v2\/media?parent=678"}],"curies":[{"name":"wp","href":"https:\/\/api.w.org\/{rel}","templated":true}]}}