{"id":897,"date":"2018-11-11T12:13:29","date_gmt":"2018-11-11T11:13:29","guid":{"rendered":"http:\/\/www.mierzeja-relax.pl\/mierzeja\/?page_id=897"},"modified":"2025-05-21T22:34:44","modified_gmt":"2025-05-21T20:34:44","slug":"pobyt-swiateczno-noworoczny","status":"publish","type":"page","link":"https:\/\/www.mierzeja-relax.pl\/mierzeja\/pobyt-swiateczno-noworoczny\/","title":{"rendered":"Pobyt \u015bwi\u0105teczno Noworoczny"},"content":{"rendered":"<div class=\"wpb-content-wrapper\"><p>[vc_row][vc_column][vc_single_image image=&#8221;898&#8243; img_size=&#8221;full&#8221; alignment=&#8221;center&#8221;][vc_column_text css=&#8221;&#8221;]<\/p>\n<div class=\"WordSection1\">\n<h1 style=\"text-align: center;\"><strong>Zapraszamy na pobyty \u015awi\u0105teczne i Noworoczny<\/strong><\/h1>\n<p style=\"text-align: center;\"><strong>Domki De Lux<br \/>\n<\/strong><\/p>\n<p style=\"text-align: center;\"><strong>Ceny za domek 8 osobowy<\/strong><\/p>\n<\/div>\n<p>[\/vc_column_text][\/vc_column][\/vc_row][vc_row][vc_column width=&#8221;1\/6&#8243;][\/vc_column][vc_column width=&#8221;2\/3&#8243;][vc_column_text]<\/p>\n<p style=\"text-align: center;\">\n<table id=\"tablepress-5\" class=\"tablepress tablepress-id-5\">\n<thead>\n<tr class=\"row-1\">\n\t<th class=\"column-1\"><span style=\"color:#888888;\"><strong>Wielkanoc , \u00a0Nowy Rok <\/strong><\/span><\/th><th class=\"column-2\"><span style=\"color:#888888;\"><strong> 390 \u2013 410 z\u0142 doba \/domek<\/strong><\/span><\/th>\n<\/tr>\n<\/thead>\n<tbody class=\"row-striping row-hover\">\n<\/tbody>\n<\/table>\n<!-- #tablepress-5 from cache --><\/p>\n<p>[\/vc_column_text][\/vc_column][vc_column width=&#8221;1\/6&#8243;][\/vc_column][\/vc_row][vc_row][vc_column][vc_column_text]<\/p>\n<p style=\"text-align: center;\"><strong>Ka\u017cda dodatkowa osoba w domku p\u0142atna 70 z\u0142.\/doba\/osoba<\/strong><\/p>\n<p style=\"text-align: center;\"><strong>Pobyt min. 3 doby<\/strong><\/p>\n<p style=\"text-align: center;\"><strong>W cenie pobytu : \u015bwietlica, grill, ognisko.<\/strong><\/p>\n<p style=\"text-align: center;\"><strong>Dodatkowe op\u0142aty:<\/strong><\/p>\n<p style=\"text-align: center;\"><strong>* \u00a0drewno do komink\u00f3w\u00a0 doba 20 z\u0142 <\/strong><\/p>\n<p style=\"text-align: center;\"><strong>* \u00a0energia elektryczna wed\u0142ug odczytu<\/strong><\/p>\n<h2 style=\"text-align: center;\"><strong><em>\u017byczymy udanego pobytu <\/em><\/strong><\/h2>\n<p>[\/vc_column_text][\/vc_column][\/vc_row]<\/p>\n<\/div>","protected":false},"excerpt":{"rendered":"<p>[vc_row][vc_column][vc_single_image image=&#8221;898&#8243; img_size=&#8221;full&#8221; alignment=&#8221;center&#8221;][vc_column_text css=&#8221;&#8221;] Zapraszamy na pobyty \u015awi\u0105teczne i Noworoczny Domki De Lux Ceny za domek 8 osobowy [\/vc_column_text][\/vc_column][\/vc_row][vc_row][vc_column width=&#8221;1\/6&#8243;][\/vc_column][vc_column width=&#8221;2\/3&#8243;][vc_column_text] [\/vc_column_text][\/vc_column][vc_column width=&#8221;1\/6&#8243;][\/vc_column][\/vc_row][vc_row][vc_column][vc_column_text] Ka\u017cda dodatkowa osoba w domku p\u0142atna 70 z\u0142.\/doba\/osoba Pobyt min. 3 doby W cenie pobytu : \u015bwietlica, grill, ognisko. Dodatkowe op\u0142aty: * \u00a0drewno do komink\u00f3w\u00a0 doba 20 z\u0142 * \u00a0energia elektryczna&hellip;<\/p>\n","protected":false},"author":1,"featured_media":0,"parent":0,"menu_order":0,"comment_status":"closed","ping_status":"closed","template":"","meta":{"footnotes":""},"class_list":["post-897","page","type-page","status-publish","hentry","description-off"],"yoast_head":"<!-- This site is optimized with the Yoast SEO plugin v27.2 - https:\/\/yoast.com\/product\/yoast-seo-wordpress\/ -->\n<title>\u015bwi\u0119ta nad morzem<\/title>\n<meta name=\"description\" content=\"O\u015brodek wczasowy \u201eMIERZEJA\u201d, po\u0142o\u017cony w malowniczej okolicy na Mierzei Wi\u015blanej, zaprasza na pobyty \u015bwi\u0105teczno noworoczne.\" \/>\n<meta name=\"robots\" content=\"index, follow, max-snippet:-1, max-image-preview:large, max-video-preview:-1\" \/>\n<link rel=\"canonical\" href=\"https:\/\/www.mierzeja-relax.pl\/mierzeja\/pobyt-swiateczno-noworoczny\/\" \/>\n<meta property=\"og:locale\" content=\"pl_PL\" \/>\n<meta property=\"og:type\" content=\"article\" \/>\n<meta property=\"og:title\" content=\"\u015bwi\u0119ta nad morzem\" \/>\n<meta property=\"og:description\" content=\"O\u015brodek wczasowy \u201eMIERZEJA\u201d, po\u0142o\u017cony w malowniczej okolicy na Mierzei Wi\u015blanej, zaprasza na pobyty \u015bwi\u0105teczno noworoczne.\" \/>\n<meta property=\"og:url\" content=\"https:\/\/www.mierzeja-relax.pl\/mierzeja\/pobyt-swiateczno-noworoczny\/\" \/>\n<meta property=\"og:site_name\" content=\"OW MIERZEJA - DOMKI DREWNIANE SZTUTOWO\" \/>\n<meta property=\"article:publisher\" content=\"https:\/\/www.facebook.com\/people\/OW-Mierzeja\/100063609998248\/?ref=embed_page\" \/>\n<meta property=\"article:modified_time\" content=\"2025-05-21T20:34:44+00:00\" \/>\n<meta name=\"twitter:card\" content=\"summary_large_image\" \/>\n<meta name=\"twitter:label1\" content=\"Szacowany czas czytania\" \/>\n\t<meta name=\"twitter:data1\" content=\"1 minuta\" \/>\n<script type=\"application\/ld+json\" class=\"yoast-schema-graph\">{\"@context\":\"https:\/\/schema.org\",\"@graph\":[{\"@type\":\"WebPage\",\"@id\":\"https:\/\/www.mierzeja-relax.pl\/mierzeja\/pobyt-swiateczno-noworoczny\/\",\"url\":\"https:\/\/www.mierzeja-relax.pl\/mierzeja\/pobyt-swiateczno-noworoczny\/\",\"name\":\"\u015bwi\u0119ta nad morzem\",\"isPartOf\":{\"@id\":\"https:\/\/www.mierzeja-relax.pl\/mierzeja\/#website\"},\"datePublished\":\"2018-11-11T11:13:29+00:00\",\"dateModified\":\"2025-05-21T20:34:44+00:00\",\"description\":\"O\u015brodek wczasowy \u201eMIERZEJA\u201d, po\u0142o\u017cony w malowniczej okolicy na Mierzei Wi\u015blanej, zaprasza na pobyty \u015bwi\u0105teczno noworoczne.\",\"breadcrumb\":{\"@id\":\"https:\/\/www.mierzeja-relax.pl\/mierzeja\/pobyt-swiateczno-noworoczny\/#breadcrumb\"},\"inLanguage\":\"pl-PL\",\"potentialAction\":[{\"@type\":\"ReadAction\",\"target\":[\"https:\/\/www.mierzeja-relax.pl\/mierzeja\/pobyt-swiateczno-noworoczny\/\"]}]},{\"@type\":\"BreadcrumbList\",\"@id\":\"https:\/\/www.mierzeja-relax.pl\/mierzeja\/pobyt-swiateczno-noworoczny\/#breadcrumb\",\"itemListElement\":[{\"@type\":\"ListItem\",\"position\":1,\"name\":\"Strona g\u0142\u00f3wna\",\"item\":\"https:\/\/www.mierzeja-relax.pl\/mierzeja\/\"},{\"@type\":\"ListItem\",\"position\":2,\"name\":\"Pobyt \u015bwi\u0105teczno Noworoczny\"}]},{\"@type\":\"WebSite\",\"@id\":\"https:\/\/www.mierzeja-relax.pl\/mierzeja\/#website\",\"url\":\"https:\/\/www.mierzeja-relax.pl\/mierzeja\/\",\"name\":\"OW MIERZEJA - DREWNIANE DOMKI NAD MORZEM SZTUTOWO\",\"description\":\"SZTUTOWO\",\"publisher\":{\"@id\":\"https:\/\/www.mierzeja-relax.pl\/mierzeja\/#organization\"},\"potentialAction\":[{\"@type\":\"SearchAction\",\"target\":{\"@type\":\"EntryPoint\",\"urlTemplate\":\"https:\/\/www.mierzeja-relax.pl\/mierzeja\/?s={search_term_string}\"},\"query-input\":{\"@type\":\"PropertyValueSpecification\",\"valueRequired\":true,\"valueName\":\"search_term_string\"}}],\"inLanguage\":\"pl-PL\"},{\"@type\":\"Organization\",\"@id\":\"https:\/\/www.mierzeja-relax.pl\/mierzeja\/#organization\",\"name\":\"OW MIERZEJA - DREWNIANE DOMKI NAD MORZEM SZTUTOWO\",\"url\":\"https:\/\/www.mierzeja-relax.pl\/mierzeja\/\",\"logo\":{\"@type\":\"ImageObject\",\"inLanguage\":\"pl-PL\",\"@id\":\"https:\/\/www.mierzeja-relax.pl\/mierzeja\/#\/schema\/logo\/image\/\",\"url\":\"https:\/\/www.mierzeja-relax.pl\/mierzeja\/wp-content\/uploads\/2015\/05\/LOGO-big11.png\",\"contentUrl\":\"https:\/\/www.mierzeja-relax.pl\/mierzeja\/wp-content\/uploads\/2015\/05\/LOGO-big11.png\",\"width\":120,\"height\":81,\"caption\":\"OW MIERZEJA - DREWNIANE DOMKI NAD MORZEM SZTUTOWO\"},\"image\":{\"@id\":\"https:\/\/www.mierzeja-relax.pl\/mierzeja\/#\/schema\/logo\/image\/\"},\"sameAs\":[\"https:\/\/www.facebook.com\/people\/OW-Mierzeja\/100063609998248\/?ref=embed_page\"]}]}<\/script>\n<!-- \/ Yoast SEO plugin. -->","yoast_head_json":{"title":"\u015bwi\u0119ta nad morzem","description":"O\u015brodek wczasowy \u201eMIERZEJA\u201d, po\u0142o\u017cony w malowniczej okolicy na Mierzei Wi\u015blanej, zaprasza na pobyty \u015bwi\u0105teczno noworoczne.","robots":{"index":"index","follow":"follow","max-snippet":"max-snippet:-1","max-image-preview":"max-image-preview:large","max-video-preview":"max-video-preview:-1"},"canonical":"https:\/\/www.mierzeja-relax.pl\/mierzeja\/pobyt-swiateczno-noworoczny\/","og_locale":"pl_PL","og_type":"article","og_title":"\u015bwi\u0119ta nad morzem","og_description":"O\u015brodek wczasowy \u201eMIERZEJA\u201d, po\u0142o\u017cony w malowniczej okolicy na Mierzei Wi\u015blanej, zaprasza na pobyty \u015bwi\u0105teczno noworoczne.","og_url":"https:\/\/www.mierzeja-relax.pl\/mierzeja\/pobyt-swiateczno-noworoczny\/","og_site_name":"OW MIERZEJA - DOMKI DREWNIANE SZTUTOWO","article_publisher":"https:\/\/www.facebook.com\/people\/OW-Mierzeja\/100063609998248\/?ref=embed_page","article_modified_time":"2025-05-21T20:34:44+00:00","twitter_card":"summary_large_image","twitter_misc":{"Szacowany czas czytania":"1 minuta"},"schema":{"@context":"https:\/\/schema.org","@graph":[{"@type":"WebPage","@id":"https:\/\/www.mierzeja-relax.pl\/mierzeja\/pobyt-swiateczno-noworoczny\/","url":"https:\/\/www.mierzeja-relax.pl\/mierzeja\/pobyt-swiateczno-noworoczny\/","name":"\u015bwi\u0119ta nad morzem","isPartOf":{"@id":"https:\/\/www.mierzeja-relax.pl\/mierzeja\/#website"},"datePublished":"2018-11-11T11:13:29+00:00","dateModified":"2025-05-21T20:34:44+00:00","description":"O\u015brodek wczasowy \u201eMIERZEJA\u201d, po\u0142o\u017cony w malowniczej okolicy na Mierzei Wi\u015blanej, zaprasza na pobyty \u015bwi\u0105teczno noworoczne.","breadcrumb":{"@id":"https:\/\/www.mierzeja-relax.pl\/mierzeja\/pobyt-swiateczno-noworoczny\/#breadcrumb"},"inLanguage":"pl-PL","potentialAction":[{"@type":"ReadAction","target":["https:\/\/www.mierzeja-relax.pl\/mierzeja\/pobyt-swiateczno-noworoczny\/"]}]},{"@type":"BreadcrumbList","@id":"https:\/\/www.mierzeja-relax.pl\/mierzeja\/pobyt-swiateczno-noworoczny\/#breadcrumb","itemListElement":[{"@type":"ListItem","position":1,"name":"Strona g\u0142\u00f3wna","item":"https:\/\/www.mierzeja-relax.pl\/mierzeja\/"},{"@type":"ListItem","position":2,"name":"Pobyt \u015bwi\u0105teczno Noworoczny"}]},{"@type":"WebSite","@id":"https:\/\/www.mierzeja-relax.pl\/mierzeja\/#website","url":"https:\/\/www.mierzeja-relax.pl\/mierzeja\/","name":"OW MIERZEJA - DREWNIANE DOMKI NAD MORZEM SZTUTOWO","description":"SZTUTOWO","publisher":{"@id":"https:\/\/www.mierzeja-relax.pl\/mierzeja\/#organization"},"potentialAction":[{"@type":"SearchAction","target":{"@type":"EntryPoint","urlTemplate":"https:\/\/www.mierzeja-relax.pl\/mierzeja\/?s={search_term_string}"},"query-input":{"@type":"PropertyValueSpecification","valueRequired":true,"valueName":"search_term_string"}}],"inLanguage":"pl-PL"},{"@type":"Organization","@id":"https:\/\/www.mierzeja-relax.pl\/mierzeja\/#organization","name":"OW MIERZEJA - DREWNIANE DOMKI NAD MORZEM SZTUTOWO","url":"https:\/\/www.mierzeja-relax.pl\/mierzeja\/","logo":{"@type":"ImageObject","inLanguage":"pl-PL","@id":"https:\/\/www.mierzeja-relax.pl\/mierzeja\/#\/schema\/logo\/image\/","url":"https:\/\/www.mierzeja-relax.pl\/mierzeja\/wp-content\/uploads\/2015\/05\/LOGO-big11.png","contentUrl":"https:\/\/www.mierzeja-relax.pl\/mierzeja\/wp-content\/uploads\/2015\/05\/LOGO-big11.png","width":120,"height":81,"caption":"OW MIERZEJA - DREWNIANE DOMKI NAD MORZEM SZTUTOWO"},"image":{"@id":"https:\/\/www.mierzeja-relax.pl\/mierzeja\/#\/schema\/logo\/image\/"},"sameAs":["https:\/\/www.facebook.com\/people\/OW-Mierzeja\/100063609998248\/?ref=embed_page"]}]}},"_links":{"self":[{"href":"https:\/\/www.mierzeja-relax.pl\/mierzeja\/wp-json\/wp\/v2\/pages\/897","targetHints":{"allow":["GET"]}}],"collection":[{"href":"https:\/\/www.mierzeja-relax.pl\/mierzeja\/wp-json\/wp\/v2\/pages"}],"about":[{"href":"https:\/\/www.mierzeja-relax.pl\/mierzeja\/wp-json\/wp\/v2\/types\/page"}],"author":[{"embeddable":true,"href":"https:\/\/www.mierzeja-relax.pl\/mierzeja\/wp-json\/wp\/v2\/users\/1"}],"replies":[{"embeddable":true,"href":"https:\/\/www.mierzeja-relax.pl\/mierzeja\/wp-json\/wp\/v2\/comments?post=897"}],"version-history":[{"count":0,"href":"https:\/\/www.mierzeja-relax.pl\/mierzeja\/wp-json\/wp\/v2\/pages\/897\/revisions"}],"wp:attachment":[{"href":"https:\/\/www.mierzeja-relax.pl\/mierzeja\/wp-json\/wp\/v2\/media?parent=897"}],"curies":[{"name":"wp","href":"https:\/\/api.w.org\/{rel}","templated":true}]}}