{"id":962,"date":"2019-10-26T20:37:41","date_gmt":"2019-10-26T18:37:41","guid":{"rendered":"http:\/\/www.mierzeja-relax.pl\/mierzeja\/?page_id=962"},"modified":"2022-02-06T11:06:14","modified_gmt":"2022-02-06T10:06:14","slug":"zjazdy-rodzinne","status":"publish","type":"page","link":"https:\/\/www.mierzeja-relax.pl\/mierzeja\/zjazdy-rodzinne\/","title":{"rendered":"Zjazdy rodzinne"},"content":{"rendered":"<div class=\"wpb-content-wrapper\"><p>[vc_row][vc_column][vc_single_image image=&#8221;981&#8243; img_size=&#8221;full&#8221; alignment=&#8221;center&#8221;][vc_column_text]<\/p>\n<h2 style=\"text-align: center;\"><strong>O\u015brodek Wczasowy \u201eMierzeja\u201d<\/strong><\/h2>\n<h2 style=\"text-align: center;\"><strong>Zaprasza serdecznie na<\/strong><\/h2>\n<h2 style=\"text-align: center;\"><strong>\u201eSpotkania Rodzinne nad Morzem\u201d<\/strong><\/h2>\n<p style=\"padding-left: 160px;\"><strong>Do dyspozycji Go\u015bci :<\/strong><\/p>\n<ul>\n<li style=\"list-style-type: none;\">\n<ul>\n<li style=\"list-style-type: none;\">\n<ul>\n<li style=\"list-style-type: none;\">\n<ul>\n<li style=\"list-style-type: none;\"><\/li>\n<\/ul>\n<\/li>\n<\/ul>\n<\/li>\n<\/ul>\n<\/li>\n<\/ul>\n<ul>\n<li>11 domk\u00f3w De Lux z kominkami<\/li>\n<li>Domki\u00a0 6- 8 osobowe 9 os.<\/li>\n<li>Altana Ogrodowa na ka\u017cd\u0105 pogod\u0119 z grillem , \u00a0ognisko , w\u0119dzarnia<\/li>\n<li>Plac zabaw dla najm\u0142odszych<\/li>\n<li>Mo\u017cliwo\u015b\u0107 zorganizowania bankietu<\/li>\n<li>menu wed\u0142ug indywidualnych ustale\u0144.<\/li>\n<\/ul>\n<h2>Cena \u00a0za domek\u00a0 wed\u0142ug cennika w danym miesi\u0105cu<\/h2>\n<h2>W cenie korzystanie z infrastruktury Obiektu.<\/h2>\n<p>Dla naszych Go\u015bci oferujemy :<\/p>\n<ul>\n<li>Gor\u0105ce napoje :<br \/>\nkawa z ekspresu , herbata , sernik , szarlotka po\u00a0\u00a0 \/ 7z\u0142.<\/li>\n<li>Mo\u017cliwo\u015b\u0107 zam\u00f3wienia ciast domowego wypieku.<\/li>\n<li>Dodatkowe op\u0142aty: drewno do komink\u00f3w odp\u0142atnie 25 z\u0142 doba \/domek<\/li>\n<\/ul>\n<p>[\/vc_column_text][\/vc_column][\/vc_row]<\/p>\n<\/div>","protected":false},"excerpt":{"rendered":"<p>[vc_row][vc_column][vc_single_image image=&#8221;981&#8243; img_size=&#8221;full&#8221; alignment=&#8221;center&#8221;][vc_column_text] O\u015brodek Wczasowy \u201eMierzeja\u201d Zaprasza serdecznie na \u201eSpotkania Rodzinne nad Morzem\u201d Do dyspozycji Go\u015bci : 11 domk\u00f3w De Lux z kominkami Domki\u00a0 6- 8 osobowe 9 os. Altana Ogrodowa na ka\u017cd\u0105 pogod\u0119 z grillem , \u00a0ognisko , w\u0119dzarnia Plac zabaw dla najm\u0142odszych Mo\u017cliwo\u015b\u0107 zorganizowania bankietu menu wed\u0142ug indywidualnych ustale\u0144. Cena \u00a0za domek\u00a0&hellip;<\/p>\n","protected":false},"author":1,"featured_media":0,"parent":0,"menu_order":0,"comment_status":"closed","ping_status":"closed","template":"","meta":{"footnotes":""},"class_list":["post-962","page","type-page","status-publish","hentry","description-off"],"yoast_head":"<!-- This site is optimized with the Yoast SEO plugin v27.2 - https:\/\/yoast.com\/product\/yoast-seo-wordpress\/ -->\n<title>Zjazdy rodzinne - OW MIERZEJA - DOMKI DREWNIANE SZTUTOWO<\/title>\n<meta name=\"description\" content=\"O\u015brodek wczasowy \u201eMIERZEJA\u201d, po\u0142o\u017cony w malowniczej okolicy na Mierzei Wi\u015blanej, zaprasza na organizacj\u0119 zjazd\u00f3w rodzinnych.\" \/>\n<meta name=\"robots\" content=\"index, follow, max-snippet:-1, max-image-preview:large, max-video-preview:-1\" \/>\n<link rel=\"canonical\" href=\"https:\/\/www.mierzeja-relax.pl\/mierzeja\/zjazdy-rodzinne\/\" \/>\n<meta property=\"og:locale\" content=\"pl_PL\" \/>\n<meta property=\"og:type\" content=\"article\" \/>\n<meta property=\"og:title\" content=\"Zjazdy rodzinne - OW MIERZEJA - DOMKI DREWNIANE SZTUTOWO\" \/>\n<meta property=\"og:description\" content=\"O\u015brodek wczasowy \u201eMIERZEJA\u201d, po\u0142o\u017cony w malowniczej okolicy na Mierzei Wi\u015blanej, zaprasza na organizacj\u0119 zjazd\u00f3w rodzinnych.\" \/>\n<meta property=\"og:url\" content=\"https:\/\/www.mierzeja-relax.pl\/mierzeja\/zjazdy-rodzinne\/\" \/>\n<meta property=\"og:site_name\" content=\"OW MIERZEJA - DOMKI DREWNIANE SZTUTOWO\" \/>\n<meta property=\"article:publisher\" content=\"https:\/\/www.facebook.com\/people\/OW-Mierzeja\/100063609998248\/?ref=embed_page\" \/>\n<meta property=\"article:modified_time\" content=\"2022-02-06T10:06:14+00:00\" \/>\n<meta name=\"twitter:card\" content=\"summary_large_image\" \/>\n<meta name=\"twitter:label1\" content=\"Szacowany czas czytania\" \/>\n\t<meta name=\"twitter:data1\" content=\"1 minuta\" \/>\n<script type=\"application\/ld+json\" class=\"yoast-schema-graph\">{\"@context\":\"https:\/\/schema.org\",\"@graph\":[{\"@type\":\"WebPage\",\"@id\":\"https:\/\/www.mierzeja-relax.pl\/mierzeja\/zjazdy-rodzinne\/\",\"url\":\"https:\/\/www.mierzeja-relax.pl\/mierzeja\/zjazdy-rodzinne\/\",\"name\":\"Zjazdy rodzinne - OW MIERZEJA - DOMKI DREWNIANE SZTUTOWO\",\"isPartOf\":{\"@id\":\"https:\/\/www.mierzeja-relax.pl\/mierzeja\/#website\"},\"datePublished\":\"2019-10-26T18:37:41+00:00\",\"dateModified\":\"2022-02-06T10:06:14+00:00\",\"description\":\"O\u015brodek wczasowy \u201eMIERZEJA\u201d, po\u0142o\u017cony w malowniczej okolicy na Mierzei Wi\u015blanej, zaprasza na organizacj\u0119 zjazd\u00f3w rodzinnych.\",\"breadcrumb\":{\"@id\":\"https:\/\/www.mierzeja-relax.pl\/mierzeja\/zjazdy-rodzinne\/#breadcrumb\"},\"inLanguage\":\"pl-PL\",\"potentialAction\":[{\"@type\":\"ReadAction\",\"target\":[\"https:\/\/www.mierzeja-relax.pl\/mierzeja\/zjazdy-rodzinne\/\"]}]},{\"@type\":\"BreadcrumbList\",\"@id\":\"https:\/\/www.mierzeja-relax.pl\/mierzeja\/zjazdy-rodzinne\/#breadcrumb\",\"itemListElement\":[{\"@type\":\"ListItem\",\"position\":1,\"name\":\"Strona g\u0142\u00f3wna\",\"item\":\"https:\/\/www.mierzeja-relax.pl\/mierzeja\/\"},{\"@type\":\"ListItem\",\"position\":2,\"name\":\"Zjazdy rodzinne\"}]},{\"@type\":\"WebSite\",\"@id\":\"https:\/\/www.mierzeja-relax.pl\/mierzeja\/#website\",\"url\":\"https:\/\/www.mierzeja-relax.pl\/mierzeja\/\",\"name\":\"OW MIERZEJA - DREWNIANE DOMKI NAD MORZEM SZTUTOWO\",\"description\":\"SZTUTOWO\",\"publisher\":{\"@id\":\"https:\/\/www.mierzeja-relax.pl\/mierzeja\/#organization\"},\"potentialAction\":[{\"@type\":\"SearchAction\",\"target\":{\"@type\":\"EntryPoint\",\"urlTemplate\":\"https:\/\/www.mierzeja-relax.pl\/mierzeja\/?s={search_term_string}\"},\"query-input\":{\"@type\":\"PropertyValueSpecification\",\"valueRequired\":true,\"valueName\":\"search_term_string\"}}],\"inLanguage\":\"pl-PL\"},{\"@type\":\"Organization\",\"@id\":\"https:\/\/www.mierzeja-relax.pl\/mierzeja\/#organization\",\"name\":\"OW MIERZEJA - DREWNIANE DOMKI NAD MORZEM SZTUTOWO\",\"url\":\"https:\/\/www.mierzeja-relax.pl\/mierzeja\/\",\"logo\":{\"@type\":\"ImageObject\",\"inLanguage\":\"pl-PL\",\"@id\":\"https:\/\/www.mierzeja-relax.pl\/mierzeja\/#\/schema\/logo\/image\/\",\"url\":\"https:\/\/www.mierzeja-relax.pl\/mierzeja\/wp-content\/uploads\/2015\/05\/LOGO-big11.png\",\"contentUrl\":\"https:\/\/www.mierzeja-relax.pl\/mierzeja\/wp-content\/uploads\/2015\/05\/LOGO-big11.png\",\"width\":120,\"height\":81,\"caption\":\"OW MIERZEJA - DREWNIANE DOMKI NAD MORZEM SZTUTOWO\"},\"image\":{\"@id\":\"https:\/\/www.mierzeja-relax.pl\/mierzeja\/#\/schema\/logo\/image\/\"},\"sameAs\":[\"https:\/\/www.facebook.com\/people\/OW-Mierzeja\/100063609998248\/?ref=embed_page\"]}]}<\/script>\n<!-- \/ Yoast SEO plugin. -->","yoast_head_json":{"title":"Zjazdy rodzinne - OW MIERZEJA - DOMKI DREWNIANE SZTUTOWO","description":"O\u015brodek wczasowy \u201eMIERZEJA\u201d, po\u0142o\u017cony w malowniczej okolicy na Mierzei Wi\u015blanej, zaprasza na organizacj\u0119 zjazd\u00f3w rodzinnych.","robots":{"index":"index","follow":"follow","max-snippet":"max-snippet:-1","max-image-preview":"max-image-preview:large","max-video-preview":"max-video-preview:-1"},"canonical":"https:\/\/www.mierzeja-relax.pl\/mierzeja\/zjazdy-rodzinne\/","og_locale":"pl_PL","og_type":"article","og_title":"Zjazdy rodzinne - OW MIERZEJA - DOMKI DREWNIANE SZTUTOWO","og_description":"O\u015brodek wczasowy \u201eMIERZEJA\u201d, po\u0142o\u017cony w malowniczej okolicy na Mierzei Wi\u015blanej, zaprasza na organizacj\u0119 zjazd\u00f3w rodzinnych.","og_url":"https:\/\/www.mierzeja-relax.pl\/mierzeja\/zjazdy-rodzinne\/","og_site_name":"OW MIERZEJA - DOMKI DREWNIANE SZTUTOWO","article_publisher":"https:\/\/www.facebook.com\/people\/OW-Mierzeja\/100063609998248\/?ref=embed_page","article_modified_time":"2022-02-06T10:06:14+00:00","twitter_card":"summary_large_image","twitter_misc":{"Szacowany czas czytania":"1 minuta"},"schema":{"@context":"https:\/\/schema.org","@graph":[{"@type":"WebPage","@id":"https:\/\/www.mierzeja-relax.pl\/mierzeja\/zjazdy-rodzinne\/","url":"https:\/\/www.mierzeja-relax.pl\/mierzeja\/zjazdy-rodzinne\/","name":"Zjazdy rodzinne - OW MIERZEJA - DOMKI DREWNIANE SZTUTOWO","isPartOf":{"@id":"https:\/\/www.mierzeja-relax.pl\/mierzeja\/#website"},"datePublished":"2019-10-26T18:37:41+00:00","dateModified":"2022-02-06T10:06:14+00:00","description":"O\u015brodek wczasowy \u201eMIERZEJA\u201d, po\u0142o\u017cony w malowniczej okolicy na Mierzei Wi\u015blanej, zaprasza na organizacj\u0119 zjazd\u00f3w rodzinnych.","breadcrumb":{"@id":"https:\/\/www.mierzeja-relax.pl\/mierzeja\/zjazdy-rodzinne\/#breadcrumb"},"inLanguage":"pl-PL","potentialAction":[{"@type":"ReadAction","target":["https:\/\/www.mierzeja-relax.pl\/mierzeja\/zjazdy-rodzinne\/"]}]},{"@type":"BreadcrumbList","@id":"https:\/\/www.mierzeja-relax.pl\/mierzeja\/zjazdy-rodzinne\/#breadcrumb","itemListElement":[{"@type":"ListItem","position":1,"name":"Strona g\u0142\u00f3wna","item":"https:\/\/www.mierzeja-relax.pl\/mierzeja\/"},{"@type":"ListItem","position":2,"name":"Zjazdy rodzinne"}]},{"@type":"WebSite","@id":"https:\/\/www.mierzeja-relax.pl\/mierzeja\/#website","url":"https:\/\/www.mierzeja-relax.pl\/mierzeja\/","name":"OW MIERZEJA - DREWNIANE DOMKI NAD MORZEM SZTUTOWO","description":"SZTUTOWO","publisher":{"@id":"https:\/\/www.mierzeja-relax.pl\/mierzeja\/#organization"},"potentialAction":[{"@type":"SearchAction","target":{"@type":"EntryPoint","urlTemplate":"https:\/\/www.mierzeja-relax.pl\/mierzeja\/?s={search_term_string}"},"query-input":{"@type":"PropertyValueSpecification","valueRequired":true,"valueName":"search_term_string"}}],"inLanguage":"pl-PL"},{"@type":"Organization","@id":"https:\/\/www.mierzeja-relax.pl\/mierzeja\/#organization","name":"OW MIERZEJA - DREWNIANE DOMKI NAD MORZEM SZTUTOWO","url":"https:\/\/www.mierzeja-relax.pl\/mierzeja\/","logo":{"@type":"ImageObject","inLanguage":"pl-PL","@id":"https:\/\/www.mierzeja-relax.pl\/mierzeja\/#\/schema\/logo\/image\/","url":"https:\/\/www.mierzeja-relax.pl\/mierzeja\/wp-content\/uploads\/2015\/05\/LOGO-big11.png","contentUrl":"https:\/\/www.mierzeja-relax.pl\/mierzeja\/wp-content\/uploads\/2015\/05\/LOGO-big11.png","width":120,"height":81,"caption":"OW MIERZEJA - DREWNIANE DOMKI NAD MORZEM SZTUTOWO"},"image":{"@id":"https:\/\/www.mierzeja-relax.pl\/mierzeja\/#\/schema\/logo\/image\/"},"sameAs":["https:\/\/www.facebook.com\/people\/OW-Mierzeja\/100063609998248\/?ref=embed_page"]}]}},"_links":{"self":[{"href":"https:\/\/www.mierzeja-relax.pl\/mierzeja\/wp-json\/wp\/v2\/pages\/962","targetHints":{"allow":["GET"]}}],"collection":[{"href":"https:\/\/www.mierzeja-relax.pl\/mierzeja\/wp-json\/wp\/v2\/pages"}],"about":[{"href":"https:\/\/www.mierzeja-relax.pl\/mierzeja\/wp-json\/wp\/v2\/types\/page"}],"author":[{"embeddable":true,"href":"https:\/\/www.mierzeja-relax.pl\/mierzeja\/wp-json\/wp\/v2\/users\/1"}],"replies":[{"embeddable":true,"href":"https:\/\/www.mierzeja-relax.pl\/mierzeja\/wp-json\/wp\/v2\/comments?post=962"}],"version-history":[{"count":0,"href":"https:\/\/www.mierzeja-relax.pl\/mierzeja\/wp-json\/wp\/v2\/pages\/962\/revisions"}],"wp:attachment":[{"href":"https:\/\/www.mierzeja-relax.pl\/mierzeja\/wp-json\/wp\/v2\/media?parent=962"}],"curies":[{"name":"wp","href":"https:\/\/api.w.org\/{rel}","templated":true}]}}