{"id":971,"date":"2019-10-26T20:54:30","date_gmt":"2019-10-26T18:54:30","guid":{"rendered":"http:\/\/www.mierzeja-relax.pl\/mierzeja\/?page_id=971"},"modified":"2026-03-29T18:06:24","modified_gmt":"2026-03-29T16:06:24","slug":"wieczory","status":"publish","type":"page","link":"https:\/\/www.mierzeja-relax.pl\/mierzeja\/wieczory\/","title":{"rendered":"Wieczory panie\u0144skie"},"content":{"rendered":"<div class=\"wpb-content-wrapper\"><p>[vc_row][vc_column][vc_single_image image=&#8221;972&#8243; img_size=&#8221;full&#8221; alignment=&#8221;center&#8221;][vc_column_text css=&#8221;&#8221;]<\/p>\n<p style=\"text-align: center;\"><strong>O\u015aRODEK WYPOCZYNKOWY<\/strong><\/p>\n<p style=\"text-align: center;\"><strong>MIERZEJA W SZTUTOWIE<\/strong><\/p>\n<p style=\"text-align: center;\"><em><strong>Zaprasza na<\/strong><\/em><\/p>\n<p style=\"text-align: center;\"><em><strong>NIEZAPOMNIANY WIECZ\u00d3R PANIE\u0143SKI<\/strong><\/em><\/p>\n<p><strong>Do dyspozycji Go\u015bci :<\/strong><\/p>\n<ul>\n<li>Domki De Lux z kominkami.<\/li>\n<li>Sala taneczna z karaoke.<\/li>\n<li>Wiata grillowa na ka\u017cd\u0105 pogod\u0119, ognisko.<\/li>\n<li>W cenie pobytu korzystanie z infrastruktury obiektu.<\/li>\n<\/ul>\n<p><strong>Dla naszych Go\u015bci oferujemy:<\/strong><\/p>\n<p>Gor\u0105ce napoje :<\/p>\n<ul>\n<li>kawa z ekspresu \/ 7 z\u0142.<\/li>\n<li>herbata \/ 7 z\u0142.<\/li>\n<li>Ciasta domowego wypieku:<\/li>\n<li>sernik \u2013 porcja \u2013 7z\u0142.<\/li>\n<li>szarlotka \u2013 porcja \u2013 7 z\u0142.<\/li>\n<li>Mo\u017cliwo\u015b\u0107 zam\u00f3wienia wyrob\u00f3w cukierniczych domowego wypieku<\/li>\n<li>\/ tort, sernik, szarlotka \/<\/li>\n<\/ul>\n<p><strong>Koszt pobytu :\u00a0 80z\u0142.\/os\/doba<\/strong><\/p>\n<p>Dodatkowe op\u0142aty:<\/p>\n<ul>\n<li>drewno do komink\u00f3w 40 z\u0142.\/doba<\/li>\n<li>energia elektryczna wed\u0142ug wskaza\u0144 licznika 2,10 kWh<\/li>\n<\/ul>\n<p><strong>Oferta obejmuje miesi\u0105ce\u00a0 :<\/strong><\/p>\n<p><strong>\u00a0kwiecie\u0144, maj , czerwiec do wakacji , wrzesie\u0144,\u00a0\u00a0 pa\u017adziernik\u00a0<\/strong>[\/vc_column_text][\/vc_column][\/vc_row]<\/p>\n<\/div>","protected":false},"excerpt":{"rendered":"<p>[vc_row][vc_column][vc_single_image image=&#8221;972&#8243; img_size=&#8221;full&#8221; alignment=&#8221;center&#8221;][vc_column_text css=&#8221;&#8221;] O\u015aRODEK WYPOCZYNKOWY MIERZEJA W SZTUTOWIE Zaprasza na NIEZAPOMNIANY WIECZ\u00d3R PANIE\u0143SKI Do dyspozycji Go\u015bci : Domki De Lux z kominkami. Sala taneczna z karaoke. Wiata grillowa na ka\u017cd\u0105 pogod\u0119, ognisko. W cenie pobytu korzystanie z infrastruktury obiektu. Dla naszych Go\u015bci oferujemy: Gor\u0105ce napoje : kawa z ekspresu \/ 7 z\u0142. herbata&hellip;<\/p>\n","protected":false},"author":1,"featured_media":0,"parent":0,"menu_order":0,"comment_status":"closed","ping_status":"closed","template":"","meta":{"footnotes":""},"class_list":["post-971","page","type-page","status-publish","hentry","description-off"],"yoast_head":"<!-- This site is optimized with the Yoast SEO plugin v27.2 - https:\/\/yoast.com\/product\/yoast-seo-wordpress\/ -->\n<title>Wieczory panie\u0144skie - OW MIERZEJA - DOMKI DREWNIANE SZTUTOWO<\/title>\n<meta name=\"description\" content=\"O\u015brodek wczasowy \u201eMIERZEJA\u201d, po\u0142o\u017cony w malowniczej okolicy na Mierzei Wi\u015blanej, to kameralne miejsce blisko morza, gdzie w os\u0142oni\u0119tym od wiatru wysokimi sosnami i starannie utrzymanym parku stoi 25 drewnianych domk\u00f3w kempingowych. O\u015brodek oferuje bogat\u0105 baz\u0119 sportowo rekreacyjn\u0105. Dla go\u015bci kort tenisowy , boisko do tenisa ziemnego , do tenisa sto\u0142owego \u015bciana do squosza, ma\u0142e boisko do koszyk\u00f3wki, plac zabaw dla dzieci, mini golf, og\u00f3lnodost\u0119pny grill, rowery, dost\u0119p do Internetu w domkach\" \/>\n<meta name=\"robots\" content=\"index, follow, max-snippet:-1, max-image-preview:large, max-video-preview:-1\" \/>\n<link rel=\"canonical\" href=\"https:\/\/www.mierzeja-relax.pl\/mierzeja\/wieczory\/\" \/>\n<meta property=\"og:locale\" content=\"pl_PL\" \/>\n<meta property=\"og:type\" content=\"article\" \/>\n<meta property=\"og:title\" content=\"Wieczory panie\u0144skie - OW MIERZEJA - DOMKI DREWNIANE SZTUTOWO\" \/>\n<meta property=\"og:description\" content=\"O\u015brodek wczasowy \u201eMIERZEJA\u201d, po\u0142o\u017cony w malowniczej okolicy na Mierzei Wi\u015blanej, to kameralne miejsce blisko morza, gdzie w os\u0142oni\u0119tym od wiatru wysokimi sosnami i starannie utrzymanym parku stoi 25 drewnianych domk\u00f3w kempingowych. O\u015brodek oferuje bogat\u0105 baz\u0119 sportowo rekreacyjn\u0105. Dla go\u015bci kort tenisowy , boisko do tenisa ziemnego , do tenisa sto\u0142owego \u015bciana do squosza, ma\u0142e boisko do koszyk\u00f3wki, plac zabaw dla dzieci, mini golf, og\u00f3lnodost\u0119pny grill, rowery, dost\u0119p do Internetu w domkach\" \/>\n<meta property=\"og:url\" content=\"https:\/\/www.mierzeja-relax.pl\/mierzeja\/wieczory\/\" \/>\n<meta property=\"og:site_name\" content=\"OW MIERZEJA - DOMKI DREWNIANE SZTUTOWO\" \/>\n<meta property=\"article:publisher\" content=\"https:\/\/www.facebook.com\/people\/OW-Mierzeja\/100063609998248\/?ref=embed_page\" \/>\n<meta property=\"article:modified_time\" content=\"2026-03-29T16:06:24+00:00\" \/>\n<meta name=\"twitter:card\" content=\"summary_large_image\" \/>\n<meta name=\"twitter:label1\" content=\"Szacowany czas czytania\" \/>\n\t<meta name=\"twitter:data1\" content=\"1 minuta\" \/>\n<script type=\"application\/ld+json\" class=\"yoast-schema-graph\">{\"@context\":\"https:\/\/schema.org\",\"@graph\":[{\"@type\":\"WebPage\",\"@id\":\"https:\/\/www.mierzeja-relax.pl\/mierzeja\/wieczory\/\",\"url\":\"https:\/\/www.mierzeja-relax.pl\/mierzeja\/wieczory\/\",\"name\":\"Wieczory panie\u0144skie - OW MIERZEJA - DOMKI DREWNIANE SZTUTOWO\",\"isPartOf\":{\"@id\":\"https:\/\/www.mierzeja-relax.pl\/mierzeja\/#website\"},\"datePublished\":\"2019-10-26T18:54:30+00:00\",\"dateModified\":\"2026-03-29T16:06:24+00:00\",\"description\":\"O\u015brodek wczasowy \u201eMIERZEJA\u201d, po\u0142o\u017cony w malowniczej okolicy na Mierzei Wi\u015blanej, to kameralne miejsce blisko morza, gdzie w os\u0142oni\u0119tym od wiatru wysokimi sosnami i starannie utrzymanym parku stoi 25 drewnianych domk\u00f3w kempingowych. O\u015brodek oferuje bogat\u0105 baz\u0119 sportowo rekreacyjn\u0105. Dla go\u015bci kort tenisowy , boisko do tenisa ziemnego , do tenisa sto\u0142owego \u015bciana do squosza, ma\u0142e boisko do koszyk\u00f3wki, plac zabaw dla dzieci, mini golf, og\u00f3lnodost\u0119pny grill, rowery, dost\u0119p do Internetu w domkach\",\"breadcrumb\":{\"@id\":\"https:\/\/www.mierzeja-relax.pl\/mierzeja\/wieczory\/#breadcrumb\"},\"inLanguage\":\"pl-PL\",\"potentialAction\":[{\"@type\":\"ReadAction\",\"target\":[\"https:\/\/www.mierzeja-relax.pl\/mierzeja\/wieczory\/\"]}]},{\"@type\":\"BreadcrumbList\",\"@id\":\"https:\/\/www.mierzeja-relax.pl\/mierzeja\/wieczory\/#breadcrumb\",\"itemListElement\":[{\"@type\":\"ListItem\",\"position\":1,\"name\":\"Strona g\u0142\u00f3wna\",\"item\":\"https:\/\/www.mierzeja-relax.pl\/mierzeja\/\"},{\"@type\":\"ListItem\",\"position\":2,\"name\":\"Wieczory panie\u0144skie\"}]},{\"@type\":\"WebSite\",\"@id\":\"https:\/\/www.mierzeja-relax.pl\/mierzeja\/#website\",\"url\":\"https:\/\/www.mierzeja-relax.pl\/mierzeja\/\",\"name\":\"OW MIERZEJA - DREWNIANE DOMKI NAD MORZEM SZTUTOWO\",\"description\":\"SZTUTOWO\",\"publisher\":{\"@id\":\"https:\/\/www.mierzeja-relax.pl\/mierzeja\/#organization\"},\"potentialAction\":[{\"@type\":\"SearchAction\",\"target\":{\"@type\":\"EntryPoint\",\"urlTemplate\":\"https:\/\/www.mierzeja-relax.pl\/mierzeja\/?s={search_term_string}\"},\"query-input\":{\"@type\":\"PropertyValueSpecification\",\"valueRequired\":true,\"valueName\":\"search_term_string\"}}],\"inLanguage\":\"pl-PL\"},{\"@type\":\"Organization\",\"@id\":\"https:\/\/www.mierzeja-relax.pl\/mierzeja\/#organization\",\"name\":\"OW MIERZEJA - DREWNIANE DOMKI NAD MORZEM SZTUTOWO\",\"url\":\"https:\/\/www.mierzeja-relax.pl\/mierzeja\/\",\"logo\":{\"@type\":\"ImageObject\",\"inLanguage\":\"pl-PL\",\"@id\":\"https:\/\/www.mierzeja-relax.pl\/mierzeja\/#\/schema\/logo\/image\/\",\"url\":\"https:\/\/www.mierzeja-relax.pl\/mierzeja\/wp-content\/uploads\/2015\/05\/LOGO-big11.png\",\"contentUrl\":\"https:\/\/www.mierzeja-relax.pl\/mierzeja\/wp-content\/uploads\/2015\/05\/LOGO-big11.png\",\"width\":120,\"height\":81,\"caption\":\"OW MIERZEJA - DREWNIANE DOMKI NAD MORZEM SZTUTOWO\"},\"image\":{\"@id\":\"https:\/\/www.mierzeja-relax.pl\/mierzeja\/#\/schema\/logo\/image\/\"},\"sameAs\":[\"https:\/\/www.facebook.com\/people\/OW-Mierzeja\/100063609998248\/?ref=embed_page\"]}]}<\/script>\n<!-- \/ Yoast SEO plugin. -->","yoast_head_json":{"title":"Wieczory panie\u0144skie - OW MIERZEJA - DOMKI DREWNIANE SZTUTOWO","description":"O\u015brodek wczasowy \u201eMIERZEJA\u201d, po\u0142o\u017cony w malowniczej okolicy na Mierzei Wi\u015blanej, to kameralne miejsce blisko morza, gdzie w os\u0142oni\u0119tym od wiatru wysokimi sosnami i starannie utrzymanym parku stoi 25 drewnianych domk\u00f3w kempingowych. O\u015brodek oferuje bogat\u0105 baz\u0119 sportowo rekreacyjn\u0105. Dla go\u015bci kort tenisowy , boisko do tenisa ziemnego , do tenisa sto\u0142owego \u015bciana do squosza, ma\u0142e boisko do koszyk\u00f3wki, plac zabaw dla dzieci, mini golf, og\u00f3lnodost\u0119pny grill, rowery, dost\u0119p do Internetu w domkach","robots":{"index":"index","follow":"follow","max-snippet":"max-snippet:-1","max-image-preview":"max-image-preview:large","max-video-preview":"max-video-preview:-1"},"canonical":"https:\/\/www.mierzeja-relax.pl\/mierzeja\/wieczory\/","og_locale":"pl_PL","og_type":"article","og_title":"Wieczory panie\u0144skie - OW MIERZEJA - DOMKI DREWNIANE SZTUTOWO","og_description":"O\u015brodek wczasowy \u201eMIERZEJA\u201d, po\u0142o\u017cony w malowniczej okolicy na Mierzei Wi\u015blanej, to kameralne miejsce blisko morza, gdzie w os\u0142oni\u0119tym od wiatru wysokimi sosnami i starannie utrzymanym parku stoi 25 drewnianych domk\u00f3w kempingowych. O\u015brodek oferuje bogat\u0105 baz\u0119 sportowo rekreacyjn\u0105. Dla go\u015bci kort tenisowy , boisko do tenisa ziemnego , do tenisa sto\u0142owego \u015bciana do squosza, ma\u0142e boisko do koszyk\u00f3wki, plac zabaw dla dzieci, mini golf, og\u00f3lnodost\u0119pny grill, rowery, dost\u0119p do Internetu w domkach","og_url":"https:\/\/www.mierzeja-relax.pl\/mierzeja\/wieczory\/","og_site_name":"OW MIERZEJA - DOMKI DREWNIANE SZTUTOWO","article_publisher":"https:\/\/www.facebook.com\/people\/OW-Mierzeja\/100063609998248\/?ref=embed_page","article_modified_time":"2026-03-29T16:06:24+00:00","twitter_card":"summary_large_image","twitter_misc":{"Szacowany czas czytania":"1 minuta"},"schema":{"@context":"https:\/\/schema.org","@graph":[{"@type":"WebPage","@id":"https:\/\/www.mierzeja-relax.pl\/mierzeja\/wieczory\/","url":"https:\/\/www.mierzeja-relax.pl\/mierzeja\/wieczory\/","name":"Wieczory panie\u0144skie - OW MIERZEJA - DOMKI DREWNIANE SZTUTOWO","isPartOf":{"@id":"https:\/\/www.mierzeja-relax.pl\/mierzeja\/#website"},"datePublished":"2019-10-26T18:54:30+00:00","dateModified":"2026-03-29T16:06:24+00:00","description":"O\u015brodek wczasowy \u201eMIERZEJA\u201d, po\u0142o\u017cony w malowniczej okolicy na Mierzei Wi\u015blanej, to kameralne miejsce blisko morza, gdzie w os\u0142oni\u0119tym od wiatru wysokimi sosnami i starannie utrzymanym parku stoi 25 drewnianych domk\u00f3w kempingowych. O\u015brodek oferuje bogat\u0105 baz\u0119 sportowo rekreacyjn\u0105. Dla go\u015bci kort tenisowy , boisko do tenisa ziemnego , do tenisa sto\u0142owego \u015bciana do squosza, ma\u0142e boisko do koszyk\u00f3wki, plac zabaw dla dzieci, mini golf, og\u00f3lnodost\u0119pny grill, rowery, dost\u0119p do Internetu w domkach","breadcrumb":{"@id":"https:\/\/www.mierzeja-relax.pl\/mierzeja\/wieczory\/#breadcrumb"},"inLanguage":"pl-PL","potentialAction":[{"@type":"ReadAction","target":["https:\/\/www.mierzeja-relax.pl\/mierzeja\/wieczory\/"]}]},{"@type":"BreadcrumbList","@id":"https:\/\/www.mierzeja-relax.pl\/mierzeja\/wieczory\/#breadcrumb","itemListElement":[{"@type":"ListItem","position":1,"name":"Strona g\u0142\u00f3wna","item":"https:\/\/www.mierzeja-relax.pl\/mierzeja\/"},{"@type":"ListItem","position":2,"name":"Wieczory panie\u0144skie"}]},{"@type":"WebSite","@id":"https:\/\/www.mierzeja-relax.pl\/mierzeja\/#website","url":"https:\/\/www.mierzeja-relax.pl\/mierzeja\/","name":"OW MIERZEJA - DREWNIANE DOMKI NAD MORZEM SZTUTOWO","description":"SZTUTOWO","publisher":{"@id":"https:\/\/www.mierzeja-relax.pl\/mierzeja\/#organization"},"potentialAction":[{"@type":"SearchAction","target":{"@type":"EntryPoint","urlTemplate":"https:\/\/www.mierzeja-relax.pl\/mierzeja\/?s={search_term_string}"},"query-input":{"@type":"PropertyValueSpecification","valueRequired":true,"valueName":"search_term_string"}}],"inLanguage":"pl-PL"},{"@type":"Organization","@id":"https:\/\/www.mierzeja-relax.pl\/mierzeja\/#organization","name":"OW MIERZEJA - DREWNIANE DOMKI NAD MORZEM SZTUTOWO","url":"https:\/\/www.mierzeja-relax.pl\/mierzeja\/","logo":{"@type":"ImageObject","inLanguage":"pl-PL","@id":"https:\/\/www.mierzeja-relax.pl\/mierzeja\/#\/schema\/logo\/image\/","url":"https:\/\/www.mierzeja-relax.pl\/mierzeja\/wp-content\/uploads\/2015\/05\/LOGO-big11.png","contentUrl":"https:\/\/www.mierzeja-relax.pl\/mierzeja\/wp-content\/uploads\/2015\/05\/LOGO-big11.png","width":120,"height":81,"caption":"OW MIERZEJA - DREWNIANE DOMKI NAD MORZEM SZTUTOWO"},"image":{"@id":"https:\/\/www.mierzeja-relax.pl\/mierzeja\/#\/schema\/logo\/image\/"},"sameAs":["https:\/\/www.facebook.com\/people\/OW-Mierzeja\/100063609998248\/?ref=embed_page"]}]}},"_links":{"self":[{"href":"https:\/\/www.mierzeja-relax.pl\/mierzeja\/wp-json\/wp\/v2\/pages\/971","targetHints":{"allow":["GET"]}}],"collection":[{"href":"https:\/\/www.mierzeja-relax.pl\/mierzeja\/wp-json\/wp\/v2\/pages"}],"about":[{"href":"https:\/\/www.mierzeja-relax.pl\/mierzeja\/wp-json\/wp\/v2\/types\/page"}],"author":[{"embeddable":true,"href":"https:\/\/www.mierzeja-relax.pl\/mierzeja\/wp-json\/wp\/v2\/users\/1"}],"replies":[{"embeddable":true,"href":"https:\/\/www.mierzeja-relax.pl\/mierzeja\/wp-json\/wp\/v2\/comments?post=971"}],"version-history":[{"count":2,"href":"https:\/\/www.mierzeja-relax.pl\/mierzeja\/wp-json\/wp\/v2\/pages\/971\/revisions"}],"predecessor-version":[{"id":1648,"href":"https:\/\/www.mierzeja-relax.pl\/mierzeja\/wp-json\/wp\/v2\/pages\/971\/revisions\/1648"}],"wp:attachment":[{"href":"https:\/\/www.mierzeja-relax.pl\/mierzeja\/wp-json\/wp\/v2\/media?parent=971"}],"curies":[{"name":"wp","href":"https:\/\/api.w.org\/{rel}","templated":true}]}}